
{"id":13240,"date":"2026-03-20T16:17:56","date_gmt":"2026-03-20T15:17:56","guid":{"rendered":"https:\/\/depros.it\/?page_id=13240"},"modified":"2026-04-23T15:19:54","modified_gmt":"2026-04-23T13:19:54","slug":"informacoes-tecnicas","status":"publish","type":"page","link":"https:\/\/depros.it\/pt-pt\/informacoes-tecnicas\/","title":{"rendered":"Informa\u00e7\u00f5es t\u00e9cnicas"},"content":{"rendered":"<p>[et_pb_section fb_built=&#8221;1&#8243; _builder_version=&#8221;4.18.0&#8243; _module_preset=&#8221;default&#8221; da_disable_devices=&#8221;off|off|off&#8221; global_colors_info=&#8221;{}&#8221; custom_padding=&#8221;56px|||||&#8221; da_is_popup=&#8221;off&#8221; da_exit_intent=&#8221;off&#8221; da_has_close=&#8221;on&#8221; da_alt_close=&#8221;off&#8221; da_dark_close=&#8221;off&#8221; da_not_modal=&#8221;on&#8221; da_is_singular=&#8221;off&#8221; da_with_loader=&#8221;off&#8221; da_has_shadow=&#8221;on&#8221;][et_pb_row _builder_version=&#8221;4.18.0&#8243; _module_preset=&#8221;default&#8221; custom_margin=&#8221;-34px|auto||auto||&#8221; custom_padding=&#8221;26px|||||&#8221; global_colors_info=&#8221;{}&#8221;][et_pb_column type=&#8221;4_4&#8243; _builder_version=&#8221;4.18.0&#8243; _module_preset=&#8221;default&#8221; global_colors_info=&#8221;{}&#8221;][et_pb_post_title meta=&#8221;off&#8221; featured_image=&#8221;off&#8221; admin_label=&#8221;Titolo del Post&#8221; _builder_version=&#8221;4.27.6&#8243; _module_preset=&#8221;default&#8221; title_font=&#8221;Poppins|800|||||||&#8221; title_font_size=&#8221;41px&#8221; text_orientation=&#8221;center&#8221; custom_margin=&#8221;||40px|||&#8221; locked=&#8221;off&#8221; global_colors_info=&#8221;{}&#8221;][\/et_pb_post_title][et_pb_blog fullwidth=&#8221;off&#8221; posts_number=&#8221;100&#8243; include_categories=&#8221;14&#8243; show_author=&#8221;off&#8221; show_date=&#8221;off&#8221; _builder_version=&#8221;4.27.6&#8243; _module_preset=&#8221;default&#8221; header_font=&#8221;Poppins|700|||||||&#8221; header_text_color=&#8221;gcid-0a9de6b2-9d03-4c1e-b803-fd4d902afdf4&#8243; body_font=&#8221;Poppins|300|||||||&#8221; meta_font=&#8221;Poppins||||||||&#8221; custom_margin=&#8221;||||false|false&#8221; custom_padding=&#8221;||||false|false&#8221; global_colors_info=&#8221;{%22gcid-0a9de6b2-9d03-4c1e-b803-fd4d902afdf4%22:%91%22header_text_color%22%93}&#8221;][\/et_pb_blog][\/et_pb_column][\/et_pb_row][\/et_pb_section]<\/p>\n","protected":false},"excerpt":{"rendered":"","protected":false},"author":1,"featured_media":0,"parent":0,"menu_order":0,"comment_status":"closed","ping_status":"closed","template":"","meta":{"_et_pb_use_builder":"on","_et_pb_old_content":"","_et_gb_content_width":"","footnotes":""},"class_list":["post-13240","page","type-page","status-publish","hentry"],"_links":{"self":[{"href":"https:\/\/depros.it\/pt-pt\/wp-json\/wp\/v2\/pages\/13240","targetHints":{"allow":["GET"]}}],"collection":[{"href":"https:\/\/depros.it\/pt-pt\/wp-json\/wp\/v2\/pages"}],"about":[{"href":"https:\/\/depros.it\/pt-pt\/wp-json\/wp\/v2\/types\/page"}],"author":[{"embeddable":true,"href":"https:\/\/depros.it\/pt-pt\/wp-json\/wp\/v2\/users\/1"}],"replies":[{"embeddable":true,"href":"https:\/\/depros.it\/pt-pt\/wp-json\/wp\/v2\/comments?post=13240"}],"version-history":[{"count":11,"href":"https:\/\/depros.it\/pt-pt\/wp-json\/wp\/v2\/pages\/13240\/revisions"}],"predecessor-version":[{"id":16679,"href":"https:\/\/depros.it\/pt-pt\/wp-json\/wp\/v2\/pages\/13240\/revisions\/16679"}],"wp:attachment":[{"href":"https:\/\/depros.it\/pt-pt\/wp-json\/wp\/v2\/media?parent=13240"}],"curies":[{"name":"wp","href":"https:\/\/api.w.org\/{rel}","templated":true}]}}