
{"id":10587,"date":"2025-09-25T08:20:36","date_gmt":"2025-09-25T06:20:36","guid":{"rendered":"https:\/\/depros.it\/politica-de-privacidade-da-depros-e-condicoes-de-venda\/"},"modified":"2026-03-30T10:20:12","modified_gmt":"2026-03-30T08:20:12","slug":"politica-de-privacidade-da-depros-e-condicoes-de-venda","status":"publish","type":"page","link":"https:\/\/depros.it\/pt-pt\/politica-de-privacidade-da-depros-e-condicoes-de-venda\/","title":{"rendered":"Pol\u00edtica de Privacidade e Condi\u00e7\u00f5es de Venda"},"content":{"rendered":"<p>[et_pb_section fb_built=&#8221;1&#8243; _builder_version=&#8221;4.16&#8243; da_disable_devices=&#8221;off|off|off&#8221; global_colors_info=&#8221;{}&#8221; da_is_popup=&#8221;off&#8221; da_exit_intent=&#8221;off&#8221; da_has_close=&#8221;on&#8221; da_alt_close=&#8221;off&#8221; da_dark_close=&#8221;off&#8221; da_not_modal=&#8221;on&#8221; da_is_singular=&#8221;off&#8221; da_with_loader=&#8221;off&#8221; da_has_shadow=&#8221;on&#8221;][et_pb_row _builder_version=&#8221;4.16&#8243; background_size=&#8221;initial&#8221; background_position=&#8221;top_left&#8221; background_repeat=&#8221;repeat&#8221; global_colors_info=&#8221;{}&#8221;][et_pb_column type=&#8221;4_4&#8243; _builder_version=&#8221;4.16&#8243; custom_padding=&#8221;|||&#8221; global_colors_info=&#8221;{}&#8221; custom_padding__hover=&#8221;|||&#8221;][et_pb_text _builder_version=&#8221;4.27.6&#8243; _module_preset=&#8221;default&#8221; text_font=&#8221;Poppins||||||||&#8221; custom_margin=&#8221;||-2px|||&#8221; global_colors_info=&#8221;{}&#8221;]<\/p>\n<h2>CONDI\u00c7\u00d5ES DE VENDA<\/h2>\n<p>[\/et_pb_text][et_pb_text _builder_version=&#8221;4.27.6&#8243; text_font=&#8221;Poppins|300|||||||&#8221; custom_margin=&#8221;||8px|||&#8221; global_colors_info=&#8221;{}&#8221;]<\/p>\n<ol>\n<li>A mercadoria viaja por conta e risco do cliente, mesmo que vendida franco destinat\u00e1rio.<\/li>\n<li>As reclama\u00e7\u00f5es devem ser apresentadas no prazo de 8 dias ap\u00f3s a entrega da mercadoria e em nenhum caso e por nenhuma raz\u00e3o poder\u00e3o suspender ou atrasar os pagamentos, que dever\u00e3o, apesar de qualquer contesta\u00e7\u00e3o, ser efetuados da forma e nos prazos j\u00e1 estabelecidos.<\/li>\n<li>Os prazos de entrega acordados devem ser sempre entendidos como aproximados; eventuais atrasos causados por for\u00e7a maior n\u00e3o d\u00e3o direito a pedir indemniza\u00e7\u00f5es por danos.<\/li>\n<li>Os pagamentos devem ser efetuados exclusivamente na nossa sede.<\/li>\n<li>Eventuais renova\u00e7\u00f5es de efeitos n\u00e3o constituem nova\u00e7\u00e3o de contrato; ultrapassado o prazo de pagamento acordado, come\u00e7ar\u00e3o a correr juros de mora.<\/li>\n<li>N\u00e3o s\u00e3o reconhecidos os pagamentos feitos a pessoas que n\u00e3o possuam a nossa procura\u00e7\u00e3o regular.<\/li>\n<li>Para qualquer lit\u00edgio \u00e9 competente o tribunal de Nocera Inferiore.<br \/>\nATEN\u00c7\u00c3O: Verifique o cabe\u00e7alho exato da fatura e o n\u00famero de IVA \u2013 em caso de erro, comunique-o rapidamente; caso contr\u00e1rio, n\u00e3o nos consideraremos obrigados solidariamente, conforme previsto no art. 41 D.P.R. 633\/72. Em caso de mercadoria defeituosa, ser\u00e1 o fabricante quem decidir\u00e1, e ser\u00e1 reembolsado o pre\u00e7o de compra equivalente e n\u00e3o eventuais danos consequentes. NOTA: Todos os transportes relativos a quest\u00f5es de garantia s\u00e3o sempre da responsabilidade do comprador, salvo indica\u00e7\u00e3o em contr\u00e1rio da nossa parte.<\/li>\n<\/ol>\n<p>[\/et_pb_text][et_pb_text _builder_version=&#8221;4.27.6&#8243; _module_preset=&#8221;default&#8221; text_font=&#8221;Poppins||||||||&#8221; custom_margin=&#8221;||3px|||&#8221; global_colors_info=&#8221;{}&#8221;]<\/p>\n<h2>POL\u00cdTICA DE PRIVACIDADE<\/h2>\n<p>[\/et_pb_text][et_pb_text _builder_version=&#8221;4.27.6&#8243; _module_preset=&#8221;default&#8221; text_font=&#8221;Poppins|300|||||||&#8221; custom_margin=&#8221;||22px|||&#8221; global_colors_info=&#8221;{}&#8221;]INFORMA\u00c7\u00c3O AO ABRIGO DO ART. 13 DLGS. 196\/2003<br \/>\nInformamos os utilizadores deste site que o DLgs n.\u00ba 196 de 30 de junho de 2003 \u2013 C\u00f3digo em mat\u00e9ria de prote\u00e7\u00e3o de dados pessoais \u2013 prev\u00ea a prote\u00e7\u00e3o das pessoas e de outros sujeitos relativamente ao tratamento de dados pessoais (recebidos, por exemplo, via e-mail ou formul\u00e1rios de registo).<br \/>\nDe acordo com a legisla\u00e7\u00e3o indicada, o tratamento ser\u00e1 realizado segundo princ\u00edpios de corre\u00e7\u00e3o, licitude, transpar\u00eancia e de prote\u00e7\u00e3o da sua privacidade e dos seus direitos.<br \/>\nNos termos do artigo 13 do DLgs n.\u00ba 196\/2003, fornecemos as seguintes informa\u00e7\u00f5es:<\/p>\n<ul>\n<li>Os dados fornecidos ser\u00e3o tratados para o registo do seu contacto, para eventualmente ser novamente contactado, para a presta\u00e7\u00e3o de servi\u00e7os onde \u00e9 previsto o preenchimento de um formul\u00e1rio de \u201cContacto\u201d, quando ativado automaticamente;<\/li>\n<li>O tratamento ser\u00e1 realizado por meios informatizados;<\/li>\n<li>A comunica\u00e7\u00e3o dos dados \u00e9 facultativa; no entanto, a n\u00e3o presta\u00e7\u00e3o, mesmo parcial, dos dados solicitados nos campos marcados como \u201cobrigat\u00f3rios\u201d (marcados com *), determinar\u00e1 a impossibilidade de fornecer o servi\u00e7o;<\/li>\n<li>Os dados n\u00e3o ser\u00e3o comunicados a outros sujeitos, salvo por obriga\u00e7\u00e3o legal, e em nenhum caso ser\u00e3o divulgados;<\/li>\n<li>O respons\u00e1vel pelo tratamento \u00e9: DEPROS SRL;<\/li>\n<li>O encarregado do tratamento \u00e9 o RL da DEPROS SRL;<\/li>\n<li>A qualquer momento \u00e9 poss\u00edvel exercer os pr\u00f3prios direitos perante o respons\u00e1vel pelo tratamento, nos termos do art. 7 do D.Lgs. 196\/2003.<\/li>\n<\/ul>\n<p>Dar o consentimento significa confirmar que foi corretamente informado sobre:<\/p>\n<ul>\n<li>objeto da informa\u00e7\u00e3o,<\/li>\n<li>as finalidades do tratamento dos dados,<\/li>\n<li>as modalidades do tratamento dos dados,<\/li>\n<li>a natureza da presta\u00e7\u00e3o,<\/li>\n<li>a eventual divulga\u00e7\u00e3o e comunica\u00e7\u00e3o dos dados,<\/li>\n<li>o nome do respons\u00e1vel pelo tratamento, e conhecer os direitos previstos no art. 7 do D.Lgs 196\/03.<\/li>\n<\/ul>\n<p>Quando solicitado pelo formul\u00e1rio de contacto autom\u00e1tico, para consentir o tratamento dos seus dados pessoais \u00e9 necess\u00e1rio marcar a confirma\u00e7\u00e3o correspondente.<br \/>\n[\/et_pb_text][et_pb_text _builder_version=&#8221;4.27.6&#8243; _module_preset=&#8221;default&#8221; text_font=&#8221;Poppins||||||||&#8221; custom_margin=&#8221;||-3px|||&#8221; hover_enabled=&#8221;0&#8243; global_colors_info=&#8221;{}&#8221; sticky_enabled=&#8221;0&#8243;]<\/p>\n<h2><strong>Pol\u00edtica de privacidade completa<\/strong><\/h2>\n<p>[\/et_pb_text][et_pb_text _builder_version=&#8221;4.27.6&#8243; _module_preset=&#8221;default&#8221; text_font=&#8221;Poppins|300|||||||&#8221; global_colors_info=&#8221;{}&#8221;]DEPROS SRL respeita a privacidade dos seus utilizadores e compromete-se a proteger os dados pessoais que estes fornecem. Em geral, o utilizador pode navegar no site sem fornecer qualquer informa\u00e7\u00e3o pessoal. A recolha e o tratamento de dados pessoais ocorrem quando necess\u00e1rio, em rela\u00e7\u00e3o \u00e0 execu\u00e7\u00e3o de servi\u00e7os solicitados pelo utilizador, ou quando o utilizador decide comunicar os seus dados pessoais; nestas circunst\u00e2ncias, esta pol\u00edtica de privacidade descreve os m\u00e9todos e caracter\u00edsticas de recolha e tratamento dos dados pessoais. DEPROS SRL trata os dados pessoais de acordo com a legisla\u00e7\u00e3o em vigor.<br \/>\n[\/et_pb_text][et_pb_text _builder_version=&#8221;4.27.6&#8243; _module_preset=&#8221;default&#8221; text_font=&#8221;Poppins||||||||&#8221; custom_margin=&#8221;||10px|||&#8221; hover_enabled=&#8221;0&#8243; global_colors_info=&#8221;{}&#8221; sticky_enabled=&#8221;0&#8243;]<\/p>\n<h4><strong>Recolha de Dados Pessoais<\/strong><\/h4>\n<p>[\/et_pb_text][et_pb_text _builder_version=&#8221;4.27.6&#8243; _module_preset=&#8221;default&#8221; text_font=&#8221;Poppins|300|||||||&#8221; custom_margin=&#8221;0px|||||&#8221; global_colors_info=&#8221;{}&#8221;]Dados pessoais significam qualquer informa\u00e7\u00e3o que possa ser usada para identificar um indiv\u00edduo, uma empresa ou outra entidade. Por exemplo, s\u00e3o recolhidos nome e apelido, endere\u00e7o de e-mail, endere\u00e7o postal ou outro contacto f\u00edsico, outras informa\u00e7\u00f5es necess\u00e1rias para contactar o utilizador, qualifica\u00e7\u00e3o, data de nascimento, g\u00e9nero, profiss\u00e3o, atividade comercial, interesses pessoais e outras informa\u00e7\u00f5es necess\u00e1rias para a presta\u00e7\u00e3o dos servi\u00e7os solicitados.<br \/>\n[\/et_pb_text][et_pb_text _builder_version=&#8221;4.27.6&#8243; _module_preset=&#8221;default&#8221; text_font=&#8221;Poppins||||||||&#8221; custom_margin=&#8221;||5px|||&#8221; hover_enabled=&#8221;0&#8243; global_colors_info=&#8221;{}&#8221; sticky_enabled=&#8221;0&#8243;]<\/p>\n<h4><strong>Datos de Navega\u00e7\u00e3o<\/strong><\/h4>\n<p>[\/et_pb_text][et_pb_text _builder_version=&#8221;4.27.6&#8243; _module_preset=&#8221;default&#8221; text_font=&#8221;Poppins|300|||||||&#8221; global_colors_info=&#8221;{}&#8221;]A navega\u00e7\u00e3o no site DEPROS.IT ocorre de forma an\u00f3nima, a menos que o utilizador esteja registado para usufruir de servi\u00e7os personalizados. DEPROS SRL n\u00e3o recolhe dados do utilizador automaticamente, incluindo o endere\u00e7o de e-mail. O site regista o endere\u00e7o IP do utilizador para fins estat\u00edsticos e para verificar o correto funcionamento do site, em conformidade com a legisla\u00e7\u00e3o em vigor. Os dados podem ser utilizados para apurar responsabilidades em caso de crimes inform\u00e1ticos. DEPROS SRL n\u00e3o associa o endere\u00e7o IP a outras informa\u00e7\u00f5es pessoais, exceto ap\u00f3s informar o utilizador e obter o seu consentimento, e apenas para utilizadores registados. O site pode utilizar \u201ccookies\u201d para recolher informa\u00e7\u00f5es sobre a utiliza\u00e7\u00e3o do site. Ver sec\u00e7\u00e3o \u201cCookies\u201d.<br \/>\n[\/et_pb_text][et_pb_text _builder_version=&#8221;4.27.6&#8243; _module_preset=&#8221;default&#8221; text_font=&#8221;Poppins||||||||&#8221; custom_margin=&#8221;||1px|||&#8221; hover_enabled=&#8221;0&#8243; global_colors_info=&#8221;{}&#8221; sticky_enabled=&#8221;0&#8243;]<\/p>\n<h4><strong>Dados Fornecidos Voluntariamente<\/strong><\/h4>\n<p>[\/et_pb_text][et_pb_text _builder_version=&#8221;4.27.6&#8243; _module_preset=&#8221;default&#8221; text_font=&#8221;Poppins|300|||||||&#8221; global_colors_info=&#8221;{}&#8221;]DEPROS SRL recolhe os dados pessoais aquando do registo do utilizador para atribuir um C\u00d3DIGO DE UTILIZADOR e uma palavra-passe, necess\u00e1rios para usufruir de determinados produtos ou servi\u00e7os. Alguns servi\u00e7os preveem o envio opcional e volunt\u00e1rio de e-mails, que implicam a aquisi\u00e7\u00e3o do endere\u00e7o do remetente e de outros dados pessoais fornecidos na mensagem.<br \/>\n[\/et_pb_text][et_pb_text _builder_version=&#8221;4.27.6&#8243; _module_preset=&#8221;default&#8221; text_font=&#8221;Poppins||||||||&#8221; custom_margin=&#8221;||7px|||&#8221; hover_enabled=&#8221;0&#8243; global_colors_info=&#8221;{}&#8221; sticky_enabled=&#8221;0&#8243;]<\/p>\n<h4><strong>Comunica\u00e7\u00e3o de Dados Pessoais<\/strong><\/h4>\n<p>[\/et_pb_text][et_pb_text _builder_version=&#8221;4.27.6&#8243; _module_preset=&#8221;default&#8221; text_font=&#8221;Poppins|300|||||||&#8221; global_colors_info=&#8221;{}&#8221;]Em caso de recolha de dados pessoais, DEPROS SRL informar\u00e1 o utilizador sobre as finalidades da recolha e, se necess\u00e1rio, solicitar\u00e1 o seu consentimento. Os dados podem ser comunicados apenas dentro da organiza\u00e7\u00e3o ou a terceiros estritamente necess\u00e1rios para a presta\u00e7\u00e3o do servi\u00e7o.<br \/>\n[\/et_pb_text][et_pb_text _builder_version=&#8221;4.27.6&#8243; _module_preset=&#8221;default&#8221; text_font=&#8221;Poppins||||||||&#8221; custom_margin=&#8221;||5px|||&#8221; hover_enabled=&#8221;0&#8243; global_colors_info=&#8221;{}&#8221; sticky_enabled=&#8221;0&#8243;]<\/p>\n<h4><strong>Cookies<\/strong><\/h4>\n<p>[\/et_pb_text][et_pb_text _builder_version=&#8221;4.27.6&#8243; _module_preset=&#8221;default&#8221; text_font=&#8221;Poppins|300|||||||&#8221; global_colors_info=&#8221;{}&#8221;]Um cookie \u00e9 um pequeno ficheiro de texto enviado para o computador do utilizador. Pode conter um identificador para controlar as p\u00e1ginas visitadas, mas as \u00fanicas informa\u00e7\u00f5es pessoais que pode conter s\u00e3o as fornecidas pelo utilizador. O utilizador pode desativar os cookies no seu navegador, mas isso pode limitar algumas funcionalidades.<br \/>\n[\/et_pb_text][et_pb_text _builder_version=&#8221;4.27.6&#8243; _module_preset=&#8221;default&#8221; text_font=&#8221;Poppins||||||||&#8221; custom_margin=&#8221;||16px|||&#8221; hover_enabled=&#8221;0&#8243; global_colors_info=&#8221;{}&#8221; sticky_enabled=&#8221;0&#8243;]<\/p>\n<h4><strong>Finalidade e Modalidade do Tratamento<\/strong><\/h4>\n<p>[\/et_pb_text][et_pb_text _builder_version=&#8221;4.27.6&#8243; _module_preset=&#8221;default&#8221; text_font=&#8221;Poppins|300|||||||&#8221; global_colors_info=&#8221;{}&#8221;]Os dados s\u00e3o tratados para: satisfazer pedidos espec\u00edficos de produtos ou servi\u00e7os, personalizar a visita do utilizador ao site, e mant\u00ea-lo atualizado sobre novidades. O tratamento \u00e9 efetuado em conformidade com a legisla\u00e7\u00e3o vigente.<br \/>\n[\/et_pb_text][et_pb_text _builder_version=&#8221;4.27.6&#8243; _module_preset=&#8221;default&#8221; text_font=&#8221;Poppins||||||||&#8221; custom_margin=&#8221;||9px|||&#8221; hover_enabled=&#8221;0&#8243; global_colors_info=&#8221;{}&#8221; sticky_enabled=&#8221;0&#8243;]<\/p>\n<h4><strong>\u00c2mbito de Comunica\u00e7\u00e3o e Divulga\u00e7\u00e3o<\/strong><\/h4>\n<p>[\/et_pb_text][et_pb_text _builder_version=&#8221;4.27.6&#8243; _module_preset=&#8221;default&#8221; text_font=&#8221;Poppins|300|||||||&#8221; global_colors_info=&#8221;{}&#8221;]Os dados n\u00e3o s\u00e3o comunicados externamente sem consentimento, salvo quando necess\u00e1rio para a presta\u00e7\u00e3o do servi\u00e7o ou por obriga\u00e7\u00e3o legal.<br \/>\n[\/et_pb_text][et_pb_text _builder_version=&#8221;4.27.6&#8243; _module_preset=&#8221;default&#8221; text_font=&#8221;Poppins||||||||&#8221; custom_margin=&#8221;||9px|||&#8221; hover_enabled=&#8221;0&#8243; global_colors_info=&#8221;{}&#8221; sticky_enabled=&#8221;0&#8243;]<\/p>\n<h4><strong>Conta de Utilizador<\/strong><\/h4>\n<p>[\/et_pb_text][et_pb_text _builder_version=&#8221;4.27.6&#8243; _module_preset=&#8221;default&#8221; text_font=&#8221;Poppins|300|||||||&#8221; global_colors_info=&#8221;{}&#8221;]Um utilizador registado pode solicitar a elimina\u00e7\u00e3o da sua conta ou dos seus dados enviando um e-mail ao webmaster.<br \/>\n[\/et_pb_text][et_pb_text _builder_version=&#8221;4.27.6&#8243; _module_preset=&#8221;default&#8221; text_font=&#8221;Poppins||||||||&#8221; custom_margin=&#8221;||7px|||&#8221; hover_enabled=&#8221;0&#8243; global_colors_info=&#8221;{}&#8221; sticky_enabled=&#8221;0&#8243;]<\/p>\n<h4><strong>Seguran\u00e7a dos Dados<\/strong><\/h4>\n<p>[\/et_pb_text][et_pb_text _builder_version=&#8221;4.27.6&#8243; _module_preset=&#8221;default&#8221; text_font=&#8221;Poppins|300|||||||&#8221; global_colors_info=&#8221;{}&#8221;]As informa\u00e7\u00f5es s\u00e3o protegidas por palavra-passe. DEPROS SRL adota todas as medidas de seguran\u00e7a f\u00edsicas, eletr\u00f3nicas e organizacionais exigidas por lei.<br \/>\n[\/et_pb_text][et_pb_text _builder_version=&#8221;4.27.6&#8243; _module_preset=&#8221;default&#8221; text_font=&#8221;Poppins||||||||&#8221; custom_margin=&#8221;||12px|||&#8221; hover_enabled=&#8221;0&#8243; global_colors_info=&#8221;{}&#8221; sticky_enabled=&#8221;0&#8243;]<\/p>\n<h4><strong>Menores e Privacidade<\/strong><\/h4>\n<p>[\/et_pb_text][et_pb_text _builder_version=&#8221;4.27.6&#8243; _module_preset=&#8221;default&#8221; text_font=&#8221;Poppins|300|||||||&#8221; global_colors_info=&#8221;{}&#8221;]O site tamb\u00e9m \u00e9 destinado a menores de 18 anos, uma vez que apresenta conte\u00fados institucionais.<br \/>\n[\/et_pb_text][et_pb_text _builder_version=&#8221;4.27.6&#8243; _module_preset=&#8221;default&#8221; text_font=&#8221;Poppins|300|||||||&#8221; custom_margin=&#8221;||9px|||&#8221; hover_enabled=&#8221;0&#8243; global_colors_info=&#8221;{}&#8221; sticky_enabled=&#8221;0&#8243;]<\/p>\n<h4><strong>Sites de Terceiros<\/strong><\/h4>\n<p>[\/et_pb_text][et_pb_text _builder_version=&#8221;4.27.6&#8243; _module_preset=&#8221;default&#8221; text_font=&#8221;Poppins|300|||||||&#8221; global_colors_info=&#8221;{}&#8221;]O site cont\u00e9m links para outros sites. DEPROS SRL n\u00e3o \u00e9 respons\u00e1vel pelas pr\u00e1ticas de privacidade desses sites e recomenda que o utilizador leia as suas pol\u00edticas.<br \/>\n[\/et_pb_text][et_pb_text _builder_version=&#8221;4.27.6&#8243; _module_preset=&#8221;default&#8221; custom_margin=&#8221;||8px|||&#8221; hover_enabled=&#8221;0&#8243; global_colors_info=&#8221;{}&#8221; text_font=&#8221;Poppins||||||||&#8221; sticky_enabled=&#8221;0&#8243;]<\/p>\n<h4><strong>Altera\u00e7\u00f5es \u00e0 Pol\u00edtica<\/strong><\/h4>\n<p>[\/et_pb_text][et_pb_text _builder_version=&#8221;4.27.6&#8243; _module_preset=&#8221;default&#8221; text_font=&#8221;Poppins|300|||||||&#8221; global_colors_info=&#8221;{}&#8221;]Em caso de altera\u00e7\u00f5es substanciais na forma de tratamento dos dados pessoais, esta p\u00e1gina ser\u00e1 atualizada.<br \/>\n[\/et_pb_text][\/et_pb_column][\/et_pb_row][\/et_pb_section]<\/p>\n","protected":false},"excerpt":{"rendered":"<p>CONDI\u00c7\u00d5ES DE VENDA A mercadoria viaja por conta e risco do cliente, mesmo que vendida franco destinat\u00e1rio. As reclama\u00e7\u00f5es devem ser apresentadas no prazo de 8 dias ap\u00f3s a entrega da mercadoria e em nenhum caso e por nenhuma raz\u00e3o poder\u00e3o suspender ou atrasar os pagamentos, que dever\u00e3o, apesar de qualquer contesta\u00e7\u00e3o, ser efetuados da [&hellip;]<\/p>\n","protected":false},"author":1,"featured_media":0,"parent":0,"menu_order":0,"comment_status":"closed","ping_status":"closed","template":"","meta":{"_et_pb_use_builder":"on","_et_pb_old_content":"","_et_gb_content_width":"","footnotes":""},"class_list":["post-10587","page","type-page","status-publish","hentry"],"_links":{"self":[{"href":"https:\/\/depros.it\/pt-pt\/wp-json\/wp\/v2\/pages\/10587","targetHints":{"allow":["GET"]}}],"collection":[{"href":"https:\/\/depros.it\/pt-pt\/wp-json\/wp\/v2\/pages"}],"about":[{"href":"https:\/\/depros.it\/pt-pt\/wp-json\/wp\/v2\/types\/page"}],"author":[{"embeddable":true,"href":"https:\/\/depros.it\/pt-pt\/wp-json\/wp\/v2\/users\/1"}],"replies":[{"embeddable":true,"href":"https:\/\/depros.it\/pt-pt\/wp-json\/wp\/v2\/comments?post=10587"}],"version-history":[{"count":5,"href":"https:\/\/depros.it\/pt-pt\/wp-json\/wp\/v2\/pages\/10587\/revisions"}],"predecessor-version":[{"id":14864,"href":"https:\/\/depros.it\/pt-pt\/wp-json\/wp\/v2\/pages\/10587\/revisions\/14864"}],"wp:attachment":[{"href":"https:\/\/depros.it\/pt-pt\/wp-json\/wp\/v2\/media?parent=10587"}],"curies":[{"name":"wp","href":"https:\/\/api.w.org\/{rel}","templated":true}]}}