
{"id":10481,"date":"2018-05-02T13:08:20","date_gmt":"2018-05-02T11:08:20","guid":{"rendered":"https:\/\/depros.it\/quem-somos\/"},"modified":"2026-04-23T15:20:41","modified_gmt":"2026-04-23T13:20:41","slug":"empresa","status":"publish","type":"page","link":"https:\/\/depros.it\/pt-pt\/empresa\/","title":{"rendered":"Empresa"},"content":{"rendered":"<p>[et_pb_section fb_built=&#8221;1&#8243; fullwidth=&#8221;on&#8221; _builder_version=&#8221;4.18.0&#8243; da_disable_devices=&#8221;off|off|off&#8221; global_colors_info=&#8221;{}&#8221; da_is_popup=&#8221;off&#8221; da_exit_intent=&#8221;off&#8221; da_has_close=&#8221;on&#8221; da_alt_close=&#8221;off&#8221; da_dark_close=&#8221;off&#8221; da_not_modal=&#8221;on&#8221; da_is_singular=&#8221;off&#8221; da_with_loader=&#8221;off&#8221; da_has_shadow=&#8221;on&#8221;][et_pb_fullwidth_header title=&#8221;@ET-DC@eyJkeW5hbWljIjp0cnVlLCJjb250ZW50IjoicG9zdF90aXRsZSIsInNldHRpbmdzIjp7ImJlZm9yZSI6IiIsImFmdGVyIjoiIiwiZW5hYmxlX2h0bWwiOiJvZmYifX0=@&#8221; text_orientation=&#8221;center&#8221; background_overlay_color=&#8221;RGBA(255,255,255,0)&#8221; admin_label=&#8221;Intestazione a Larghezza Piena&#8221; _builder_version=&#8221;4.18.0&#8243; _dynamic_attributes=&#8221;title&#8221; title_font=&#8221;Poppins||||||||&#8221; title_text_align=&#8221;center&#8221; title_text_color=&#8221;#ffffff&#8221; title_font_size=&#8221;41px&#8221; content_font=&#8221;|600|||||||&#8221; content_text_color=&#8221;#ffffff&#8221; subhead_text_color=&#8221;#ffffff&#8221; background_enable_color=&#8221;off&#8221; background_image=&#8221;https:\/\/depros.it\/wp-content\/uploads\/2026\/03\/BANNER-X-PAGINE-SITO-1.png&#8221; background_blend=&#8221;color-burn&#8221; border_color_all=&#8221;#49C4F9&#8243; border_width_bottom=&#8221;5px&#8221; global_colors_info=&#8221;{}&#8221; button_one_text_size__hover_enabled=&#8221;off&#8221; button_two_text_size__hover_enabled=&#8221;off&#8221; button_one_text_color__hover_enabled=&#8221;off&#8221; button_two_text_color__hover_enabled=&#8221;off&#8221; button_one_border_width__hover_enabled=&#8221;off&#8221; button_two_border_width__hover_enabled=&#8221;off&#8221; button_one_border_color__hover_enabled=&#8221;off&#8221; button_two_border_color__hover_enabled=&#8221;off&#8221; button_one_border_radius__hover_enabled=&#8221;off&#8221; button_two_border_radius__hover_enabled=&#8221;off&#8221; button_one_letter_spacing__hover_enabled=&#8221;off&#8221; button_two_letter_spacing__hover_enabled=&#8221;off&#8221; button_one_bg_color__hover_enabled=&#8221;off&#8221; button_two_bg_color__hover_enabled=&#8221;off&#8221;][\/et_pb_fullwidth_header][\/et_pb_section][et_pb_section fb_built=&#8221;1&#8243; _builder_version=&#8221;4.18.0&#8243; custom_margin=&#8221;|||&#8221; custom_padding=&#8221;0px||30px||false|false&#8221; da_disable_devices=&#8221;off|off|off&#8221; global_colors_info=&#8221;{}&#8221; da_is_popup=&#8221;off&#8221; da_exit_intent=&#8221;off&#8221; da_has_close=&#8221;on&#8221; da_alt_close=&#8221;off&#8221; da_dark_close=&#8221;off&#8221; da_not_modal=&#8221;on&#8221; da_is_singular=&#8221;off&#8221; da_with_loader=&#8221;off&#8221; da_has_shadow=&#8221;on&#8221;][et_pb_row _builder_version=&#8221;4.18.0&#8243; _module_preset=&#8221;default&#8221; custom_padding=&#8221;44px||21px|||&#8221; global_colors_info=&#8221;{}&#8221;][et_pb_column type=&#8221;4_4&#8243; _builder_version=&#8221;4.18.0&#8243; _module_preset=&#8221;default&#8221; global_colors_info=&#8221;{}&#8221;][et_pb_text _builder_version=&#8221;4.18.0&#8243; _module_preset=&#8221;default&#8221; text_font=&#8221;Poppins|300|||||||&#8221; global_colors_info=&#8221;{}&#8221;]<\/p>\n<p>Fundada em 1980, a <strong>DEPROS S.r.l.<\/strong> \u00e9 uma empresa l\u00edder no setor de pe\u00e7as de substitui\u00e7\u00e3o recondicionadas. H\u00e1 mais de quarenta anos que atuamos com um objetivo claro: oferecer aos especialistas solu\u00e7\u00f5es fi\u00e1veis, certificadas e verdadeiramente competitivas. <\/p>\n<p>A nossa experi\u00eancia, aliada a rigorosos processos de produ\u00e7\u00e3o e controlos de qualidade, permite-nos garantir elevados padr\u00f5es e um desempenho consistente. Cada componente \u00e9 fabricado, montado e testado internamente para assegurar qualidade, seguran\u00e7a e durabilidade. <\/p>\n<p>[\/et_pb_text][\/et_pb_column][\/et_pb_row][et_pb_row column_structure=&#8221;1_3,1_3,1_3&#8243; _builder_version=&#8221;4.18.0&#8243; background_size=&#8221;initial&#8221; background_position=&#8221;top_left&#8221; background_repeat=&#8221;repeat&#8221; custom_padding=&#8221;||58px|4px||&#8221; locked=&#8221;off&#8221; global_colors_info=&#8221;{}&#8221;][et_pb_column type=&#8221;1_3&#8243; _builder_version=&#8221;4.18.0&#8243; custom_padding=&#8221;20px|20px||20px|false|false&#8221; border_width_top=&#8221;3px&#8221; border_color_top=&#8221;gcid-78580d7f-98e0-4ead-ab9d-862217e7e700&#8243; border_color_left=&#8221;gcid-78580d7f-98e0-4ead-ab9d-862217e7e700&#8243; global_colors_info=&#8221;{%22gcid-78580d7f-98e0-4ead-ab9d-862217e7e700%22:%91%22border_color_left%22,%22border_color_top%22%93}&#8221; custom_padding__hover=&#8221;|||&#8221;][et_pb_text admin_label=&#8221;Titolo Core Assy&#8221; _builder_version=&#8221;4.18.0&#8243; text_font=&#8221;Poppins||||||||&#8221; header_2_text_align=&#8221;center&#8221; custom_margin=&#8221;||20px||false|false&#8221; custom_padding=&#8221;||||false|false&#8221; border_color_top=&#8221;gcid-78580d7f-98e0-4ead-ab9d-862217e7e700&#8243; global_colors_info=&#8221;{%22gcid-78580d7f-98e0-4ead-ab9d-862217e7e700%22:%91%22border_color_top%22%93}&#8221;]<\/p>\n<h2>Suporte Especializado<\/h2>\n<p>[\/et_pb_text][et_pb_image src=&#8221;https:\/\/depros.it\/wp-content\/uploads\/2026\/03\/supporto-allo-specialista.png&#8221; alt=&#8221;Suporte Especializado&#8221; title_text=&#8221;Suporte Especializado&#8221; align=&#8221;center&#8221; align_tablet=&#8221;center&#8221; align_phone=&#8221;center&#8221; align_last_edited=&#8221;on|desktop&#8221; _builder_version=&#8221;4.27.6&#8243; module_alignment=&#8221;center&#8221; custom_margin=&#8221;||20px||false|false&#8221; box_shadow_style=&#8221;preset1&#8243; box_shadow_blur=&#8221;10px&#8221; box_shadow_spread=&#8221;-2px&#8221; global_colors_info=&#8221;{}&#8221;][\/et_pb_image][et_pb_text _builder_version=&#8221;4.18.0&#8243; text_font=&#8221;Poppins|300|||||||&#8221; text_font_size=&#8221;15px&#8221; header_2_text_align=&#8221;left&#8221; header_2_font_size=&#8221;18px&#8221; text_orientation=&#8221;justified&#8221; global_colors_info=&#8221;{}&#8221;]<\/p>\n<p style=\"text-align: left;\"><span>Apoiamos os profissionais do setor em<\/span> <strong>todas as etapas<\/strong>: <span>desde o pedido de or\u00e7amento at\u00e9 \u00e0 entrega, incluindo o apoio t\u00e9cnico p\u00f3s-venda. A nossa equipa qualificada oferece consultoria t\u00e9cnica, informa\u00e7\u00e3o detalhada e assist\u00eancia na instala\u00e7\u00e3o, garantindo solu\u00e7\u00f5es r\u00e1pidas, abrangentes e econ\u00f3micas para o trabalho di\u00e1rio dos especialistas.<\/span><\/p>\n<p>[\/et_pb_text][\/et_pb_column][et_pb_column type=&#8221;1_3&#8243; _builder_version=&#8221;4.18.0&#8243; custom_padding=&#8221;20px|20px||20px|false|false&#8221; border_width_top=&#8221;3px&#8221; border_color_top=&#8221;gcid-78580d7f-98e0-4ead-ab9d-862217e7e700&#8243; border_color_left=&#8221;gcid-78580d7f-98e0-4ead-ab9d-862217e7e700&#8243; global_colors_info=&#8221;{%22gcid-78580d7f-98e0-4ead-ab9d-862217e7e700%22:%91%22border_color_left%22,%22border_color_top%22%93}&#8221; custom_padding__hover=&#8221;|||&#8221;][et_pb_text admin_label=&#8221;Titolo Core Assy&#8221; _builder_version=&#8221;4.18.0&#8243; text_font=&#8221;Poppins||||||||&#8221; header_2_text_align=&#8221;center&#8221; custom_margin=&#8221;||20px||false|false&#8221; custom_padding=&#8221;||||false|false&#8221; border_color_top=&#8221;gcid-78580d7f-98e0-4ead-ab9d-862217e7e700&#8243; global_colors_info=&#8221;{%22gcid-78580d7f-98e0-4ead-ab9d-862217e7e700%22:%91%22border_color_top%22%93}&#8221;]<\/p>\n<h2>Qualidade e Valor<\/h2>\n<p>[\/et_pb_text][et_pb_image src=&#8221;https:\/\/depros.it\/wp-content\/uploads\/2026\/03\/Qualita-e-valore.png&#8221; alt=&#8221;Qualidade e Valor&#8221; title_text=&#8221;Qualidade e Valor&#8221; align=&#8221;center&#8221; align_tablet=&#8221;center&#8221; align_phone=&#8221;center&#8221; align_last_edited=&#8221;on|desktop&#8221; _builder_version=&#8221;4.27.6&#8243; module_alignment=&#8221;center&#8221; custom_margin=&#8221;||20px||false|false&#8221; box_shadow_style=&#8221;preset1&#8243; box_shadow_blur=&#8221;10px&#8221; box_shadow_spread=&#8221;-2px&#8221; global_colors_info=&#8221;{}&#8221;][\/et_pb_image][et_pb_text _builder_version=&#8221;4.18.0&#8243; text_font=&#8221;Poppins|300|||||||&#8221; text_font_size=&#8221;15px&#8221; header_2_text_align=&#8221;left&#8221; header_2_font_size=&#8221;18px&#8221; text_orientation=&#8221;justified&#8221; global_colors_info=&#8221;{}&#8221;]<\/p>\n<p style=\"text-align: left;\"><span>Gerimos internamente <\/span><strong>todas as etapas do processo produtivo<\/strong>: desde o fabrico dos componentes \u00e0 montagem, passando pelos testes em bancadas de \u00faltima gera\u00e7\u00e3o, garantindo a manuten\u00e7\u00e3o de elevados padr\u00f5es de qualidade. Investimos constantemente em tecnologia e conhecimento especializado para assegurar produtos certificados que v\u00e3o ao encontro das necessidades do mercado de p\u00f3s-venda.<\/p>\n<p>[\/et_pb_text][\/et_pb_column][et_pb_column type=&#8221;1_3&#8243; _builder_version=&#8221;4.18.0&#8243; custom_padding=&#8221;20px|20px||20px|false|false&#8221; border_width_top=&#8221;3px&#8221; border_color_top=&#8221;gcid-78580d7f-98e0-4ead-ab9d-862217e7e700&#8243; border_color_left=&#8221;gcid-78580d7f-98e0-4ead-ab9d-862217e7e700&#8243; global_colors_info=&#8221;{%22gcid-78580d7f-98e0-4ead-ab9d-862217e7e700%22:%91%22border_color_left%22,%22border_color_top%22%93}&#8221; custom_padding__hover=&#8221;|||&#8221;][et_pb_text admin_label=&#8221;Titolo Core Assy&#8221; _builder_version=&#8221;4.18.0&#8243; text_font=&#8221;Poppins||||||||&#8221; header_2_text_align=&#8221;center&#8221; custom_margin=&#8221;||20px||false|false&#8221; custom_padding=&#8221;||||false|false&#8221; border_color_top=&#8221;gcid-78580d7f-98e0-4ead-ab9d-862217e7e700&#8243; global_colors_info=&#8221;{%22gcid-78580d7f-98e0-4ead-ab9d-862217e7e700%22:%91%22border_color_top%22%93}&#8221;]<\/p>\n<h2>Sustentabilidade ambiental<\/h2>\n<p>[\/et_pb_text][et_pb_image src=&#8221;https:\/\/depros.it\/wp-content\/uploads\/2026\/03\/Ecosostenibilita.png&#8221; alt=&#8221;Sustentabilidade ambiental&#8221; title_text=&#8221;Sustentabilidade ambiental&#8221; align=&#8221;center&#8221; align_tablet=&#8221;center&#8221; align_phone=&#8221;center&#8221; align_last_edited=&#8221;on|desktop&#8221; _builder_version=&#8221;4.27.6&#8243; module_alignment=&#8221;center&#8221; custom_margin=&#8221;||20px||false|false&#8221; box_shadow_style=&#8221;preset1&#8243; box_shadow_blur=&#8221;10px&#8221; box_shadow_spread=&#8221;-2px&#8221; global_colors_info=&#8221;{}&#8221;][\/et_pb_image][et_pb_text _builder_version=&#8221;4.18.0&#8243; text_font=&#8221;Poppins|300|||||||&#8221; text_font_size=&#8221;15px&#8221; header_2_text_align=&#8221;left&#8221; header_2_font_size=&#8221;18px&#8221; text_orientation=&#8221;justified&#8221; global_colors_info=&#8221;{}&#8221;]<\/p>\n<p style=\"text-align: left;\"><span>As repara\u00e7\u00f5es representam uma <\/span><strong>escolha respons\u00e1vel <\/strong><span>que reduz o impacto ambiental, limitando o consumo de mat\u00e9rias-primas e de energia. A DEPROS adota pr\u00e1ticas orientadas para a sustentabilidade, promovendo a valoriza\u00e7\u00e3o de materiais e a reciclagem das embalagens utilizadas nos envios, contribuindo para um modelo de produ\u00e7\u00e3o mais eficiente e ambientalmente respons\u00e1vel.<\/span><\/p>\n<p>[\/et_pb_text][\/et_pb_column][\/et_pb_row][\/et_pb_section]<\/p>\n","protected":false},"excerpt":{"rendered":"<p>Fundada em 1980, a DEPROS S.r.l. \u00e9 uma empresa l\u00edder no setor de pe\u00e7as de substitui\u00e7\u00e3o recondicionadas. H\u00e1 mais de quarenta anos que atuamos com um objetivo claro: oferecer aos especialistas solu\u00e7\u00f5es fi\u00e1veis, certificadas e verdadeiramente competitivas. A nossa experi\u00eancia, aliada a rigorosos processos de produ\u00e7\u00e3o e controlos de qualidade, permite-nos garantir elevados padr\u00f5es e [&hellip;]<\/p>\n","protected":false},"author":1,"featured_media":0,"parent":0,"menu_order":1,"comment_status":"closed","ping_status":"closed","template":"","meta":{"_et_pb_use_builder":"on","_et_pb_old_content":"","_et_gb_content_width":"","footnotes":""},"class_list":["post-10481","page","type-page","status-publish","hentry"],"_links":{"self":[{"href":"https:\/\/depros.it\/pt-pt\/wp-json\/wp\/v2\/pages\/10481","targetHints":{"allow":["GET"]}}],"collection":[{"href":"https:\/\/depros.it\/pt-pt\/wp-json\/wp\/v2\/pages"}],"about":[{"href":"https:\/\/depros.it\/pt-pt\/wp-json\/wp\/v2\/types\/page"}],"author":[{"embeddable":true,"href":"https:\/\/depros.it\/pt-pt\/wp-json\/wp\/v2\/users\/1"}],"replies":[{"embeddable":true,"href":"https:\/\/depros.it\/pt-pt\/wp-json\/wp\/v2\/comments?post=10481"}],"version-history":[{"count":21,"href":"https:\/\/depros.it\/pt-pt\/wp-json\/wp\/v2\/pages\/10481\/revisions"}],"predecessor-version":[{"id":16641,"href":"https:\/\/depros.it\/pt-pt\/wp-json\/wp\/v2\/pages\/10481\/revisions\/16641"}],"wp:attachment":[{"href":"https:\/\/depros.it\/pt-pt\/wp-json\/wp\/v2\/media?parent=10481"}],"curies":[{"name":"wp","href":"https:\/\/api.w.org\/{rel}","templated":true}]}}