
{"id":10663,"date":"2018-05-02T16:23:02","date_gmt":"2018-05-02T14:23:02","guid":{"rendered":"https:\/\/depros.it\/produits\/turbocompresseurs\/"},"modified":"2026-04-09T11:23:03","modified_gmt":"2026-04-09T09:23:03","slug":"turbocompresseurs","status":"publish","type":"page","link":"https:\/\/depros.it\/fr\/produits__trashed\/turbocompresseurs\/","title":{"rendered":"turbocompresseur"},"content":{"rendered":"<p>[et_pb_section fb_built=\u00a0\u00bb1&Prime; fullwidth=\u00a0\u00bbon\u00a0\u00bb _builder_version=\u00a0\u00bb4.17.6&Prime; background_image=\u00a0\u00bbhttps:\/\/depros.it\/wp-content\/uploads\/2022\/07\/PROVA-SITO-WEB-4@4x-100-scaled.jpg\u00a0\u00bb da_disable_devices=\u00a0\u00bboff|off|off\u00a0\u00bb global_colors_info=\u00a0\u00bb{}\u00a0\u00bb da_is_popup=\u00a0\u00bboff\u00a0\u00bb da_exit_intent=\u00a0\u00bboff\u00a0\u00bb da_has_close=\u00a0\u00bbon\u00a0\u00bb da_alt_close=\u00a0\u00bboff\u00a0\u00bb da_dark_close=\u00a0\u00bboff\u00a0\u00bb da_not_modal=\u00a0\u00bbon\u00a0\u00bb da_is_singular=\u00a0\u00bboff\u00a0\u00bb da_with_loader=\u00a0\u00bboff\u00a0\u00bb da_has_shadow=\u00a0\u00bbon\u00a0\u00bb][et_pb_fullwidth_header title=\u00a0\u00bbturbocompresseur\u00a0\u00bb background_overlay_color=\u00a0\u00bbrgba(0,0,0,0.61)\u00a0\u00bb admin_label=\u00a0\u00bbTitolo\u00a0\u00bb _builder_version=\u00a0\u00bb4.18.0&Prime; title_font=\u00a0\u00bbPoppins||||||||\u00a0\u00bb title_text_color=\u00a0\u00bb#ffffff\u00a0\u00bb content_font=\u00a0\u00bb|600|||||||\u00a0\u00bb content_text_color=\u00a0\u00bb#ffffff\u00a0\u00bb subhead_text_color=\u00a0\u00bb#ffffff\u00a0\u00bb background_color=\u00a0\u00bbrgba(255, 255, 255, 0)\u00a0\u00bb background_size=\u00a0\u00bbinitial\u00a0\u00bb background_position=\u00a0\u00bbtop_left\u00a0\u00bb background_repeat=\u00a0\u00bbrepeat\u00a0\u00bb title_font_size_tablet=\u00a0\u00bb\u00a0\u00bb title_font_size_phone=\u00a0\u00bb25px\u00a0\u00bb title_font_size_last_edited=\u00a0\u00bbon|phone\u00a0\u00bb border_width_bottom=\u00a0\u00bb5px\u00a0\u00bb border_color_bottom=\u00a0\u00bb#49C4F9&Prime; global_colors_info=\u00a0\u00bb{}\u00a0\u00bb button_one_text_size__hover_enabled=\u00a0\u00bboff\u00a0\u00bb button_two_text_size__hover_enabled=\u00a0\u00bboff\u00a0\u00bb button_one_text_color__hover_enabled=\u00a0\u00bboff\u00a0\u00bb button_two_text_color__hover_enabled=\u00a0\u00bboff\u00a0\u00bb button_one_border_width__hover_enabled=\u00a0\u00bboff\u00a0\u00bb button_two_border_width__hover_enabled=\u00a0\u00bboff\u00a0\u00bb button_one_border_color__hover_enabled=\u00a0\u00bboff\u00a0\u00bb button_two_border_color__hover_enabled=\u00a0\u00bboff\u00a0\u00bb button_one_border_radius__hover_enabled=\u00a0\u00bboff\u00a0\u00bb button_two_border_radius__hover_enabled=\u00a0\u00bboff\u00a0\u00bb button_one_letter_spacing__hover_enabled=\u00a0\u00bboff\u00a0\u00bb button_two_letter_spacing__hover_enabled=\u00a0\u00bboff\u00a0\u00bb button_one_bg_color__hover_enabled=\u00a0\u00bboff\u00a0\u00bb button_two_bg_color__hover_enabled=\u00a0\u00bboff\u00a0\u00bb][\/et_pb_fullwidth_header][\/et_pb_section][et_pb_section fb_built=\u00a0\u00bb1&Prime; _builder_version=\u00a0\u00bb4.18.0&Prime; custom_margin=\u00a0\u00bb0px||0px|\u00a0\u00bb custom_padding=\u00a0\u00bb0px||50px||false|false\u00a0\u00bb da_disable_devices=\u00a0\u00bboff|off|off\u00a0\u00bb global_colors_info=\u00a0\u00bb{}\u00a0\u00bb da_is_popup=\u00a0\u00bboff\u00a0\u00bb da_exit_intent=\u00a0\u00bboff\u00a0\u00bb da_has_close=\u00a0\u00bbon\u00a0\u00bb da_alt_close=\u00a0\u00bboff\u00a0\u00bb da_dark_close=\u00a0\u00bboff\u00a0\u00bb da_not_modal=\u00a0\u00bbon\u00a0\u00bb da_is_singular=\u00a0\u00bboff\u00a0\u00bb da_with_loader=\u00a0\u00bboff\u00a0\u00bb da_has_shadow=\u00a0\u00bbon\u00a0\u00bb][et_pb_row admin_label=\u00a0\u00bbIntroduction\u00a0\u00bb _builder_version=\u00a0\u00bb4.18.0&Prime; custom_padding=\u00a0\u00bb||22px|||\u00a0\u00bb global_colors_info=\u00a0\u00bb{}\u00a0\u00bb][et_pb_column type=\u00a0\u00bb4_4&Prime; _builder_version=\u00a0\u00bb4.16&Prime; custom_padding=\u00a0\u00bb|||\u00a0\u00bb global_colors_info=\u00a0\u00bb{}\u00a0\u00bb custom_padding__hover=\u00a0\u00bb|||\u00a0\u00bb][et_pb_text admin_label=\u00a0\u00bbBreve descrizione pagina\u00a0\u00bb _builder_version=\u00a0\u00bb4.18.0&Prime; text_font=\u00a0\u00bbPoppins|300|||||||\u00a0\u00bb text_text_color=\u00a0\u00bb#444444&Prime; global_colors_info=\u00a0\u00bb{}\u00a0\u00bb]<\/p>\n<p>Le<span> <\/span><strong data-start=\"105\" data-end=\"125\">turbocompresseur<\/strong><span> <\/span>est un composant cl\u00e9 des moteurs modernes, con\u00e7u pour augmenter les performances et l&rsquo;efficacit\u00e9. En utilisant l&rsquo;\u00e9nergie des gaz d&rsquo;\u00e9chappement, le turbo comprime l&rsquo;air en admission, permettant au moteur de br\u00fbler une plus grande quantit\u00e9 de carburant. Le r\u00e9sultat est  <span> <\/span><strong data-start=\"394\" data-end=\"409\">plus de puissance<\/strong>,<span> <\/span><strong data-start=\"411\" data-end=\"430\">une consommation r\u00e9duite<\/strong><span> <\/span>et<span> <\/span><strong data-start=\"433\" data-end=\"453\">moins d&rsquo;\u00e9missions<\/strong>, sans augmenter la cylindr\u00e9e du moteur.<o:p><\/o:p><\/p>\n<p data-start=\"498\" data-end=\"751\">Le syst\u00e8me est compos\u00e9 d&rsquo;une<span> <\/span><strong data-start=\"527\" data-end=\"538\">turbine<\/strong><span> <\/span>et d&rsquo;un<span> <\/span><strong data-start=\"547\" data-end=\"562\">compresseur<\/strong><span> <\/span>reli\u00e9s par un axe commun. La turbine, entra\u00een\u00e9e par les gaz d&rsquo;\u00e9chappement, actionne le compresseur qui augmente la pression de l&rsquo;air dirig\u00e9 vers les cylindres, am\u00e9liorant l&rsquo;efficacit\u00e9 de la combustion. <o:p><\/o:p><\/p>\n<p data-start=\"753\" data-end=\"996\">Depros produit et distribue<span> <\/span><strong data-start=\"847\" data-end=\"891\">des turbocompresseurs d&rsquo;origine et aftermarket<span> <\/span><\/strong>des principales marques et offre une large gamme de<span> <\/span><strong data-start=\"942\" data-end=\"974\">turbocompresseurs reconditionn\u00e9s<\/strong><span> <\/span>pour voitures, v\u00e9hicules utilitaires, camions, applications marines, agricoles et industrielles.<\/p>\n<p>[\/et_pb_text][\/et_pb_column][\/et_pb_row][et_pb_row column_structure=\u00a0\u00bb1_3,1_3,1_3&Prime; _builder_version=\u00a0\u00bb4.18.0&Prime; background_size=\u00a0\u00bbinitial\u00a0\u00bb background_position=\u00a0\u00bbtop_left\u00a0\u00bb background_repeat=\u00a0\u00bbrepeat\u00a0\u00bb locked=\u00a0\u00bboff\u00a0\u00bb global_colors_info=\u00a0\u00bb{}\u00a0\u00bb][et_pb_column type=\u00a0\u00bb1_3&Prime; _builder_version=\u00a0\u00bb4.18.0&Prime; custom_padding=\u00a0\u00bb20px|20px||20px|false|false\u00a0\u00bb border_width_top=\u00a0\u00bb3px\u00a0\u00bb border_color_top=\u00a0\u00bbgcid-78580d7f-98e0-4ead-ab9d-862217e7e700&Prime; border_color_left=\u00a0\u00bbgcid-78580d7f-98e0-4ead-ab9d-862217e7e700&Prime; global_colors_info=\u00a0\u00bb{%22gcid-78580d7f-98e0-4ead-ab9d-862217e7e700%22:%91%22border_color_left%22,%22border_color_top%22%93}\u00a0\u00bb custom_padding__hover=\u00a0\u00bb|||\u00a0\u00bb][et_pb_text admin_label=\u00a0\u00bbTitolo Core Assy\u00a0\u00bb _builder_version=\u00a0\u00bb4.18.0&Prime; text_font=\u00a0\u00bbPoppins||||||||\u00a0\u00bb text_text_color=\u00a0\u00bb#000000&Prime; header_2_font=\u00a0\u00bb|700|||||||\u00a0\u00bb header_2_text_align=\u00a0\u00bbcenter\u00a0\u00bb custom_margin=\u00a0\u00bb||5px||false|false\u00a0\u00bb custom_padding=\u00a0\u00bb||||false|false\u00a0\u00bb link_option_url=\u00a0\u00bbhttps:\/\/shop.depros.it\/4-core-assy\u00a0\u00bb border_color_top=\u00a0\u00bbgcid-78580d7f-98e0-4ead-ab9d-862217e7e700&Prime; global_colors_info=\u00a0\u00bb{%22gcid-78580d7f-98e0-4ead-ab9d-862217e7e700%22:%91%22border_color_top%22%93}\u00a0\u00bb]<\/p>\n<h2>D&rsquo;origine<\/h2>\n<p>[\/et_pb_text][et_pb_image src=\u00a0\u00bbhttps:\/\/depros.it\/wp-content\/uploads\/2026\/03\/Landing-page-icone-7.png\u00a0\u00bb alt=\u00a0\u00bbPi\u00e8ces-Turbocompresseur-Core-Assy\u00a0\u00bb title_text=\u00a0\u00bbBox Garrett\u00a0\u00bb url=\u00a0\u00bbhttps:\/\/shop.depros.it\/it\/70\/core-assy-esclusivo-tsp\u00a0\u00bb align=\u00a0\u00bbcenter\u00a0\u00bb align_tablet=\u00a0\u00bbcenter\u00a0\u00bb align_phone=\u00a0\u00bbcenter\u00a0\u00bb align_last_edited=\u00a0\u00bbon|desktop\u00a0\u00bb _builder_version=\u00a0\u00bb4.18.0&Prime; width=\u00a0\u00bb100%\u00a0\u00bb max_width=\u00a0\u00bb100%\u00a0\u00bb module_alignment=\u00a0\u00bbcenter\u00a0\u00bb max_height=\u00a0\u00bb200px\u00a0\u00bb custom_margin=\u00a0\u00bb||5px|\u00a0\u00bb custom_padding=\u00a0\u00bb0px||0px|||\u00a0\u00bb global_colors_info=\u00a0\u00bb{}\u00a0\u00bb][\/et_pb_image][et_pb_text _builder_version=\u00a0\u00bb4.18.0&Prime; text_font=\u00a0\u00bbPoppins|300|||||||\u00a0\u00bb header_2_text_align=\u00a0\u00bbleft\u00a0\u00bb header_2_font_size=\u00a0\u00bb18px\u00a0\u00bb global_colors_info=\u00a0\u00bb{}\u00a0\u00bb]<\/p>\n<p><span>Nous proposons des <\/span><strong data-start=\"513\" data-end=\"547\">turbocompresseurs d&rsquo;origine<span> <\/span><\/strong><span>des principales marques, con\u00e7us pour assurer une compatibilit\u00e9 totale et des standards de fabrication identiques au premier \u00e9quipement. Le choix id\u00e9al pour ceux qui recherchent l&rsquo;original sans compromis.<\/span><\/p>\n<p>[\/et_pb_text][\/et_pb_column][et_pb_column type=\u00a0\u00bb1_3&Prime; _builder_version=\u00a0\u00bb4.18.0&Prime; custom_padding=\u00a0\u00bb20px||||false|false\u00a0\u00bb border_width_top=\u00a0\u00bb3px\u00a0\u00bb border_color_top=\u00a0\u00bbgcid-78580d7f-98e0-4ead-ab9d-862217e7e700&Prime; global_colors_info=\u00a0\u00bb{%22gcid-78580d7f-98e0-4ead-ab9d-862217e7e700%22:%91%22border_color_top%22%93}\u00a0\u00bb custom_padding__hover=\u00a0\u00bb|||\u00a0\u00bb][et_pb_text admin_label=\u00a0\u00bbTitolo Componenti\u00a0\u00bb _builder_version=\u00a0\u00bb4.18.0&Prime; text_font=\u00a0\u00bbPoppins||||||||\u00a0\u00bb header_2_text_align=\u00a0\u00bbcenter\u00a0\u00bb custom_margin=\u00a0\u00bb||7px|||\u00a0\u00bb link_option_url=\u00a0\u00bbhttps:\/\/shop.depros.it\/3-ricambi-per-turbocompressori\u00a0\u00bb global_colors_info=\u00a0\u00bb{}\u00a0\u00bb]<\/p>\n<h2>Aftermarket<\/h2>\n<p>[\/et_pb_text][et_pb_image src=\u00a0\u00bbhttps:\/\/depros.it\/wp-content\/uploads\/2026\/03\/221.png\u00a0\u00bb title_text=\u00a0\u00bb22(1)\u00a0\u00bb url=\u00a0\u00bbhttps:\/\/shop.depros.it\/it\/\u00a0\u00bb align=\u00a0\u00bbcenter\u00a0\u00bb align_tablet=\u00a0\u00bbcenter\u00a0\u00bb align_phone=\u00a0\u00bbcenter\u00a0\u00bb align_last_edited=\u00a0\u00bbon|desktop\u00a0\u00bb _builder_version=\u00a0\u00bb4.18.0&Prime; module_alignment=\u00a0\u00bbcenter\u00a0\u00bb max_height=\u00a0\u00bb200px\u00a0\u00bb custom_margin=\u00a0\u00bb3px||5px|||\u00a0\u00bb global_colors_info=\u00a0\u00bb{}\u00a0\u00bb][\/et_pb_image][et_pb_text _builder_version=\u00a0\u00bb4.18.0&Prime; text_font=\u00a0\u00bbPoppins|300|||||||\u00a0\u00bb header_2_text_align=\u00a0\u00bbleft\u00a0\u00bb header_2_font_size=\u00a0\u00bb18px\u00a0\u00bb global_colors_info=\u00a0\u00bb{}\u00a0\u00bb custom_padding=\u00a0\u00bb8px|||||\u00a0\u00bb]<\/p>\n<p><span>Nous disposons d&rsquo;une gamme compl\u00e8te de <\/span><strong>turbocompresseurs aftermarket,<\/strong><span> con\u00e7us pour garantir des performances similaires \u00e0 l&rsquo;original et une fiabilit\u00e9 dans le temps. Une solution pens\u00e9e pour ceux qui recherchent une unit\u00e9 neuve \u00e0 un prix comp\u00e9titif.<\/span><\/p>\n<p>[\/et_pb_text][\/et_pb_column][et_pb_column type=\u00a0\u00bb1_3&Prime; _builder_version=\u00a0\u00bb4.18.0&Prime; custom_padding=\u00a0\u00bb20px||||false|false\u00a0\u00bb border_width_top=\u00a0\u00bb3px\u00a0\u00bb border_color_top=\u00a0\u00bbgcid-78580d7f-98e0-4ead-ab9d-862217e7e700&Prime; global_colors_info=\u00a0\u00bb{%22gcid-78580d7f-98e0-4ead-ab9d-862217e7e700%22:%91%22border_color_top%22%93}\u00a0\u00bb custom_padding__hover=\u00a0\u00bb|||\u00a0\u00bb][et_pb_text admin_label=\u00a0\u00bbTitolo Componenti\u00a0\u00bb _builder_version=\u00a0\u00bb4.18.0&Prime; text_font=\u00a0\u00bbPoppins||||||||\u00a0\u00bb header_2_text_align=\u00a0\u00bbcenter\u00a0\u00bb custom_margin=\u00a0\u00bb||7px|||\u00a0\u00bb link_option_url=\u00a0\u00bbhttps:\/\/shop.depros.it\/3-ricambi-per-turbocompressori\u00a0\u00bb global_colors_info=\u00a0\u00bb{}\u00a0\u00bb]<\/p>\n<h2>Reconditionn\u00e9<\/h2>\n<p>[\/et_pb_text][et_pb_image src=\u00a0\u00bbhttps:\/\/depros.it\/wp-content\/uploads\/2026\/03\/231.png\u00a0\u00bb title_text=\u00a0\u00bbBox Depros\u00a0\u00bb url=\u00a0\u00bbhttps:\/\/shop.depros.it\/it\/\u00a0\u00bb align=\u00a0\u00bbcenter\u00a0\u00bb align_tablet=\u00a0\u00bbcenter\u00a0\u00bb align_phone=\u00a0\u00bbcenter\u00a0\u00bb align_last_edited=\u00a0\u00bbon|desktop\u00a0\u00bb _builder_version=\u00a0\u00bb4.18.0&Prime; module_alignment=\u00a0\u00bbcenter\u00a0\u00bb max_height=\u00a0\u00bb200px\u00a0\u00bb custom_margin=\u00a0\u00bb3px||5px|||\u00a0\u00bb global_colors_info=\u00a0\u00bb{}\u00a0\u00bb][\/et_pb_image][et_pb_text _builder_version=\u00a0\u00bb4.18.0&Prime; text_font=\u00a0\u00bbPoppins|300|||||||\u00a0\u00bb header_2_text_align=\u00a0\u00bbleft\u00a0\u00bb header_2_font_size=\u00a0\u00bb18px\u00a0\u00bb global_colors_info=\u00a0\u00bb{}\u00a0\u00bb]<\/p>\n<p><span>La gamme de <\/span><strong data-start=\"234\" data-end=\"266\">turbocompresseurs reconditionn\u00e9s<\/strong><span> est issue de processus de r\u00e9g\u00e9n\u00e9ration professionnelle qui valorisent la r\u00e9utilisation des composants d&rsquo;origine. Une solution <\/span><strong data-start=\"386\" data-end=\"414\">fiable et efficace<\/strong><span>, qui contribue \u00e0 <\/span><strong data-start=\"435\" data-end=\"475\">r\u00e9duire le gaspillage et l&rsquo;impact environnemental<\/strong><span>, alliant durabilit\u00e9 et \u00e9conomie.<\/span><\/p>\n<p>[\/et_pb_text][\/et_pb_column][\/et_pb_row][\/et_pb_section]<\/p>\n","protected":false},"excerpt":{"rendered":"<p>Le turbocompresseur est un composant cl\u00e9 des moteurs modernes, con\u00e7u pour augmenter les performances et l&rsquo;efficacit\u00e9. En utilisant l&rsquo;\u00e9nergie des gaz d&rsquo;\u00e9chappement, le turbo comprime l&rsquo;air en admission, permettant au moteur de br\u00fbler une plus grande quantit\u00e9 de carburant. Le r\u00e9sultat est plus de puissance, une consommation r\u00e9duite et moins d&rsquo;\u00e9missions, sans augmenter la cylindr\u00e9e [&hellip;]<\/p>\n","protected":false},"author":1,"featured_media":0,"parent":10541,"menu_order":0,"comment_status":"closed","ping_status":"closed","template":"","meta":{"_et_pb_use_builder":"on","_et_pb_old_content":"","_et_gb_content_width":"","footnotes":""},"class_list":["post-10663","page","type-page","status-publish","hentry"],"_links":{"self":[{"href":"https:\/\/depros.it\/fr\/wp-json\/wp\/v2\/pages\/10663","targetHints":{"allow":["GET"]}}],"collection":[{"href":"https:\/\/depros.it\/fr\/wp-json\/wp\/v2\/pages"}],"about":[{"href":"https:\/\/depros.it\/fr\/wp-json\/wp\/v2\/types\/page"}],"author":[{"embeddable":true,"href":"https:\/\/depros.it\/fr\/wp-json\/wp\/v2\/users\/1"}],"replies":[{"embeddable":true,"href":"https:\/\/depros.it\/fr\/wp-json\/wp\/v2\/comments?post=10663"}],"version-history":[{"count":23,"href":"https:\/\/depros.it\/fr\/wp-json\/wp\/v2\/pages\/10663\/revisions"}],"predecessor-version":[{"id":15640,"href":"https:\/\/depros.it\/fr\/wp-json\/wp\/v2\/pages\/10663\/revisions\/15640"}],"up":[{"embeddable":true,"href":"https:\/\/depros.it\/fr\/wp-json\/wp\/v2\/pages\/10541"}],"wp:attachment":[{"href":"https:\/\/depros.it\/fr\/wp-json\/wp\/v2\/media?parent=10663"}],"curies":[{"name":"wp","href":"https:\/\/api.w.org\/{rel}","templated":true}]}}