
{"id":10581,"date":"2025-09-25T08:18:02","date_gmt":"2025-09-25T06:18:02","guid":{"rendered":"https:\/\/depros.it\/politique-de-confidentialite-de-depros-et-conditions-de-vente\/"},"modified":"2026-03-30T10:04:58","modified_gmt":"2026-03-30T08:04:58","slug":"politique-de-confidentialite-de-depros-et-conditions-de-vente","status":"publish","type":"page","link":"https:\/\/depros.it\/fr\/politique-de-confidentialite-de-depros-et-conditions-de-vente\/","title":{"rendered":"Politique de Confidentialit\u00e9 et Conditions de Vente"},"content":{"rendered":"<p>[et_pb_section fb_built=\u00a0\u00bb1&Prime; _builder_version=\u00a0\u00bb4.16&Prime; da_disable_devices=\u00a0\u00bboff|off|off\u00a0\u00bb global_colors_info=\u00a0\u00bb{}\u00a0\u00bb da_is_popup=\u00a0\u00bboff\u00a0\u00bb da_exit_intent=\u00a0\u00bboff\u00a0\u00bb da_has_close=\u00a0\u00bbon\u00a0\u00bb da_alt_close=\u00a0\u00bboff\u00a0\u00bb da_dark_close=\u00a0\u00bboff\u00a0\u00bb da_not_modal=\u00a0\u00bbon\u00a0\u00bb da_is_singular=\u00a0\u00bboff\u00a0\u00bb da_with_loader=\u00a0\u00bboff\u00a0\u00bb da_has_shadow=\u00a0\u00bbon\u00a0\u00bb][et_pb_row _builder_version=\u00a0\u00bb4.16&Prime; background_size=\u00a0\u00bbinitial\u00a0\u00bb background_position=\u00a0\u00bbtop_left\u00a0\u00bb background_repeat=\u00a0\u00bbrepeat\u00a0\u00bb global_colors_info=\u00a0\u00bb{}\u00a0\u00bb][et_pb_column type=\u00a0\u00bb4_4&Prime; _builder_version=\u00a0\u00bb4.16&Prime; custom_padding=\u00a0\u00bb|||\u00a0\u00bb global_colors_info=\u00a0\u00bb{}\u00a0\u00bb custom_padding__hover=\u00a0\u00bb|||\u00a0\u00bb][et_pb_text _builder_version=\u00a0\u00bb4.27.6&Prime; _module_preset=\u00a0\u00bbdefault\u00a0\u00bb text_font=\u00a0\u00bbPoppins||||||||\u00a0\u00bb custom_margin=\u00a0\u00bb||-2px|||\u00a0\u00bb global_colors_info=\u00a0\u00bb{}\u00a0\u00bb]<\/p>\n<h2>CONDITIONS DE VENTE<\/h2>\n<p>[\/et_pb_text][et_pb_text _builder_version=\u00a0\u00bb4.27.6&Prime; text_font=\u00a0\u00bbPoppins|300|||||||\u00a0\u00bb custom_margin=\u00a0\u00bb||8px|||\u00a0\u00bb global_colors_info=\u00a0\u00bb{}\u00a0\u00bb]<\/p>\n<ol>\n<li>La marchandise voyage aux risques et p\u00e9rils du client, m\u00eame si vendue franco destinataire.<\/li>\n<li>Les r\u00e9clamations doivent parvenir dans les 8 jours suivant la livraison de la marchandise et en aucun cas, pour aucune raison, elles ne pourront suspendre ou retarder les paiements, lesquels devront, malgr\u00e9 toute contestation, \u00eatre effectu\u00e9s de la mani\u00e8re et dans les d\u00e9lais d\u00e9j\u00e0 \u00e9tablis.<\/li>\n<li>Les d\u00e9lais de livraison convenus doivent toujours \u00eatre consid\u00e9r\u00e9s comme approximatifs ; d\u2019\u00e9ventuels retards caus\u00e9s par un cas de force majeure ne donnent pas droit \u00e0 demander des remboursements pour dommages.<\/li>\n<li>Les paiements doivent \u00eatre effectu\u00e9s exclusivement \u00e0 notre si\u00e8ge.<\/li>\n<li>\u00c9ventuels renouvellements d\u2019effets ne constituent pas une novation du contrat ; pass\u00e9 le terme convenu de paiement, des int\u00e9r\u00eats de retard commenceront \u00e0 courir.<\/li>\n<li>Les paiements effectu\u00e9s \u00e0 des personnes non munies de notre mandat r\u00e9gulier ne sont pas reconnus.<\/li>\n<li>Pour tout litige, le tribunal comp\u00e9tent est celui de Nocera Inferiore.<br \/>\nATTENTION : V\u00e9rifier l\u2019exacte ent\u00eate de la facture et le num\u00e9ro de TVA \u2013 en cas d\u2019erreur, le signaler rapidement ; autrement, nous ne nous consid\u00e9rerons pas oblig\u00e9s solidairement comme pr\u00e9vu par l\u2019art. 41 D.P.R. 633\/72. En cas de marchandise d\u00e9fectueuse, c\u2019est le fabricant qui en d\u00e9cidera et le prix d\u2019achat \u00e9quivalent sera rembours\u00e9, et non les \u00e9ventuels dommages qui pourraient en d\u00e9couler. NB Tous les transports relatifs aux questions de garantie sont toujours \u00e0 la charge de l\u2019acheteur, sauf indications contraires de notre part.<\/li>\n<\/ol>\n<p>[\/et_pb_text][et_pb_text _builder_version=\u00a0\u00bb4.27.6&Prime; _module_preset=\u00a0\u00bbdefault\u00a0\u00bb text_font=\u00a0\u00bbPoppins||||||||\u00a0\u00bb custom_margin=\u00a0\u00bb||3px|||\u00a0\u00bb global_colors_info=\u00a0\u00bb{}\u00a0\u00bb]<\/p>\n<h2>POLITIQUE DE CONFIDENTIALIT\u00c9<\/h2>\n<p>[\/et_pb_text][et_pb_text _builder_version=\u00a0\u00bb4.27.6&Prime; _module_preset=\u00a0\u00bbdefault\u00a0\u00bb text_font=\u00a0\u00bbPoppins|300|||||||\u00a0\u00bb custom_margin=\u00a0\u00bb||22px|||\u00a0\u00bb hover_enabled=\u00a0\u00bb0&Prime; global_colors_info=\u00a0\u00bb{}\u00a0\u00bb sticky_enabled=\u00a0\u00bb0&Prime;]<\/p>\n<p>INFORMATION SELON L\u2019ART. 13 DLGS. 196\/2003<br \/>Nous souhaitons informer les utilisateurs de ce site que le DLgs n\u00b0 196 du 30 juin 2003 \u2013 Code en mati\u00e8re de protection des donn\u00e9es personnelles \u2013 pr\u00e9voit la protection des personnes et d\u2019autres sujets par rapport au traitement des donn\u00e9es personnelles (re\u00e7ues par exemple par e-mail ou formulaires d\u2019inscription).<br \/>Conform\u00e9ment \u00e0 la r\u00e9glementation indiqu\u00e9e, ce traitement sera effectu\u00e9 selon les principes de correction, de lic\u00e9it\u00e9, de transparence et de protection de votre confidentialit\u00e9 et de vos droits.<\/p>\n<p>En vertu de l\u2019article 13 du DLgs n\u00b0 196\/2003, nous vous fournissons les informations suivantes :<\/p>\n<ul>\n<li>Les donn\u00e9es fournies seront trait\u00e9es pour l\u2019enregistrement de votre contact, pour \u00eatre \u00e9ventuellement recontact\u00e9, pour la fourniture des services o\u00f9 la compilation d\u2019un formulaire de \u201cContact\u201d est pr\u00e9vue, lorsqu\u2019il est activ\u00e9 automatiquement ;<\/li>\n<li>Le traitement sera effectu\u00e9 de mani\u00e8re informatis\u00e9e ;<\/li>\n<li>La communication des donn\u00e9es est facultative ; toutefois, l\u2019absence, m\u00eame partielle, des donn\u00e9es requises dans les champs marqu\u00e9s comme \u201cobligatoires\u201d (marqu\u00e9s par *), entra\u00eenera l\u2019impossibilit\u00e9 de fournir le service ;<\/li>\n<li>Les donn\u00e9es ne seront pas communiqu\u00e9es \u00e0 d\u2019autres sujets, sauf pour les usages de la loi, et en tout cas il n\u2019y aura pas de diffusion ;<\/li>\n<li>Le responsable du traitement est : DEPROS SRL ;<\/li>\n<li>Le responsable du traitement est le RL DE DEPROS SRL ;<\/li>\n<li>\u00c0 tout moment, il est possible d\u2019exercer vos droits envers le responsable du traitement, conform\u00e9ment \u00e0 l\u2019art. 7 du D.Lgs.196\/2003.<\/li>\n<\/ul>\n<p>Donner son consentement signifie confirmer avoir \u00e9t\u00e9 correctement inform\u00e9 concernant :<\/p>\n<ul>\n<li>l\u2019objet de l\u2019information<\/li>\n<li>les finalit\u00e9s du traitement des donn\u00e9es<\/li>\n<li>les modalit\u00e9s du traitement des donn\u00e9es<\/li>\n<li>la nature de la fourniture<\/li>\n<li>l\u2019\u00e9ventuelle diffusion et communication des donn\u00e9es<\/li>\n<li>le nom du responsable du traitement, et conna\u00eetre les droits pr\u00e9vus par l\u2019art. 7 du D.Lgs 196\/03.<\/li>\n<\/ul>\n<p>Lorsque cela est requis par le formulaire de contact automatique, pour consentir au traitement de vos donn\u00e9es personnelles, il est n\u00e9cessaire de cocher la confirmation correspondante.<\/p>\n<p>[\/et_pb_text][et_pb_text _builder_version=\u00a0\u00bb4.27.6&Prime; _module_preset=\u00a0\u00bbdefault\u00a0\u00bb text_font=\u00a0\u00bbPoppins||||||||\u00a0\u00bb custom_margin=\u00a0\u00bb||-3px|||\u00a0\u00bb hover_enabled=\u00a0\u00bb0&Prime; global_colors_info=\u00a0\u00bb{}\u00a0\u00bb sticky_enabled=\u00a0\u00bb0&Prime;]<\/p>\n<h2>POLITIQUE DE CONFIDENTIALIT\u00c9 COMPL\u00c8TE ADOPT\u00c9E<\/h2>\n<p>[\/et_pb_text][et_pb_text _builder_version=\u00a0\u00bb4.27.6&Prime; _module_preset=\u00a0\u00bbdefault\u00a0\u00bb text_font=\u00a0\u00bbPoppins|300|||||||\u00a0\u00bb global_colors_info=\u00a0\u00bb{}\u00a0\u00bb]DEPROS SRL respecte la vie priv\u00e9e de ses utilisateurs et s\u2019engage \u00e0 prot\u00e9ger les donn\u00e9es personnelles qu\u2019ils fournissent. En g\u00e9n\u00e9ral, l\u2019utilisateur peut naviguer sur le site sans fournir aucune information personnelle. La collecte et le traitement de donn\u00e9es personnelles ont lieu, lorsque cela est n\u00e9cessaire, en relation avec l\u2019ex\u00e9cution de services demand\u00e9s par l\u2019utilisateur, ou lorsque l\u2019utilisateur d\u00e9cide de communiquer ses donn\u00e9es personnelles ; dans ces circonstances, la pr\u00e9sente politique de confidentialit\u00e9 illustre les modalit\u00e9s et caract\u00e9ristiques de la collecte et du traitement des donn\u00e9es personnelles de l\u2019utilisateur. DEPROS SRL traite les donn\u00e9es personnelles fournies par les utilisateurs conform\u00e9ment \u00e0 la l\u00e9gislation en vigueur.<br \/>\n[\/et_pb_text][et_pb_text _builder_version=\u00a0\u00bb4.27.6&Prime; _module_preset=\u00a0\u00bbdefault\u00a0\u00bb text_font=\u00a0\u00bbPoppins||||||||\u00a0\u00bb custom_margin=\u00a0\u00bb||10px|||\u00a0\u00bb hover_enabled=\u00a0\u00bb0&Prime; global_colors_info=\u00a0\u00bb{}\u00a0\u00bb sticky_enabled=\u00a0\u00bb0&Prime;]<\/p>\n<h4><strong>Collecte de Donn\u00e9es Personnelles<\/strong><\/h4>\n<p>[\/et_pb_text][et_pb_text _builder_version=\u00a0\u00bb4.27.6&Prime; _module_preset=\u00a0\u00bbdefault\u00a0\u00bb text_font=\u00a0\u00bbPoppins|300|||||||\u00a0\u00bb custom_margin=\u00a0\u00bb0px|||||\u00a0\u00bb global_colors_info=\u00a0\u00bb{}\u00a0\u00bb]Donn\u00e9es personnelles signifie toute information pouvant \u00eatre utilis\u00e9e pour identifier un individu, une soci\u00e9t\u00e9 ou un autre organisme. \u00c0 titre d\u2019exemple, sont collect\u00e9s le nom et le pr\u00e9nom, l\u2019adresse e-mail, l\u2019adresse postale ou tout autre contact physique, d\u2019autres informations n\u00e9cessaires pour contacter l\u2019utilisateur, la qualification, la date de naissance, le genre, l\u2019emploi, l\u2019activit\u00e9 commerciale, les int\u00e9r\u00eats personnels, ainsi que d\u2019autres informations n\u00e9cessaires \u00e0 la prestation des services demand\u00e9s.<br \/>\n[\/et_pb_text][et_pb_text _builder_version=\u00a0\u00bb4.27.6&Prime; _module_preset=\u00a0\u00bbdefault\u00a0\u00bb text_font=\u00a0\u00bbPoppins||||||||\u00a0\u00bb custom_margin=\u00a0\u00bb||5px|||\u00a0\u00bb hover_enabled=\u00a0\u00bb0&Prime; global_colors_info=\u00a0\u00bb{}\u00a0\u00bb sticky_enabled=\u00a0\u00bb0&Prime;]<\/p>\n<h4><strong>Donn\u00e9es de Navigation<\/strong><\/h4>\n<p>[\/et_pb_text][et_pb_text _builder_version=\u00a0\u00bb4.27.6&Prime; _module_preset=\u00a0\u00bbdefault\u00a0\u00bb text_font=\u00a0\u00bbPoppins|300|||||||\u00a0\u00bb global_colors_info=\u00a0\u00bb{}\u00a0\u00bb]La navigation sur le site DEPROS.IT se fait de mani\u00e8re anonyme, sauf si l\u2019utilisateur est enregistr\u00e9 pour b\u00e9n\u00e9ficier de services plus personnalis\u00e9s. DEPROS SRL ne collecte pas automatiquement les donn\u00e9es de l\u2019utilisateur, y compris l\u2019adresse e-mail. Le site enregistre l\u2019adresse IP de l\u2019utilisateur afin d\u2019avoir une id\u00e9e de la zone du site visit\u00e9e et de la dur\u00e9e de la visite, dans le respect de la l\u00e9gislation sur la protection des donn\u00e9es personnelles (donn\u00e9es utilis\u00e9es uniquement \u00e0 des fins statistiques anonymes et supprim\u00e9es imm\u00e9diatement apr\u00e8s traitement). Les donn\u00e9es peuvent \u00eatre utilis\u00e9es pour la v\u00e9rification de responsabilit\u00e9 en cas d\u2019\u00e9ventuelles infractions informatiques. DEPROS SRL ne relie pas l\u2019adresse IP \u00e0 d\u2019autres informations personnelles, sauf apr\u00e8s avoir inform\u00e9 l\u2019utilisateur et obtenu son consentement, uniquement pour les utilisateurs enregistr\u00e9s dans les zones r\u00e9serv\u00e9es. Comme beaucoup d\u2019autres sites, DEPROS SRL peut utiliser des \u201ccookies\u201d pour collecter des informations sur l\u2019utilisation du site. Voir la section \u201cCookies\u201d.<br \/>\n[\/et_pb_text][et_pb_text _builder_version=\u00a0\u00bb4.27.6&Prime; _module_preset=\u00a0\u00bbdefault\u00a0\u00bb text_font=\u00a0\u00bbPoppins||||||||\u00a0\u00bb custom_margin=\u00a0\u00bb||1px|||\u00a0\u00bb hover_enabled=\u00a0\u00bb0&Prime; global_colors_info=\u00a0\u00bb{}\u00a0\u00bb sticky_enabled=\u00a0\u00bb0&Prime;]<\/p>\n<h4><strong>Donn\u00e9es Fournies Volontairement par l\u2019Utilisateur<\/strong><\/h4>\n<p>[\/et_pb_text][et_pb_text _builder_version=\u00a0\u00bb4.27.6&Prime; _module_preset=\u00a0\u00bbdefault\u00a0\u00bb text_font=\u00a0\u00bbPoppins|300|||||||\u00a0\u00bb global_colors_info=\u00a0\u00bb{}\u00a0\u00bb]DEPROS SRL collecte les donn\u00e9es personnelles lors de l\u2019inscription de l\u2019utilisateur pour attribuer un CODE UTILISATEUR et un mot de passe, n\u00e9cessaires pour acc\u00e9der \u00e0 certains produits ou services. Certains services web du site pr\u00e9voient l\u2019envoi facultatif, explicite et volontaire d\u2019e-mails, entra\u00eenant l\u2019acquisition de l\u2019adresse de l\u2019exp\u00e9diteur et d\u2019\u00e9ventuelles autres donn\u00e9es personnelles fournies dans le message.<br \/>\n[\/et_pb_text][et_pb_text _builder_version=\u00a0\u00bb4.27.6&Prime; _module_preset=\u00a0\u00bbdefault\u00a0\u00bb text_font=\u00a0\u00bbPoppins||||||||\u00a0\u00bb custom_margin=\u00a0\u00bb||7px|||\u00a0\u00bb hover_enabled=\u00a0\u00bb0&Prime; global_colors_info=\u00a0\u00bb{}\u00a0\u00bb sticky_enabled=\u00a0\u00bb0&Prime;]<\/p>\n<h4><strong>Communication de Donn\u00e9es Personnelles<\/strong><\/h4>\n<p>[\/et_pb_text][et_pb_text _builder_version=\u00a0\u00bb4.27.6&Prime; _module_preset=\u00a0\u00bbdefault\u00a0\u00bb text_font=\u00a0\u00bbPoppins|300|||||||\u00a0\u00bb global_colors_info=\u00a0\u00bb{}\u00a0\u00bb]En cas de collecte de donn\u00e9es, DEPROS SRL informera l\u2019utilisateur des finalit\u00e9s et, le cas \u00e9ch\u00e9ant, demandera son consentement. Les donn\u00e9es pourront \u00eatre communiqu\u00e9es uniquement \u00e0 l\u2019int\u00e9rieur de l\u2019organisation ou \u00e0 des tiers strictement n\u00e9cessaires \u00e0 la fourniture du service, et uniquement \u00e0 ceux qui en ont besoin dans le cadre de leurs fonctions.<br \/>\n[\/et_pb_text][et_pb_text _builder_version=\u00a0\u00bb4.27.6&Prime; _module_preset=\u00a0\u00bbdefault\u00a0\u00bb text_font=\u00a0\u00bbPoppins||||||||\u00a0\u00bb custom_margin=\u00a0\u00bb||5px|||\u00a0\u00bb hover_enabled=\u00a0\u00bb0&Prime; global_colors_info=\u00a0\u00bb{}\u00a0\u00bb sticky_enabled=\u00a0\u00bb0&Prime;]<\/p>\n<h4><strong>Cookies<\/strong><\/h4>\n<p>[\/et_pb_text][et_pb_text _builder_version=\u00a0\u00bb4.27.6&Prime; _module_preset=\u00a0\u00bbdefault\u00a0\u00bb text_font=\u00a0\u00bbPoppins|300|||||||\u00a0\u00bb global_colors_info=\u00a0\u00bb{}\u00a0\u00bb]Un cookie est un petit fichier texte envoy\u00e9 sur l\u2019ordinateur de l\u2019utilisateur. Il peut contenir un identifiant pour suivre les pages visit\u00e9es, mais les seules informations personnelles qu\u2019il peut contenir sont celles fournies par l\u2019utilisateur. Les cookies ne lisent pas les donn\u00e9es de l\u2019ordinateur. Certains cookies sont n\u00e9cessaires au fonctionnement correct du site. L\u2019utilisateur peut refuser les cookies en configurant son navigateur, mais cela peut limiter certaines fonctionnalit\u00e9s.<br \/>\n[\/et_pb_text][et_pb_text _builder_version=\u00a0\u00bb4.27.6&Prime; _module_preset=\u00a0\u00bbdefault\u00a0\u00bb text_font=\u00a0\u00bbPoppins||||||||\u00a0\u00bb custom_margin=\u00a0\u00bb||16px|||\u00a0\u00bb hover_enabled=\u00a0\u00bb0&Prime; global_colors_info=\u00a0\u00bb{}\u00a0\u00bb sticky_enabled=\u00a0\u00bb0&Prime;]<\/p>\n<h4><strong>Finalit\u00e9 et Modalit\u00e9 du Traitement<\/strong><\/h4>\n<p>[\/et_pb_text][et_pb_text _builder_version=\u00a0\u00bb4.27.6&Prime; _module_preset=\u00a0\u00bbdefault\u00a0\u00bb text_font=\u00a0\u00bbPoppins|300|||||||\u00a0\u00bb global_colors_info=\u00a0\u00bb{}\u00a0\u00bb]Les donn\u00e9es sont trait\u00e9es pour : r\u00e9pondre aux demandes sp\u00e9cifiques de produits ou services, personnaliser la visite de l\u2019utilisateur, l\u2019informer des nouveaut\u00e9s relatives aux services propos\u00e9s. Le traitement est conforme \u00e0 la l\u00e9gislation en vigueur sur la protection des donn\u00e9es.<br \/>\n[\/et_pb_text][et_pb_text _builder_version=\u00a0\u00bb4.27.6&Prime; _module_preset=\u00a0\u00bbdefault\u00a0\u00bb text_font=\u00a0\u00bbPoppins||||||||\u00a0\u00bb custom_margin=\u00a0\u00bb||9px|||\u00a0\u00bb hover_enabled=\u00a0\u00bb0&Prime; global_colors_info=\u00a0\u00bb{}\u00a0\u00bb sticky_enabled=\u00a0\u00bb0&Prime;]<\/p>\n<h4><strong>Champ de Communication et de Diffusion<\/strong><\/h4>\n<p>[\/et_pb_text][et_pb_text _builder_version=\u00a0\u00bb4.27.6&Prime; _module_preset=\u00a0\u00bbdefault\u00a0\u00bb text_font=\u00a0\u00bbPoppins|300|||||||\u00a0\u00bb global_colors_info=\u00a0\u00bb{}\u00a0\u00bb]Les donn\u00e9es ne sont pas communiqu\u00e9es \u00e0 l\u2019ext\u00e9rieur sans consentement, sauf n\u00e9cessit\u00e9 de fournir le service demand\u00e9 ou obligation l\u00e9gale. Elles sont conserv\u00e9es sur des serveurs s\u00e9curis\u00e9s \u00e0 acc\u00e8s limit\u00e9.<br \/>\n[\/et_pb_text][et_pb_text _builder_version=\u00a0\u00bb4.27.6&Prime; _module_preset=\u00a0\u00bbdefault\u00a0\u00bb text_font=\u00a0\u00bbPoppins||||||||\u00a0\u00bb custom_margin=\u00a0\u00bb||9px|||\u00a0\u00bb hover_enabled=\u00a0\u00bb0&Prime; global_colors_info=\u00a0\u00bb{}\u00a0\u00bb sticky_enabled=\u00a0\u00bb0&Prime;]<\/p>\n<h4><strong>Compte Utilisateur<\/strong><\/h4>\n<p>[\/et_pb_text][et_pb_text _builder_version=\u00a0\u00bb4.27.6&Prime; _module_preset=\u00a0\u00bbdefault\u00a0\u00bb text_font=\u00a0\u00bbPoppins|300|||||||\u00a0\u00bb global_colors_info=\u00a0\u00bb{}\u00a0\u00bb]Un utilisateur enregistr\u00e9 peut demander la suppression de son compte ou de ses donn\u00e9es personnelles en envoyant un e-mail au webmaster.<br \/>\n[\/et_pb_text][et_pb_text _builder_version=\u00a0\u00bb4.27.6&Prime; _module_preset=\u00a0\u00bbdefault\u00a0\u00bb text_font=\u00a0\u00bbPoppins||||||||\u00a0\u00bb custom_margin=\u00a0\u00bb||7px|||\u00a0\u00bb hover_enabled=\u00a0\u00bb0&Prime; global_colors_info=\u00a0\u00bb{}\u00a0\u00bb sticky_enabled=\u00a0\u00bb0&Prime;]<\/p>\n<h4><strong>S\u00e9curit\u00e9 des Donn\u00e9es<\/strong><\/h4>\n<p>[\/et_pb_text][et_pb_text _builder_version=\u00a0\u00bb4.27.6&Prime; _module_preset=\u00a0\u00bbdefault\u00a0\u00bb text_font=\u00a0\u00bbPoppins|300|||||||\u00a0\u00bb global_colors_info=\u00a0\u00bb{}\u00a0\u00bb]Les informations sont prot\u00e9g\u00e9es par mot de passe. DEPROS SRL adopte toutes les mesures de s\u00e9curit\u00e9 physiques, \u00e9lectroniques et organisationnelles requises par la loi.<br \/>\n[\/et_pb_text][et_pb_text _builder_version=\u00a0\u00bb4.27.6&Prime; _module_preset=\u00a0\u00bbdefault\u00a0\u00bb text_font=\u00a0\u00bbPoppins||||||||\u00a0\u00bb custom_margin=\u00a0\u00bb||12px|||\u00a0\u00bb hover_enabled=\u00a0\u00bb0&Prime; global_colors_info=\u00a0\u00bb{}\u00a0\u00bb sticky_enabled=\u00a0\u00bb0&Prime;]<\/p>\n<h4><strong>Mineurs et Confidentialit\u00e9<\/strong><\/h4>\n<p>[\/et_pb_text][et_pb_text _builder_version=\u00a0\u00bb4.27.6&Prime; _module_preset=\u00a0\u00bbdefault\u00a0\u00bb text_font=\u00a0\u00bbPoppins|300|||||||\u00a0\u00bb global_colors_info=\u00a0\u00bb{}\u00a0\u00bb]Le site est \u00e9galement destin\u00e9 aux mineurs de moins de 18 ans, car il pr\u00e9sente du contenu institutionnel.<br \/>\n[\/et_pb_text][et_pb_text _builder_version=\u00a0\u00bb4.27.6&Prime; _module_preset=\u00a0\u00bbdefault\u00a0\u00bb text_font=\u00a0\u00bbPoppins|300|||||||\u00a0\u00bb custom_margin=\u00a0\u00bb||9px|||\u00a0\u00bb hover_enabled=\u00a0\u00bb0&Prime; global_colors_info=\u00a0\u00bb{}\u00a0\u00bb sticky_enabled=\u00a0\u00bb0&Prime;]<\/p>\n<h4><strong>Sites Tiers<\/strong><\/h4>\n<p>[\/et_pb_text][et_pb_text _builder_version=\u00a0\u00bb4.27.6&Prime; _module_preset=\u00a0\u00bbdefault\u00a0\u00bb text_font=\u00a0\u00bbPoppins|300|||||||\u00a0\u00bb global_colors_info=\u00a0\u00bb{}\u00a0\u00bb]Le site contient des liens vers d\u2019autres sites. DEPROS SRL n\u2019est pas responsable de leurs pratiques de confidentialit\u00e9 et invite l\u2019utilisateur \u00e0 en consulter les politiques.<br \/>\n[\/et_pb_text][et_pb_text _builder_version=\u00a0\u00bb4.27.6&Prime; _module_preset=\u00a0\u00bbdefault\u00a0\u00bb custom_margin=\u00a0\u00bb||8px|||\u00a0\u00bb hover_enabled=\u00a0\u00bb0&Prime; global_colors_info=\u00a0\u00bb{}\u00a0\u00bb sticky_enabled=\u00a0\u00bb0&Prime; text_font=\u00a0\u00bbPoppins||||||||\u00a0\u00bb]<\/p>\n<h4><strong>Modifications de la Politique<\/strong><\/h4>\n<p>[\/et_pb_text][et_pb_text _builder_version=\u00a0\u00bb4.27.6&Prime; _module_preset=\u00a0\u00bbdefault\u00a0\u00bb text_font=\u00a0\u00bbPoppins|300|||||||\u00a0\u00bb global_colors_info=\u00a0\u00bb{}\u00a0\u00bb]Le site utilise des cookies techniques, de session, de premi\u00e8re et troisi\u00e8me partie, ainsi que Google Analytics, conform\u00e9ment aux r\u00e9glementations en vigueur. Les utilisateurs peuvent d\u00e9sactiver les cookies depuis le navigateur ou via les outils de configuration propos\u00e9s.<br \/>\n[\/et_pb_text][\/et_pb_column][\/et_pb_row][\/et_pb_section]<\/p>\n","protected":false},"excerpt":{"rendered":"<p>CONDITIONS DE VENTE La marchandise voyage aux risques et p\u00e9rils du client, m\u00eame si vendue franco destinataire. Les r\u00e9clamations doivent parvenir dans les 8 jours suivant la livraison de la marchandise et en aucun cas, pour aucune raison, elles ne pourront suspendre ou retarder les paiements, lesquels devront, malgr\u00e9 toute contestation, \u00eatre effectu\u00e9s de la [&hellip;]<\/p>\n","protected":false},"author":1,"featured_media":0,"parent":0,"menu_order":0,"comment_status":"closed","ping_status":"closed","template":"","meta":{"_et_pb_use_builder":"on","_et_pb_old_content":"","_et_gb_content_width":"","footnotes":""},"class_list":["post-10581","page","type-page","status-publish","hentry"],"_links":{"self":[{"href":"https:\/\/depros.it\/fr\/wp-json\/wp\/v2\/pages\/10581","targetHints":{"allow":["GET"]}}],"collection":[{"href":"https:\/\/depros.it\/fr\/wp-json\/wp\/v2\/pages"}],"about":[{"href":"https:\/\/depros.it\/fr\/wp-json\/wp\/v2\/types\/page"}],"author":[{"embeddable":true,"href":"https:\/\/depros.it\/fr\/wp-json\/wp\/v2\/users\/1"}],"replies":[{"embeddable":true,"href":"https:\/\/depros.it\/fr\/wp-json\/wp\/v2\/comments?post=10581"}],"version-history":[{"count":5,"href":"https:\/\/depros.it\/fr\/wp-json\/wp\/v2\/pages\/10581\/revisions"}],"predecessor-version":[{"id":14858,"href":"https:\/\/depros.it\/fr\/wp-json\/wp\/v2\/pages\/10581\/revisions\/14858"}],"wp:attachment":[{"href":"https:\/\/depros.it\/fr\/wp-json\/wp\/v2\/media?parent=10581"}],"curies":[{"name":"wp","href":"https:\/\/api.w.org\/{rel}","templated":true}]}}