
{"id":10590,"date":"2025-09-25T08:21:14","date_gmt":"2025-09-25T06:21:14","guid":{"rendered":"https:\/\/depros.it\/politica-de-privacidad-de-depros-y-condiciones-de-venta\/"},"modified":"2026-03-30T10:12:34","modified_gmt":"2026-03-30T08:12:34","slug":"politica-de-privacidad-de-depros-y-condiciones-de-venta","status":"publish","type":"page","link":"https:\/\/depros.it\/es\/politica-de-privacidad-de-depros-y-condiciones-de-venta\/","title":{"rendered":"Pol\u00edtica de Privacidad y Condiciones de Venta"},"content":{"rendered":"<p>[et_pb_section fb_built=\u00bb1&#8243; _builder_version=\u00bb4.16&#8243; da_disable_devices=\u00bboff|off|off\u00bb global_colors_info=\u00bb{}\u00bb da_is_popup=\u00bboff\u00bb da_exit_intent=\u00bboff\u00bb da_has_close=\u00bbon\u00bb da_alt_close=\u00bboff\u00bb da_dark_close=\u00bboff\u00bb da_not_modal=\u00bbon\u00bb da_is_singular=\u00bboff\u00bb da_with_loader=\u00bboff\u00bb da_has_shadow=\u00bbon\u00bb][et_pb_row _builder_version=\u00bb4.16&#8243; background_size=\u00bbinitial\u00bb background_position=\u00bbtop_left\u00bb background_repeat=\u00bbrepeat\u00bb global_colors_info=\u00bb{}\u00bb][et_pb_column type=\u00bb4_4&#8243; _builder_version=\u00bb4.16&#8243; custom_padding=\u00bb|||\u00bb global_colors_info=\u00bb{}\u00bb custom_padding__hover=\u00bb|||\u00bb][et_pb_text _builder_version=\u00bb4.27.6&#8243; _module_preset=\u00bbdefault\u00bb text_font=\u00bbPoppins||||||||\u00bb custom_margin=\u00bb||-2px|||\u00bb global_colors_info=\u00bb{}\u00bb]<\/p>\n<h2>CONDICIONES DE VENTA<\/h2>\n<p>[\/et_pb_text][et_pb_text _builder_version=\u00bb4.27.6&#8243; text_font=\u00bbPoppins|300|||||||\u00bb custom_margin=\u00bb||8px|||\u00bb global_colors_info=\u00bb{}\u00bb]<\/p>\n<ol>\n<li>La mercanc\u00eda viaja por cuenta y riesgo del cliente, incluso si se vende franco destino.<\/li>\n<li>Las reclamaciones deber\u00e1n recibirse dentro de los 8 d\u00edas posteriores a la entrega de la mercanc\u00eda y en ning\u00fan caso y por ninguna raz\u00f3n podr\u00e1n suspender o retrasar los pagos, los cuales deber\u00e1n efectuarse en la forma y en los plazos ya establecidos, a pesar de cualquier reclamaci\u00f3n.<\/li>\n<li>Los plazos de entrega acordados deben entenderse siempre como aproximados; los posibles retrasos causados por fuerza mayor no dan derecho a solicitar indemnizaci\u00f3n por da\u00f1os.<\/li>\n<li>Los pagos deben realizarse exclusivamente en nuestro domicilio.<\/li>\n<li>Cualquier renovaci\u00f3n de efectos no constituye novaci\u00f3n de contrato; transcurrido el plazo convenido de pago comenzar\u00e1n a devengarse intereses de demora.<\/li>\n<li>No se reconocen los pagos efectuados a personas que no est\u00e9n provistas de nuestro mandato regular.<\/li>\n<li>Para cualquier controversia ser\u00e1 competente el tribunal de Nocera Inferiore.<br \/>\nATENCI\u00d3N: Verifique el encabezado exacto de la factura y el n\u00famero de IVA \u2013 en caso de error, comun\u00edquelo de inmediato; de lo contrario, no nos consideraremos obligados solidariamente seg\u00fan lo previsto por el art. 41 D.P.R. 633\/72. En caso de mercanc\u00eda defectuosa, ser\u00e1 el fabricante quien lo determine y se reembolsar\u00e1 el precio equivalente de compra y no los posibles da\u00f1os derivados. NOTA: Todos los transportes relacionados con cuestiones de garant\u00eda son siempre a cargo del comprador salvo indicaciones diferentes por nuestra parte.<\/li>\n<\/ol>\n<p>[\/et_pb_text][et_pb_text _builder_version=\u00bb4.27.6&#8243; _module_preset=\u00bbdefault\u00bb text_font=\u00bbPoppins||||||||\u00bb custom_margin=\u00bb||3px|||\u00bb global_colors_info=\u00bb{}\u00bb]<\/p>\n<h2>POL\u00cdTICA DE PRIVACIDAD<\/h2>\n<p>[\/et_pb_text][et_pb_text _builder_version=\u00bb4.27.6&#8243; _module_preset=\u00bbdefault\u00bb text_font=\u00bbPoppins|300|||||||\u00bb custom_margin=\u00bb||22px|||\u00bb global_colors_info=\u00bb{}\u00bb]INFORMACI\u00d3N SEG\u00daN ART. 13 DLGS. 196\/2003<br \/>\nInformamos a los usuarios de este sitio que el DLgs n.\u00ba 196 de 30 de junio de 2003 \u2013 C\u00f3digo en materia de protecci\u00f3n de datos personales \u2013 prev\u00e9 la protecci\u00f3n de las personas y otros sujetos respecto al tratamiento de datos personales (recibidos, por ejemplo, por correo electr\u00f3nico o formularios de registro).<br \/>\nDe acuerdo con la normativa indicada, dicho tratamiento se llevar\u00e1 a cabo conforme a los principios de correcci\u00f3n, licitud, transparencia y protecci\u00f3n de su privacidad y de sus derechos.<br \/>\nEn virtud del art\u00edculo 13 del DLgs n.\u00ba 196\/2003, le proporcionamos la siguiente informaci\u00f3n:<\/p>\n<ul>\n<li>Los datos proporcionados ser\u00e1n tratados para el registro de su contacto, para ser eventualmente recontactado, para la prestaci\u00f3n de los servicios donde se prevea la cumplimentaci\u00f3n de un formulario de \u201cContacto\u201d, cuando est\u00e9 activado autom\u00e1ticamente;<\/li>\n<li>El tratamiento se realizar\u00e1 por medios informatizados;<\/li>\n<li>La comunicaci\u00f3n de los datos es opcional; sin embargo, la falta, incluso parcial, de los datos solicitados en los campos marcados como \u201cobligatorios\u201d (marcados con *), determinar\u00e1 la imposibilidad de proporcionar el servicio;<\/li>\n<li>Los datos no ser\u00e1n comunicados a otros sujetos, salvo por obligaci\u00f3n legal, y en ning\u00fan caso se difundir\u00e1n;<\/li>\n<li>El titular del tratamiento es: DEPROS SRL;<\/li>\n<li>El responsable del tratamiento es el RL DE DEPROS SRL;<\/li>\n<li>En cualquier momento es posible ejercer sus derechos frente al titular del tratamiento, seg\u00fan el art. 7 del D.Lgs.196\/2003.<\/li>\n<\/ul>\n<p>Otorgar el consentimiento significa confirmar que ha sido informado correctamente sobre:<\/p>\n<ul>\n<li>el objeto de la informaci\u00f3n,<\/li>\n<li>las finalidades del tratamiento de datos,<\/li>\n<li>las modalidades del tratamiento de datos,<\/li>\n<li>la naturaleza de la prestaci\u00f3n,<\/li>\n<li>la eventual difusi\u00f3n y comunicaci\u00f3n de los datos,<\/li>\n<li>el nombre del titular del tratamiento, y conocer los derechos previstos en el art. 7 del D.Lgs 196\/03.<\/li>\n<\/ul>\n<p>Cuando se requiera en el formulario autom\u00e1tico de contacto, para consentir el tratamiento de sus datos personales es necesario marcar la confirmaci\u00f3n correspondiente.<br \/>\n[\/et_pb_text][et_pb_text _builder_version=\u00bb4.27.6&#8243; _module_preset=\u00bbdefault\u00bb text_font=\u00bbPoppins||||||||\u00bb custom_margin=\u00bb||-3px|||\u00bb hover_enabled=\u00bb0&#8243; global_colors_info=\u00bb{}\u00bb sticky_enabled=\u00bb0&#8243;]<\/p>\n<h4><strong>Pol\u00edtica de privacidad completa<\/strong><\/h4>\n<p>[\/et_pb_text][et_pb_text _builder_version=\u00bb4.27.6&#8243; _module_preset=\u00bbdefault\u00bb text_font=\u00bbPoppins|300|||||||\u00bb global_colors_info=\u00bb{}\u00bb]DEPROS SRL respeta la privacidad de sus usuarios y se compromete a proteger los datos personales que estos proporcionan. En general, el usuario puede navegar por el sitio sin proporcionar ninguna informaci\u00f3n personal. La recogida y tratamiento de datos personales se produce cuando es necesario, en relaci\u00f3n con la prestaci\u00f3n de los servicios solicitados por el usuario, o cuando el usuario decide comunicar sus datos personales; en estas circunstancias, esta pol\u00edtica de privacidad explica las modalidades y caracter\u00edsticas de la recogida y tratamiento de datos. DEPROS SRL trata los datos personales de acuerdo con la normativa vigente.<br \/>\n[\/et_pb_text][et_pb_text _builder_version=\u00bb4.27.6&#8243; _module_preset=\u00bbdefault\u00bb text_font=\u00bbPoppins||||||||\u00bb custom_margin=\u00bb||10px|||\u00bb hover_enabled=\u00bb0&#8243; global_colors_info=\u00bb{}\u00bb sticky_enabled=\u00bb0&#8243;]<\/p>\n<h4><strong>Recogida de Datos Personales<\/strong><\/h4>\n<p>[\/et_pb_text][et_pb_text _builder_version=\u00bb4.27.6&#8243; _module_preset=\u00bbdefault\u00bb text_font=\u00bbPoppins|300|||||||\u00bb custom_margin=\u00bb0px|||||\u00bb global_colors_info=\u00bb{}\u00bb]Datos personales significa cualquier informaci\u00f3n que pueda ser utilizada para identificar a una persona, empresa u otra entidad. Por ejemplo, se recoge el nombre y apellido, la direcci\u00f3n de correo electr\u00f3nico, la direcci\u00f3n postal u otro contacto f\u00edsico, otras informaciones necesarias para contactar al usuario, cualificaci\u00f3n, fecha de nacimiento, g\u00e9nero, trabajo, actividad comercial, intereses personales y otras informaciones necesarias para la prestaci\u00f3n de los servicios solicitados.<br \/>\n[\/et_pb_text][et_pb_text _builder_version=\u00bb4.27.6&#8243; _module_preset=\u00bbdefault\u00bb text_font=\u00bbPoppins||||||||\u00bb custom_margin=\u00bb||5px|||\u00bb hover_enabled=\u00bb0&#8243; global_colors_info=\u00bb{}\u00bb sticky_enabled=\u00bb0&#8243;]<\/p>\n<h4><strong>Datos de Navegaci\u00f3n<\/strong><\/h4>\n<p>[\/et_pb_text][et_pb_text _builder_version=\u00bb4.27.6&#8243; _module_preset=\u00bbdefault\u00bb text_font=\u00bbPoppins|300|||||||\u00bb global_colors_info=\u00bb{}\u00bb]La navegaci\u00f3n en el sitio DEPROS.IT se realiza de forma an\u00f3nima, salvo que el usuario est\u00e9 registrado para disfrutar de servicios personalizados. DEPROS SRL no recoge datos del usuario de forma autom\u00e1tica, incluyendo la direcci\u00f3n de correo electr\u00f3nico. El sitio registra la direcci\u00f3n IP del usuario para fines estad\u00edsticos y de control del correcto funcionamiento del sitio, conforme a la normativa vigente. Los datos pueden utilizarse para determinar responsabilidades en caso de delitos inform\u00e1ticos. DEPROS SRL no asocia la direcci\u00f3n IP con otras informaciones personales, salvo despu\u00e9s de informar al usuario y obtener su consentimiento, y solo para usuarios registrados. El sitio puede utilizar \u201ccookies\u201d para recoger informaciones sobre el uso del sitio. V\u00e9ase secci\u00f3n \u201cCookies\u201d.<br \/>\n[\/et_pb_text][et_pb_text _builder_version=\u00bb4.27.6&#8243; _module_preset=\u00bbdefault\u00bb text_font=\u00bbPoppins||||||||\u00bb custom_margin=\u00bb||1px|||\u00bb hover_enabled=\u00bb0&#8243; global_colors_info=\u00bb{}\u00bb sticky_enabled=\u00bb0&#8243;]<\/p>\n<h4><strong>Datos Proporcionados Voluntariamente<\/strong><\/h4>\n<p>[\/et_pb_text][et_pb_text _builder_version=\u00bb4.27.6&#8243; _module_preset=\u00bbdefault\u00bb text_font=\u00bbPoppins|300|||||||\u00bb global_colors_info=\u00bb{}\u00bb]DEPROS SRL recoge los datos personales en el momento del registro del usuario para asignarle un C\u00d3DIGO DE USUARIO y una contrase\u00f1a, necesarios para acceder a determinados productos o servicios. Algunos servicios prev\u00e9n el env\u00edo opcional, expl\u00edcito y voluntario de correos electr\u00f3nicos, que implica la adquisici\u00f3n de la direcci\u00f3n del remitente y de otros datos personales introducidos en el mensaje.<br \/>\n[\/et_pb_text][et_pb_text _builder_version=\u00bb4.27.6&#8243; _module_preset=\u00bbdefault\u00bb text_font=\u00bbPoppins||||||||\u00bb custom_margin=\u00bb||7px|||\u00bb hover_enabled=\u00bb0&#8243; global_colors_info=\u00bb{}\u00bb sticky_enabled=\u00bb0&#8243;]<\/p>\n<h4><strong>Comunicaci\u00f3n de Datos Personales<\/strong><\/h4>\n<p>[\/et_pb_text][et_pb_text _builder_version=\u00bb4.27.6&#8243; _module_preset=\u00bbdefault\u00bb text_font=\u00bbPoppins|300|||||||\u00bb global_colors_info=\u00bb{}\u00bb]En caso de recogida de datos personales, DEPROS SRL informar\u00e1 al usuario de las finalidades de la recogida y, cuando sea necesario, solicitar\u00e1 su consentimiento. Los datos podr\u00e1n comunicarse \u00fanicamente dentro de la organizaci\u00f3n o a terceros estrictamente necesarios para la prestaci\u00f3n del servicio.<br \/>\n[\/et_pb_text][et_pb_text _builder_version=\u00bb4.27.6&#8243; _module_preset=\u00bbdefault\u00bb text_font=\u00bbPoppins||||||||\u00bb custom_margin=\u00bb||5px|||\u00bb hover_enabled=\u00bb0&#8243; global_colors_info=\u00bb{}\u00bb sticky_enabled=\u00bb0&#8243;]<\/p>\n<h4><strong>Cookies<\/strong><\/h4>\n<p>[\/et_pb_text][et_pb_text _builder_version=\u00bb4.27.6&#8243; _module_preset=\u00bbdefault\u00bb text_font=\u00bbPoppins|300|||||||\u00bb global_colors_info=\u00bb{}\u00bb]Una cookie es un peque\u00f1o archivo de texto enviado al ordenador del usuario. Puede contener un identificador para controlar las p\u00e1ginas visitadas, pero las \u00fanicas informaciones personales que puede contener son las proporcionadas por el usuario. El usuario puede desactivar las cookies en su navegador, aunque esto puede limitar ciertas funcionalidades.<br \/>\n[\/et_pb_text][et_pb_text _builder_version=\u00bb4.27.6&#8243; _module_preset=\u00bbdefault\u00bb text_font=\u00bbPoppins||||||||\u00bb custom_margin=\u00bb||16px|||\u00bb hover_enabled=\u00bb0&#8243; global_colors_info=\u00bb{}\u00bb sticky_enabled=\u00bb0&#8243;]<\/p>\n<h4><strong>Finalidad y Modalidad del Tratamiento<\/strong><\/h4>\n<p>[\/et_pb_text][et_pb_text _builder_version=\u00bb4.27.6&#8243; _module_preset=\u00bbdefault\u00bb text_font=\u00bbPoppins|300|||||||\u00bb global_colors_info=\u00bb{}\u00bb]Los datos se tratan para: satisfacer las solicitudes espec\u00edficas de productos o servicios, personalizar la visita del usuario al sitio, mantenerlo informado de novedades. El tratamiento se efect\u00faa conforme a la normativa vigente.<br \/>\n[\/et_pb_text][et_pb_text _builder_version=\u00bb4.27.6&#8243; _module_preset=\u00bbdefault\u00bb text_font=\u00bbPoppins||||||||\u00bb custom_margin=\u00bb||9px|||\u00bb hover_enabled=\u00bb0&#8243; global_colors_info=\u00bb{}\u00bb sticky_enabled=\u00bb0&#8243;]<\/p>\n<h4><strong>\u00c1mbito de Comunicaci\u00f3n y Difusi\u00f3n<\/strong><\/h4>\n<p>[\/et_pb_text][et_pb_text _builder_version=\u00bb4.27.6&#8243; _module_preset=\u00bbdefault\u00bb text_font=\u00bbPoppins|300|||||||\u00bb global_colors_info=\u00bb{}\u00bb]Los datos no se comunican externamente sin consentimiento, salvo cuando sea necesario para la prestaci\u00f3n del servicio o por obligaci\u00f3n legal.<br \/>\n[\/et_pb_text][et_pb_text _builder_version=\u00bb4.27.6&#8243; _module_preset=\u00bbdefault\u00bb text_font=\u00bbPoppins||||||||\u00bb custom_margin=\u00bb||9px|||\u00bb hover_enabled=\u00bb0&#8243; global_colors_info=\u00bb{}\u00bb sticky_enabled=\u00bb0&#8243;]<\/p>\n<h4><strong>Cuenta de Usuario<\/strong><\/h4>\n<p>[\/et_pb_text][et_pb_text _builder_version=\u00bb4.27.6&#8243; _module_preset=\u00bbdefault\u00bb text_font=\u00bbPoppins|300|||||||\u00bb global_colors_info=\u00bb{}\u00bb]Un usuario registrado puede solicitar la eliminaci\u00f3n de su cuenta o de sus datos enviando un correo electr\u00f3nico al webmaster.<br \/>\n[\/et_pb_text][et_pb_text _builder_version=\u00bb4.27.6&#8243; _module_preset=\u00bbdefault\u00bb text_font=\u00bbPoppins||||||||\u00bb custom_margin=\u00bb||7px|||\u00bb hover_enabled=\u00bb0&#8243; global_colors_info=\u00bb{}\u00bb sticky_enabled=\u00bb0&#8243;]<\/p>\n<h4><strong>Seguridad de los Datos<\/strong><\/h4>\n<p>[\/et_pb_text][et_pb_text _builder_version=\u00bb4.27.6&#8243; _module_preset=\u00bbdefault\u00bb text_font=\u00bbPoppins|300|||||||\u00bb global_colors_info=\u00bb{}\u00bb]La informaci\u00f3n est\u00e1 protegida por contrase\u00f1a. DEPROS SRL adopta todas las medidas de seguridad f\u00edsicas, electr\u00f3nicas y organizativas requeridas por la ley.<br \/>\n[\/et_pb_text][et_pb_text _builder_version=\u00bb4.27.6&#8243; _module_preset=\u00bbdefault\u00bb text_font=\u00bbPoppins||||||||\u00bb custom_margin=\u00bb||12px|||\u00bb hover_enabled=\u00bb0&#8243; global_colors_info=\u00bb{}\u00bb sticky_enabled=\u00bb0&#8243;]<\/p>\n<h4><strong>Menores y Privacidad<\/strong><\/h4>\n<p>[\/et_pb_text][et_pb_text _builder_version=\u00bb4.27.6&#8243; _module_preset=\u00bbdefault\u00bb text_font=\u00bbPoppins|300|||||||\u00bb global_colors_info=\u00bb{}\u00bb]El sitio tambi\u00e9n est\u00e1 destinado a menores de 18 a\u00f1os, ya que presenta contenidos institucionales.<br \/>\n[\/et_pb_text][et_pb_text _builder_version=\u00bb4.27.6&#8243; _module_preset=\u00bbdefault\u00bb text_font=\u00bbPoppins|300|||||||\u00bb custom_margin=\u00bb||9px|||\u00bb hover_enabled=\u00bb0&#8243; global_colors_info=\u00bb{}\u00bb sticky_enabled=\u00bb0&#8243;]<\/p>\n<h4><strong>Sitios de Terceros<\/strong><\/h4>\n<p>[\/et_pb_text][et_pb_text _builder_version=\u00bb4.27.6&#8243; _module_preset=\u00bbdefault\u00bb text_font=\u00bbPoppins|300|||||||\u00bb global_colors_info=\u00bb{}\u00bb]El sitio contiene enlaces a otros sitios. DEPROS SRL no es responsable de las pr\u00e1cticas de privacidad de estos sitios y recomienda al usuario que lea sus pol\u00edticas.<br \/>\n[\/et_pb_text][et_pb_text _builder_version=\u00bb4.27.6&#8243; _module_preset=\u00bbdefault\u00bb custom_margin=\u00bb||8px|||\u00bb hover_enabled=\u00bb0&#8243; global_colors_info=\u00bb{}\u00bb sticky_enabled=\u00bb0&#8243; text_font=\u00bbPoppins||||||||\u00bb]<\/p>\n<h4><strong>Modificaciones de la Pol\u00edtica<\/strong><\/h4>\n<p>[\/et_pb_text][et_pb_text _builder_version=\u00bb4.27.6&#8243; _module_preset=\u00bbdefault\u00bb text_font=\u00bbPoppins|300|||||||\u00bb global_colors_info=\u00bb{}\u00bb]En caso de modificaciones sustanciales en la forma de tratamiento de datos personales, esta p\u00e1gina ser\u00e1 actualizada.<br \/>\n[\/et_pb_text][\/et_pb_column][\/et_pb_row][\/et_pb_section]<\/p>\n","protected":false},"excerpt":{"rendered":"<p>CONDICIONES DE VENTA La mercanc\u00eda viaja por cuenta y riesgo del cliente, incluso si se vende franco destino. Las reclamaciones deber\u00e1n recibirse dentro de los 8 d\u00edas posteriores a la entrega de la mercanc\u00eda y en ning\u00fan caso y por ninguna raz\u00f3n podr\u00e1n suspender o retrasar los pagos, los cuales deber\u00e1n efectuarse en la forma [&hellip;]<\/p>\n","protected":false},"author":1,"featured_media":0,"parent":0,"menu_order":0,"comment_status":"closed","ping_status":"closed","template":"","meta":{"_et_pb_use_builder":"on","_et_pb_old_content":"","_et_gb_content_width":"","footnotes":""},"class_list":["post-10590","page","type-page","status-publish","hentry"],"_links":{"self":[{"href":"https:\/\/depros.it\/es\/wp-json\/wp\/v2\/pages\/10590","targetHints":{"allow":["GET"]}}],"collection":[{"href":"https:\/\/depros.it\/es\/wp-json\/wp\/v2\/pages"}],"about":[{"href":"https:\/\/depros.it\/es\/wp-json\/wp\/v2\/types\/page"}],"author":[{"embeddable":true,"href":"https:\/\/depros.it\/es\/wp-json\/wp\/v2\/users\/1"}],"replies":[{"embeddable":true,"href":"https:\/\/depros.it\/es\/wp-json\/wp\/v2\/comments?post=10590"}],"version-history":[{"count":5,"href":"https:\/\/depros.it\/es\/wp-json\/wp\/v2\/pages\/10590\/revisions"}],"predecessor-version":[{"id":14861,"href":"https:\/\/depros.it\/es\/wp-json\/wp\/v2\/pages\/10590\/revisions\/14861"}],"wp:attachment":[{"href":"https:\/\/depros.it\/es\/wp-json\/wp\/v2\/media?parent=10590"}],"curies":[{"name":"wp","href":"https:\/\/api.w.org\/{rel}","templated":true}]}}