
{"id":10483,"date":"2018-05-02T13:08:20","date_gmt":"2018-05-02T11:08:20","guid":{"rendered":"https:\/\/depros.it\/quienes-somos\/"},"modified":"2026-04-23T14:46:21","modified_gmt":"2026-04-23T12:46:21","slug":"empresa","status":"publish","type":"page","link":"https:\/\/depros.it\/es\/empresa\/","title":{"rendered":"Empresa"},"content":{"rendered":"<p>[et_pb_section fb_built=\u00bb1&#8243; fullwidth=\u00bbon\u00bb _builder_version=\u00bb4.18.0&#8243; da_disable_devices=\u00bboff|off|off\u00bb global_colors_info=\u00bb{}\u00bb da_is_popup=\u00bboff\u00bb da_exit_intent=\u00bboff\u00bb da_has_close=\u00bbon\u00bb da_alt_close=\u00bboff\u00bb da_dark_close=\u00bboff\u00bb da_not_modal=\u00bbon\u00bb da_is_singular=\u00bboff\u00bb da_with_loader=\u00bboff\u00bb da_has_shadow=\u00bbon\u00bb][et_pb_fullwidth_header title=\u00bb@ET-DC@eyJkeW5hbWljIjp0cnVlLCJjb250ZW50IjoicG9zdF90aXRsZSIsInNldHRpbmdzIjp7ImJlZm9yZSI6IiIsImFmdGVyIjoiIiwiZW5hYmxlX2h0bWwiOiJvZmYifX0=@\u00bb text_orientation=\u00bbcenter\u00bb background_overlay_color=\u00bbRGBA(255,255,255,0)\u00bb admin_label=\u00bbIntestazione a Larghezza Piena\u00bb _builder_version=\u00bb4.18.0&#8243; _dynamic_attributes=\u00bbtitle\u00bb title_font=\u00bbPoppins||||||||\u00bb title_text_align=\u00bbcenter\u00bb title_text_color=\u00bb#ffffff\u00bb title_font_size=\u00bb41px\u00bb content_font=\u00bb|600|||||||\u00bb content_text_color=\u00bb#ffffff\u00bb subhead_text_color=\u00bb#ffffff\u00bb background_enable_color=\u00bboff\u00bb background_image=\u00bbhttps:\/\/depros.it\/wp-content\/uploads\/2026\/03\/BANNER-X-PAGINE-SITO-1.png\u00bb background_blend=\u00bbcolor-burn\u00bb border_color_all=\u00bb#49C4F9&#8243; border_width_bottom=\u00bb5px\u00bb global_colors_info=\u00bb{}\u00bb button_one_text_size__hover_enabled=\u00bboff\u00bb button_two_text_size__hover_enabled=\u00bboff\u00bb button_one_text_color__hover_enabled=\u00bboff\u00bb button_two_text_color__hover_enabled=\u00bboff\u00bb button_one_border_width__hover_enabled=\u00bboff\u00bb button_two_border_width__hover_enabled=\u00bboff\u00bb button_one_border_color__hover_enabled=\u00bboff\u00bb button_two_border_color__hover_enabled=\u00bboff\u00bb button_one_border_radius__hover_enabled=\u00bboff\u00bb button_two_border_radius__hover_enabled=\u00bboff\u00bb button_one_letter_spacing__hover_enabled=\u00bboff\u00bb button_two_letter_spacing__hover_enabled=\u00bboff\u00bb button_one_bg_color__hover_enabled=\u00bboff\u00bb button_two_bg_color__hover_enabled=\u00bboff\u00bb][\/et_pb_fullwidth_header][\/et_pb_section][et_pb_section fb_built=\u00bb1&#8243; _builder_version=\u00bb4.18.0&#8243; custom_margin=\u00bb|||\u00bb custom_padding=\u00bb0px||30px||false|false\u00bb da_disable_devices=\u00bboff|off|off\u00bb global_colors_info=\u00bb{}\u00bb da_is_popup=\u00bboff\u00bb da_exit_intent=\u00bboff\u00bb da_has_close=\u00bbon\u00bb da_alt_close=\u00bboff\u00bb da_dark_close=\u00bboff\u00bb da_not_modal=\u00bbon\u00bb da_is_singular=\u00bboff\u00bb da_with_loader=\u00bboff\u00bb da_has_shadow=\u00bbon\u00bb][et_pb_row _builder_version=\u00bb4.18.0&#8243; _module_preset=\u00bbdefault\u00bb custom_padding=\u00bb44px||21px|||\u00bb global_colors_info=\u00bb{}\u00bb][et_pb_column type=\u00bb4_4&#8243; _builder_version=\u00bb4.18.0&#8243; _module_preset=\u00bbdefault\u00bb global_colors_info=\u00bb{}\u00bb][et_pb_text _builder_version=\u00bb4.18.0&#8243; _module_preset=\u00bbdefault\u00bb text_font=\u00bbPoppins|300|||||||\u00bb global_colors_info=\u00bb{}\u00bb]<\/p>\n<p>Fundada en 1980, <strong>DEPROS S.r.l. <\/strong>es l\u00edder en el sector de repuestos remanufacturados para el mercado de posventa. Durante m\u00e1s de cuarenta a\u00f1os, hemos operado con un objetivo claro: ofrecer a los especialistas soluciones fiables, certificadas y verdaderamente competitivas. <\/p>\n<p>Nuestra experiencia, combinada con rigurosos procesos de producci\u00f3n y controles de calidad, nos permite garantizar altos est\u00e1ndares y un rendimiento constante. Cada componente se fabrica, ensambla y prueba internamente para asegurar su calidad, seguridad y durabilidad. <\/p>\n<p>[\/et_pb_text][\/et_pb_column][\/et_pb_row][et_pb_row column_structure=\u00bb1_3,1_3,1_3&#8243; _builder_version=\u00bb4.18.0&#8243; background_size=\u00bbinitial\u00bb background_position=\u00bbtop_left\u00bb background_repeat=\u00bbrepeat\u00bb custom_padding=\u00bb||58px|4px||\u00bb locked=\u00bboff\u00bb global_colors_info=\u00bb{}\u00bb][et_pb_column type=\u00bb1_3&#8243; _builder_version=\u00bb4.18.0&#8243; custom_padding=\u00bb20px|20px||20px|false|false\u00bb border_width_top=\u00bb3px\u00bb border_color_top=\u00bbgcid-78580d7f-98e0-4ead-ab9d-862217e7e700&#8243; border_color_left=\u00bbgcid-78580d7f-98e0-4ead-ab9d-862217e7e700&#8243; global_colors_info=\u00bb{%22gcid-78580d7f-98e0-4ead-ab9d-862217e7e700%22:%91%22border_color_left%22,%22border_color_top%22%93}\u00bb custom_padding__hover=\u00bb|||\u00bb][et_pb_text admin_label=\u00bbTitolo Core Assy\u00bb _builder_version=\u00bb4.18.0&#8243; text_font=\u00bbPoppins||||||||\u00bb header_2_text_align=\u00bbcenter\u00bb custom_margin=\u00bb||20px||false|false\u00bb custom_padding=\u00bb||||false|false\u00bb border_color_top=\u00bbgcid-78580d7f-98e0-4ead-ab9d-862217e7e700&#8243; global_colors_info=\u00bb{%22gcid-78580d7f-98e0-4ead-ab9d-862217e7e700%22:%91%22border_color_top%22%93}\u00bb]<\/p>\n<h2>Soporte para especialistas<\/h2>\n<p>[\/et_pb_text][et_pb_image src=\u00bbhttps:\/\/depros.it\/wp-content\/uploads\/2026\/03\/supporto-allo-specialista.png\u00bb alt=\u00bbSoporte para especialistas\u00bb title_text=\u00bbSoporte para especialistas\u00bb align=\u00bbcenter\u00bb align_tablet=\u00bbcenter\u00bb align_phone=\u00bbcenter\u00bb align_last_edited=\u00bbon|desktop\u00bb _builder_version=\u00bb4.27.6&#8243; module_alignment=\u00bbcenter\u00bb custom_margin=\u00bb||20px||false|false\u00bb box_shadow_style=\u00bbpreset1&#8243; box_shadow_blur=\u00bb10px\u00bb box_shadow_spread=\u00bb-2px\u00bb global_colors_info=\u00bb{}\u00bb][\/et_pb_image][et_pb_text _builder_version=\u00bb4.18.0&#8243; text_font=\u00bbPoppins|300|||||||\u00bb text_font_size=\u00bb15px\u00bb header_2_text_align=\u00bbleft\u00bb header_2_font_size=\u00bb18px\u00bb text_orientation=\u00bbjustified\u00bb global_colors_info=\u00bb{}\u00bb]<\/p>\n<p style=\"text-align: left;\"><span>Apoyamos a los profesionales del sector en<\/span> <strong>cada etapa<\/strong>: <span>desde la solicitud de presupuesto hasta la entrega, pasando por el soporte t\u00e9cnico posventa. Nuestro equipo cualificado proporciona asesoramiento t\u00e9cnico, informaci\u00f3n detallada y asistencia para la instalaci\u00f3n, garantizando soluciones r\u00e1pidas, completas y rentables para el trabajo diario de los especialistas.<\/span><\/p>\n<p>[\/et_pb_text][\/et_pb_column][et_pb_column type=\u00bb1_3&#8243; _builder_version=\u00bb4.18.0&#8243; custom_padding=\u00bb20px|20px||20px|false|false\u00bb border_width_top=\u00bb3px\u00bb border_color_top=\u00bbgcid-78580d7f-98e0-4ead-ab9d-862217e7e700&#8243; border_color_left=\u00bbgcid-78580d7f-98e0-4ead-ab9d-862217e7e700&#8243; global_colors_info=\u00bb{%22gcid-78580d7f-98e0-4ead-ab9d-862217e7e700%22:%91%22border_color_left%22,%22border_color_top%22%93}\u00bb custom_padding__hover=\u00bb|||\u00bb][et_pb_text admin_label=\u00bbTitolo Core Assy\u00bb _builder_version=\u00bb4.18.0&#8243; text_font=\u00bbPoppins||||||||\u00bb header_2_text_align=\u00bbcenter\u00bb custom_margin=\u00bb||20px||false|false\u00bb custom_padding=\u00bb||||false|false\u00bb border_color_top=\u00bbgcid-78580d7f-98e0-4ead-ab9d-862217e7e700&#8243; global_colors_info=\u00bb{%22gcid-78580d7f-98e0-4ead-ab9d-862217e7e700%22:%91%22border_color_top%22%93}\u00bb]<\/p>\n<h2>Calidad y valor<\/h2>\n<p>[\/et_pb_text][et_pb_image src=\u00bbhttps:\/\/depros.it\/wp-content\/uploads\/2026\/03\/Qualita-e-valore.png\u00bb alt=\u00bbCalidad y valor\u00bb title_text=\u00bbCalidad y valor\u00bb align=\u00bbcenter\u00bb align_tablet=\u00bbcenter\u00bb align_phone=\u00bbcenter\u00bb align_last_edited=\u00bbon|desktop\u00bb _builder_version=\u00bb4.27.6&#8243; module_alignment=\u00bbcenter\u00bb custom_margin=\u00bb||20px||false|false\u00bb box_shadow_style=\u00bbpreset1&#8243; box_shadow_blur=\u00bb10px\u00bb box_shadow_spread=\u00bb-2px\u00bb global_colors_info=\u00bb{}\u00bb][\/et_pb_image][et_pb_text _builder_version=\u00bb4.18.0&#8243; text_font=\u00bbPoppins|300|||||||\u00bb text_font_size=\u00bb15px\u00bb header_2_text_align=\u00bbleft\u00bb header_2_font_size=\u00bb18px\u00bb text_orientation=\u00bbjustified\u00bb global_colors_info=\u00bb{}\u00bb]<\/p>\n<p style=\"text-align: left;\">Gestionamos internamente <strong>cada etapa del proceso de producci\u00f3n<\/strong>: <span>desde la fabricaci\u00f3n de componentes hasta el ensamblaje, pasando por las pruebas en bancos de pruebas de \u00faltima generaci\u00f3n, garantizando el mantenimiento de altos est\u00e1ndares de calidad. Invertimos constantemente en tecnolog\u00eda y experiencia para asegurar productos certificados que satisfagan las necesidades del mercado de posventa.<\/span><\/p>\n<p>[\/et_pb_text][\/et_pb_column][et_pb_column type=\u00bb1_3&#8243; _builder_version=\u00bb4.18.0&#8243; custom_padding=\u00bb20px|20px||20px|false|false\u00bb border_width_top=\u00bb3px\u00bb border_color_top=\u00bbgcid-78580d7f-98e0-4ead-ab9d-862217e7e700&#8243; border_color_left=\u00bbgcid-78580d7f-98e0-4ead-ab9d-862217e7e700&#8243; global_colors_info=\u00bb{%22gcid-78580d7f-98e0-4ead-ab9d-862217e7e700%22:%91%22border_color_left%22,%22border_color_top%22%93}\u00bb custom_padding__hover=\u00bb|||\u00bb][et_pb_text admin_label=\u00bbTitolo Core Assy\u00bb _builder_version=\u00bb4.18.0&#8243; text_font=\u00bbPoppins||||||||\u00bb header_2_text_align=\u00bbcenter\u00bb custom_margin=\u00bb||20px||false|false\u00bb custom_padding=\u00bb||||false|false\u00bb border_color_top=\u00bbgcid-78580d7f-98e0-4ead-ab9d-862217e7e700&#8243; global_colors_info=\u00bb{%22gcid-78580d7f-98e0-4ead-ab9d-862217e7e700%22:%91%22border_color_top%22%93}\u00bb]<\/p>\n<h2>Sostenibilidad ambiental<\/h2>\n<p>[\/et_pb_text][et_pb_image src=\u00bbhttps:\/\/depros.it\/wp-content\/uploads\/2026\/03\/Ecosostenibilita.png\u00bb alt=\u00bbSostenibilidad ambiental\u00bb title_text=\u00bbSostenibilidad ambiental\u00bb align=\u00bbcenter\u00bb align_tablet=\u00bbcenter\u00bb align_phone=\u00bbcenter\u00bb align_last_edited=\u00bbon|desktop\u00bb _builder_version=\u00bb4.27.6&#8243; module_alignment=\u00bbcenter\u00bb custom_margin=\u00bb||20px||false|false\u00bb box_shadow_style=\u00bbpreset1&#8243; box_shadow_blur=\u00bb10px\u00bb box_shadow_spread=\u00bb-2px\u00bb global_colors_info=\u00bb{}\u00bb][\/et_pb_image][et_pb_text _builder_version=\u00bb4.18.0&#8243; text_font=\u00bbPoppins|300|||||||\u00bb text_font_size=\u00bb15px\u00bb header_2_text_align=\u00bbleft\u00bb header_2_font_size=\u00bb18px\u00bb text_orientation=\u00bbjustified\u00bb global_colors_info=\u00bb{}\u00bb]<\/p>\n<p style=\"text-align: left;\"><span>Las reparaciones representan una<\/span> <strong>opci\u00f3n responsable<\/strong> <span>que reduce el impacto ambiental al limitar el consumo de materias primas y energ\u00eda. DEPROS adopta pr\u00e1cticas orientadas a la sostenibilidad, promoviendo la recuperaci\u00f3n de materiales y el reciclaje de los embalajes utilizados en los env\u00edos, contribuyendo as\u00ed a un modelo de producci\u00f3n m\u00e1s eficiente y ambientalmente responsable.<\/span><\/p>\n<p>[\/et_pb_text][\/et_pb_column][\/et_pb_row][\/et_pb_section]<\/p>\n","protected":false},"excerpt":{"rendered":"<p>Fundada en 1980, DEPROS S.r.l. es l\u00edder en el sector de repuestos remanufacturados para el mercado de posventa. Durante m\u00e1s de cuarenta a\u00f1os, hemos operado con un objetivo claro: ofrecer a los especialistas soluciones fiables, certificadas y verdaderamente competitivas. Nuestra experiencia, combinada con rigurosos procesos de producci\u00f3n y controles de calidad, nos permite garantizar altos [&hellip;]<\/p>\n","protected":false},"author":1,"featured_media":0,"parent":0,"menu_order":1,"comment_status":"closed","ping_status":"closed","template":"","meta":{"_et_pb_use_builder":"on","_et_pb_old_content":"","_et_gb_content_width":"","footnotes":""},"class_list":["post-10483","page","type-page","status-publish","hentry"],"_links":{"self":[{"href":"https:\/\/depros.it\/es\/wp-json\/wp\/v2\/pages\/10483","targetHints":{"allow":["GET"]}}],"collection":[{"href":"https:\/\/depros.it\/es\/wp-json\/wp\/v2\/pages"}],"about":[{"href":"https:\/\/depros.it\/es\/wp-json\/wp\/v2\/types\/page"}],"author":[{"embeddable":true,"href":"https:\/\/depros.it\/es\/wp-json\/wp\/v2\/users\/1"}],"replies":[{"embeddable":true,"href":"https:\/\/depros.it\/es\/wp-json\/wp\/v2\/comments?post=10483"}],"version-history":[{"count":21,"href":"https:\/\/depros.it\/es\/wp-json\/wp\/v2\/pages\/10483\/revisions"}],"predecessor-version":[{"id":16627,"href":"https:\/\/depros.it\/es\/wp-json\/wp\/v2\/pages\/10483\/revisions\/16627"}],"wp:attachment":[{"href":"https:\/\/depros.it\/es\/wp-json\/wp\/v2\/media?parent=10483"}],"curies":[{"name":"wp","href":"https:\/\/api.w.org\/{rel}","templated":true}]}}