
{"id":16406,"date":"2026-04-15T16:44:09","date_gmt":"2026-04-15T14:44:09","guid":{"rendered":"https:\/\/depros.it\/ruecksendeantrag-und-produktunterstuetzung\/"},"modified":"2026-04-23T15:36:19","modified_gmt":"2026-04-23T13:36:19","slug":"ruecksendeantrag-und-produktunterstuetzung","status":"publish","type":"page","link":"https:\/\/depros.it\/de\/ruecksendeantrag-und-produktunterstuetzung\/","title":{"rendered":"R\u00fccksendeantrag und Produktunterst\u00fctzung"},"content":{"rendered":"<p>[et_pb_section fb_built=&#8220;1&#8243; _builder_version=&#8220;4.27.6&#8243; _module_preset=&#8220;default&#8220; custom_padding=&#8220;2px||3px|||&#8220; da_disable_devices=&#8220;off|off|off&#8220; global_colors_info=&#8220;{}&#8220; da_is_popup=&#8220;off&#8220; da_exit_intent=&#8220;off&#8220; da_has_close=&#8220;on&#8220; da_alt_close=&#8220;off&#8220; da_dark_close=&#8220;off&#8220; da_not_modal=&#8220;on&#8220; da_is_singular=&#8220;off&#8220; da_with_loader=&#8220;off&#8220; da_has_shadow=&#8220;on&#8220;][et_pb_row _builder_version=&#8220;4.27.6&#8243; _module_preset=&#8220;default&#8220; min_height=&#8220;144.2px&#8220; custom_margin=&#8220;-3px|auto||auto||&#8220; custom_padding=&#8220;45px||4px|||&#8220; global_colors_info=&#8220;{}&#8220;][et_pb_column type=&#8220;4_4&#8243; _builder_version=&#8220;4.27.6&#8243; _module_preset=&#8220;default&#8220; global_colors_info=&#8220;{}&#8220;][et_pb_text _builder_version=&#8220;4.27.6&#8243; _module_preset=&#8220;default&#8220; header_font=&#8220;Poppins|800|||||||&#8220; header_text_color=&#8220;gcid-body-color&#8220; custom_margin=&#8220;||17px|||&#8220; hover_enabled=&#8220;0&#8243; global_colors_info=&#8220;{%22gcid-body-color%22:%91%22header_text_color%22%93}&#8220; sticky_enabled=&#8220;0&#8243;]<\/p>\n<h1>R\u00fccksendungen und Produktunterst\u00fctzung<\/h1>\n<p>[\/et_pb_text][et_pb_text _builder_version=&#8220;4.27.6&#8243; _module_preset=&#8220;default&#8220; text_font=&#8220;Poppins|300|||||||&#8220; custom_margin=&#8220;-1px||19px|||&#8220; global_colors_info=&#8220;{}&#8220;]<\/p>\n<p>Um einen schnellen und organisierten Service zu gew\u00e4hrleisten, stellt DEPROS dieses Formular f\u00fcr <strong data-start=\"371\" data-end=\"441\">R\u00fccksendeantr\u00e4ge, Gutachten und Garantieunterst\u00fctzung<\/strong> zur Verf\u00fcgung.<o:p><\/o:p><\/p>\n<p data-start=\"444\" data-end=\"597\">F\u00fcllen Sie das <strong>Formular<\/strong> vollst\u00e4ndig aus, damit wir Ihre Meldung korrekt analysieren und Ihnen so schnell wie m\u00f6glich eine Antwort zukommen lassen k\u00f6nnen.<o:p><\/o:p><\/p>\n<p><em>Sollten weitere technische Pr\u00fcfungen erforderlich sein, wird unser Team Sie direkt kontaktieren.<\/em><o:p><\/o:p><\/p>\n<p>[\/et_pb_text][\/et_pb_column][\/et_pb_row][et_pb_row _builder_version=&#8220;4.27.6&#8243; _module_preset=&#8220;default&#8220; module_alignment=&#8220;center&#8220; custom_margin=&#8220;-11px|auto||auto||&#8220; custom_padding=&#8220;16px|||||&#8220; global_colors_info=&#8220;{}&#8220;][et_pb_column type=&#8220;4_4&#8243; _builder_version=&#8220;4.27.6&#8243; _module_preset=&#8220;default&#8220; global_colors_info=&#8220;{}&#8220;][et_pb_text _builder_version=&#8220;4.27.6&#8243; _module_preset=&#8220;default&#8220; header_3_font=&#8220;Poppins|800|||||||&#8220; header_3_text_align=&#8220;center&#8220; custom_margin=&#8220;||10px|||&#8220; global_colors_info=&#8220;{}&#8220;]<\/p>\n<h3>R\u00fccksendeantrag<\/h3>\n<p>[\/et_pb_text][et_pb_code _builder_version=&#8220;4.27.6&#8243; _module_preset=&#8220;default&#8220; background_color=&#8220;gcid-0a9de6b2-9d03-4c1e-b803-fd4d902afdf4&#8243; text_orientation=&#8220;left&#8220; width=&#8220;81.4%&#8220; module_alignment=&#8220;center&#8220; custom_padding=&#8220;20px|20px|20px|20px|false|false&#8220; custom_css_free_form=&#8220;selector .wpcf7-form,||selector .wpcf7-form input,||selector .wpcf7-form textarea,||selector .wpcf7-form select,||selector .wpcf7-form label {||    font-family: &#8218;Poppins&#8216;, sans-serif !important;||}||||\/* INPUT E TEXTAREA (RESTANO CHIARI E LEGGIBILI) *\/||selector .wpcf7-form input,||selector .wpcf7-form textarea {||    background-color: #ffffff !important;||    color: #000000 !important;||    border: 1px solid #cccccc !important;||}||||\/* SELECT MOTIVAZIONE *\/||selector .wpcf7-form select%91name=%22Motivazione%22%93 {||    background-color: #ffffff !important;||    color: #000000 !important;||    border: 1px solid #cccccc !important;||}||||\/* OPZIONI DEL MENU *\/||selector .wpcf7-form select%91name=%22Motivazione%22%93 option {||    background-color: #ffffff !important;||    color: #000000 !important;||}||||\/* LABEL *\/||selector .wpcf7-form label {||    color: #ffffff !important;||}||||\/* BOTTONE INVIO *\/||selector .wpcf7-submit {||    background-color: #000000 !important;||    color: #ffffff !important;||    border: 1px solid #000000 !important;||    font-family: &#8218;Poppins&#8216;, sans-serif !important;||    cursor: pointer;||    transition: all 0.3s ease;||}||||selector .wpcf7-submit:hover {||    background-color: #ffffff !important;||    color: #000000 !important;||    border: 1px solid #000000 !important;||}||||selector .wpcf7-form input%91type=%22file%22%93 {||    background: transparent !important;||    border: none !important;||    color: #ffffff !important;||    padding: 0;||}&#8220; global_colors_info=&#8220;{%22gcid-0a9de6b2-9d03-4c1e-b803-fd4d902afdf4%22:%91%22background_color%22%93}&#8220;]\n<div class=\"wpcf7 no-js\" id=\"wpcf7-f16409-o1\" lang=\"de-DE\" dir=\"ltr\" data-wpcf7-id=\"16409\">\n<div class=\"screen-reader-response\"><p role=\"status\" aria-live=\"polite\" aria-atomic=\"true\"><\/p> <ul><\/ul><\/div>\n<form action=\"\/de\/wp-json\/wp\/v2\/pages\/16406#wpcf7-f16409-o1\" method=\"post\" class=\"wpcf7-form init\" aria-label=\"Kontaktformular\" enctype=\"multipart\/form-data\" novalidate=\"novalidate\" data-status=\"init\">\n<fieldset class=\"hidden-fields-container\"><input type=\"hidden\" name=\"_wpcf7\" value=\"16409\" \/><input type=\"hidden\" name=\"_wpcf7_version\" value=\"6.1.5\" \/><input type=\"hidden\" name=\"_wpcf7_locale\" value=\"de_DE\" \/><input type=\"hidden\" name=\"_wpcf7_unit_tag\" value=\"wpcf7-f16409-o1\" \/><input type=\"hidden\" name=\"_wpcf7_container_post\" value=\"0\" \/><input type=\"hidden\" name=\"_wpcf7_posted_data_hash\" value=\"\" \/><input type=\"hidden\" name=\"_wpcf7_recaptcha_response\" value=\"\" \/>\n<\/fieldset>\n<p><label> Firmenname *<br \/>\n<span class=\"wpcf7-form-control-wrap\" data-name=\"Ragione-Sociale\"><input size=\"40\" maxlength=\"400\" class=\"wpcf7-form-control wpcf7-text wpcf7-validates-as-required\" autocomplete=\"name\" aria-required=\"true\" aria-invalid=\"false\" value=\"\" type=\"text\" name=\"Ragione-Sociale\" \/><\/span> <\/label>\n<\/p>\n<p><label> Kundennummer<br \/>\n<span class=\"wpcf7-form-control-wrap\" data-name=\"Codice-Cliente\"><input size=\"40\" maxlength=\"400\" class=\"wpcf7-form-control wpcf7-text\" aria-invalid=\"false\" value=\"\" type=\"text\" name=\"Codice-Cliente\" \/><\/span> <\/label>\n<\/p>\n<p><label> Telefonnummer *<br \/>\n<span class=\"wpcf7-form-control-wrap\" data-name=\"Recapito-Telefonico\"><input size=\"40\" maxlength=\"400\" class=\"wpcf7-form-control wpcf7-tel wpcf7-validates-as-required wpcf7-text wpcf7-validates-as-tel\" autocomplete=\"tel\" aria-required=\"true\" aria-invalid=\"false\" value=\"\" type=\"tel\" name=\"Recapito-Telefonico\" \/><\/span> <\/label>\n<\/p>\n<p><label> Ersatzteilnummer *<br \/>\n<span class=\"wpcf7-form-control-wrap\" data-name=\"Codice-Ricambio\"><input size=\"40\" maxlength=\"400\" class=\"wpcf7-form-control wpcf7-text wpcf7-validates-as-required\" aria-required=\"true\" aria-invalid=\"false\" value=\"\" type=\"text\" name=\"Codice-Ricambio\" \/><\/span> <\/label>\n<\/p>\n<p><label> Verkaufsreferenz *<br \/>\n<span class=\"wpcf7-form-control-wrap\" data-name=\"Rif-Vendita\"><input size=\"40\" maxlength=\"400\" class=\"wpcf7-form-control wpcf7-text wpcf7-validates-as-required\" aria-required=\"true\" aria-invalid=\"false\" value=\"\" type=\"text\" name=\"Rif-Vendita\" \/><\/span> <\/label>\n<\/p>\n<p><label> Grund *<br \/>\n<span class=\"wpcf7-form-control-wrap\" data-name=\"Grund\"><select class=\"wpcf7-form-control wpcf7-select wpcf7-validates-as-required\" aria-required=\"true\" aria-invalid=\"false\" name=\"Grund\"><option value=\"Warenr\u00fcckgabe\">Warenr\u00fcckgabe<\/option><option value=\"Pr\u00fcfantrag\">Pr\u00fcfantrag<\/option><option value=\"Garantievorschuss\">Garantievorschuss<\/option><\/select><\/span> <\/label>\n<\/p>\n<p><label> Foto des Schadens und Seriennummer des Produkts (ERFORDERLICH F\u00dcR GARANTIEVORSCHUSS)<br \/>\n<span class=\"wpcf7-form-control-wrap\" data-name=\"Foto\"><input size=\"40\" class=\"wpcf7-form-control wpcf7-file\" accept=\".jpg,.jpeg,.png,.pdf\" aria-invalid=\"false\" type=\"file\" name=\"Foto\" \/><\/span> <\/label>\n<\/p>\n<p><label> Kurze Beschreibung des Defekts: *<br \/>\n<span class=\"wpcf7-form-control-wrap\" data-name=\"Descrizione\"><textarea cols=\"40\" rows=\"10\" maxlength=\"2000\" class=\"wpcf7-form-control wpcf7-textarea wpcf7-validates-as-required\" aria-required=\"true\" aria-invalid=\"false\" name=\"Descrizione\"><\/textarea><\/span> <\/label>\n<\/p>\n<p><input class=\"wpcf7-form-control wpcf7-submit has-spinner\" type=\"submit\" value=\"R\u00fcckgabeantrag absenden\" \/>\n<\/p>\n<p style=\"color: #ffffff; font-family: 'Poppins', sans-serif; font-style: italic;\"><br \/>\n* Die mit (*) gekennzeichneten Felder sind Pflichtfelder\n<\/p><div class=\"wpcf7-response-output\" aria-hidden=\"true\"><\/div>\n<\/form>\n<\/div>\n[\/et_pb_code][et_pb_text _builder_version=&#8220;4.27.6&#8243; _module_preset=&#8220;default&#8220; text_font=&#8220;Poppins|300|||||||&#8220; global_colors_info=&#8220;{}&#8220;]<\/p>\n<p data-start=\"1527\" data-end=\"1656\">Bei dringenden Angelegenheiten oder besonderen Anfragen k\u00f6nnen Sie sich direkt an unseren <strong><a href=\"https:\/\/depros.it\/de\/kontakt\/\">Kundendienst<\/a><\/strong> wenden.<\/p>\n<p>[\/et_pb_text][\/et_pb_column][\/et_pb_row][\/et_pb_section]<\/p>\n","protected":false},"excerpt":{"rendered":"<p>R\u00fccksendungen und Produktunterst\u00fctzungUm einen schnellen und organisierten Service zu gew\u00e4hrleisten, stellt DEPROS dieses Formular f\u00fcr R\u00fccksendeantr\u00e4ge, Gutachten und Garantieunterst\u00fctzung zur Verf\u00fcgung. F\u00fcllen Sie das Formular vollst\u00e4ndig aus, damit wir Ihre Meldung korrekt analysieren und Ihnen so schnell wie m\u00f6glich eine Antwort zukommen lassen k\u00f6nnen. Sollten weitere technische Pr\u00fcfungen erforderlich sein, wird unser Team Sie direkt [&hellip;]<\/p>\n","protected":false},"author":3,"featured_media":0,"parent":0,"menu_order":0,"comment_status":"closed","ping_status":"closed","template":"","meta":{"_et_pb_use_builder":"on","_et_pb_old_content":"","_et_gb_content_width":"","footnotes":""},"class_list":["post-16406","page","type-page","status-publish","hentry"],"_links":{"self":[{"href":"https:\/\/depros.it\/de\/wp-json\/wp\/v2\/pages\/16406","targetHints":{"allow":["GET"]}}],"collection":[{"href":"https:\/\/depros.it\/de\/wp-json\/wp\/v2\/pages"}],"about":[{"href":"https:\/\/depros.it\/de\/wp-json\/wp\/v2\/types\/page"}],"author":[{"embeddable":true,"href":"https:\/\/depros.it\/de\/wp-json\/wp\/v2\/users\/3"}],"replies":[{"embeddable":true,"href":"https:\/\/depros.it\/de\/wp-json\/wp\/v2\/comments?post=16406"}],"version-history":[{"count":6,"href":"https:\/\/depros.it\/de\/wp-json\/wp\/v2\/pages\/16406\/revisions"}],"predecessor-version":[{"id":17272,"href":"https:\/\/depros.it\/de\/wp-json\/wp\/v2\/pages\/16406\/revisions\/17272"}],"wp:attachment":[{"href":"https:\/\/depros.it\/de\/wp-json\/wp\/v2\/media?parent=16406"}],"curies":[{"name":"wp","href":"https:\/\/api.w.org\/{rel}","templated":true}]}}