
{"id":10665,"date":"2018-05-02T16:23:02","date_gmt":"2018-05-02T14:23:02","guid":{"rendered":"https:\/\/depros.it\/produkte\/turbolader\/"},"modified":"2026-04-09T11:30:49","modified_gmt":"2026-04-09T09:30:49","slug":"turbocompressori","status":"publish","type":"page","link":"https:\/\/depros.it\/de\/turbocompressori\/","title":{"rendered":"Turbolader"},"content":{"rendered":"<p>[et_pb_section fb_built=&#8220;1&#8243; fullwidth=&#8220;on&#8220; _builder_version=&#8220;4.17.6&#8243; background_image=&#8220;https:\/\/depros.it\/wp-content\/uploads\/2022\/07\/PROVA-SITO-WEB-4@4x-100-scaled.jpg&#8220; da_disable_devices=&#8220;off|off|off&#8220; global_colors_info=&#8220;{}&#8220; da_is_popup=&#8220;off&#8220; da_exit_intent=&#8220;off&#8220; da_has_close=&#8220;on&#8220; da_alt_close=&#8220;off&#8220; da_dark_close=&#8220;off&#8220; da_not_modal=&#8220;on&#8220; da_is_singular=&#8220;off&#8220; da_with_loader=&#8220;off&#8220; da_has_shadow=&#8220;on&#8220;][et_pb_fullwidth_header title=&#8220;Turbolader&#8220; background_overlay_color=&#8220;rgba(0,0,0,0.61)&#8220; admin_label=&#8220;Titolo&#8220; _builder_version=&#8220;4.18.0&#8243; title_font=&#8220;Poppins||||||||&#8220; title_text_color=&#8220;#ffffff&#8220; content_font=&#8220;|600|||||||&#8220; content_text_color=&#8220;#ffffff&#8220; subhead_text_color=&#8220;#ffffff&#8220; background_color=&#8220;rgba(255, 255, 255, 0)&#8220; background_size=&#8220;initial&#8220; background_position=&#8220;top_left&#8220; background_repeat=&#8220;repeat&#8220; title_font_size_tablet=&#8220;&#8220; title_font_size_phone=&#8220;25px&#8220; title_font_size_last_edited=&#8220;on|phone&#8220; border_width_bottom=&#8220;5px&#8220; border_color_bottom=&#8220;#49C4F9&#8243; global_colors_info=&#8220;{}&#8220; button_one_text_size__hover_enabled=&#8220;off&#8220; button_two_text_size__hover_enabled=&#8220;off&#8220; button_one_text_color__hover_enabled=&#8220;off&#8220; button_two_text_color__hover_enabled=&#8220;off&#8220; button_one_border_width__hover_enabled=&#8220;off&#8220; button_two_border_width__hover_enabled=&#8220;off&#8220; button_one_border_color__hover_enabled=&#8220;off&#8220; button_two_border_color__hover_enabled=&#8220;off&#8220; button_one_border_radius__hover_enabled=&#8220;off&#8220; button_two_border_radius__hover_enabled=&#8220;off&#8220; button_one_letter_spacing__hover_enabled=&#8220;off&#8220; button_two_letter_spacing__hover_enabled=&#8220;off&#8220; button_one_bg_color__hover_enabled=&#8220;off&#8220; button_two_bg_color__hover_enabled=&#8220;off&#8220;][\/et_pb_fullwidth_header][\/et_pb_section][et_pb_section fb_built=&#8220;1&#8243; _builder_version=&#8220;4.18.0&#8243; custom_margin=&#8220;0px||0px|&#8220; custom_padding=&#8220;0px||50px||false|false&#8220; da_disable_devices=&#8220;off|off|off&#8220; global_colors_info=&#8220;{}&#8220; da_is_popup=&#8220;off&#8220; da_exit_intent=&#8220;off&#8220; da_has_close=&#8220;on&#8220; da_alt_close=&#8220;off&#8220; da_dark_close=&#8220;off&#8220; da_not_modal=&#8220;on&#8220; da_is_singular=&#8220;off&#8220; da_with_loader=&#8220;off&#8220; da_has_shadow=&#8220;on&#8220;][et_pb_row admin_label=&#8220;Einf\u00fchrung&#8220; _builder_version=&#8220;4.18.0&#8243; custom_padding=&#8220;||22px|||&#8220; global_colors_info=&#8220;{}&#8220;][et_pb_column type=&#8220;4_4&#8243; _builder_version=&#8220;4.16&#8243; custom_padding=&#8220;|||&#8220; global_colors_info=&#8220;{}&#8220; custom_padding__hover=&#8220;|||&#8220;][et_pb_text admin_label=&#8220;Breve descrizione pagina&#8220; _builder_version=&#8220;4.18.0&#8243; text_font=&#8220;Poppins|300|||||||&#8220; text_text_color=&#8220;#444444&#8243; global_colors_info=&#8220;{}&#8220;]<\/p>\n<p>Die<span> <\/span><strong data-start=\"105\" data-end=\"125\">turbolader<\/strong><span> <\/span>es ist eine Schl\u00fcsselkomponente moderner Motoren und soll Leistung und Effizienz steigern. Mithilfe der Energie der Abgase komprimiert der Turbo die Ansaugluft, sodass der Motor mehr Kraftstoff verbrennen kann. Das Ergebnis ist  <span> <\/span><strong data-start=\"394\" data-end=\"409\">mehr Leistung,<\/strong><span> <\/span><strong data-start=\"411\" data-end=\"430\">reduzierter Verbrauch<\/strong><span> <\/span>e<span> <\/span><strong data-start=\"433\" data-end=\"453\">geringere Emissionen<\/strong>, ohne den Hubraum zu vergr\u00f6\u00dfern.<o:p><\/o:p><\/p>\n<p data-start=\"498\" data-end=\"751\">Das System besteht aus a<span> <\/span><strong data-start=\"527\" data-end=\"538\">Turbine<\/strong><span> <\/span>und von a<span> <\/span><strong data-start=\"547\" data-end=\"562\">compressore<\/strong><span> <\/span>durch eine gemeinsame Achse verbunden. Die von den Abgasen bewegte Turbine treibt den Kompressor an, der den Druck der zu den Zylindern geleiteten Luft erh\u00f6ht und so die Verbrennungseffizienz verbessert. <o:p><\/o:p><\/p>\n<p data-start=\"753\" data-end=\"996\"><span><strong data-start=\"847\" data-end=\"891\"><strong data-start=\"942\" data-end=\"974\"><span>Depros produziert und vertreibt Original- und Aftermarket-Turbolader der wichtigsten Marken und bietet eine breite Palette wiederaufbereiteter Turbolader f\u00fcr Pkw, Nutzfahrzeuge, Lkw, See-, Landwirtschafts- und Industriefahrzeuge.<\/span><\/strong><\/strong><\/span><\/p>\n<p>[\/et_pb_text][\/et_pb_column][\/et_pb_row][et_pb_row column_structure=&#8220;1_3,1_3,1_3&#8243; _builder_version=&#8220;4.18.0&#8243; background_size=&#8220;initial&#8220; background_position=&#8220;top_left&#8220; background_repeat=&#8220;repeat&#8220; locked=&#8220;off&#8220; global_colors_info=&#8220;{}&#8220;][et_pb_column type=&#8220;1_3&#8243; _builder_version=&#8220;4.18.0&#8243; custom_padding=&#8220;20px|20px||20px|false|false&#8220; border_width_top=&#8220;3px&#8220; border_color_top=&#8220;gcid-78580d7f-98e0-4ead-ab9d-862217e7e700&#8243; border_color_left=&#8220;gcid-78580d7f-98e0-4ead-ab9d-862217e7e700&#8243; global_colors_info=&#8220;{%22gcid-78580d7f-98e0-4ead-ab9d-862217e7e700%22:%91%22border_color_left%22,%22border_color_top%22%93}&#8220; custom_padding__hover=&#8220;|||&#8220;][et_pb_text admin_label=&#8220;Titolo Core Assy&#8220; _builder_version=&#8220;4.18.0&#8243; text_font=&#8220;Poppins||||||||&#8220; text_text_color=&#8220;#000000&#8243; header_2_font=&#8220;|700|||||||&#8220; header_2_text_align=&#8220;center&#8220; custom_margin=&#8220;||5px||false|false&#8220; custom_padding=&#8220;||||false|false&#8220; link_option_url=&#8220;https:\/\/shop.depros.it\/4-core-assy&#8220; border_color_top=&#8220;gcid-78580d7f-98e0-4ead-ab9d-862217e7e700&#8243; global_colors_info=&#8220;{%22gcid-78580d7f-98e0-4ead-ab9d-862217e7e700%22:%91%22border_color_top%22%93}&#8220;]<\/p>\n<h2>Original<\/h2>\n<p>[\/et_pb_text][et_pb_image src=&#8220;https:\/\/depros.it\/wp-content\/uploads\/2026\/03\/Landing-page-icone-7.png&#8220; alt=&#8220;Teile-Turbolader-Kern-Baugruppe&#8220; title_text=&#8220;Box Garrett&#8220; url=&#8220;https:\/\/shop.depros.it\/it\/70\/core-assy-esclusivo-tsp&#8220; align=&#8220;center&#8220; align_tablet=&#8220;center&#8220; align_phone=&#8220;center&#8220; align_last_edited=&#8220;on|desktop&#8220; _builder_version=&#8220;4.18.0&#8243; width=&#8220;100%&#8220; max_width=&#8220;100%&#8220; module_alignment=&#8220;center&#8220; max_height=&#8220;200px&#8220; custom_margin=&#8220;||5px|&#8220; custom_padding=&#8220;0px||0px|||&#8220; global_colors_info=&#8220;{}&#8220;][\/et_pb_image][et_pb_text _builder_version=&#8220;4.18.0&#8243; text_font=&#8220;Poppins|300|||||||&#8220; header_2_text_align=&#8220;left&#8220; header_2_font_size=&#8220;18px&#8220; global_colors_info=&#8220;{}&#8220;]<\/p>\n<p>Wir bieten Original-Turbolader der wichtigsten Marken an, die so konzipiert sind, dass sie volle Kompatibilit\u00e4t und Baustandards gew\u00e4hrleisten, die mit denen der Originalausr\u00fcstung identisch sind. Die richtige Wahl f\u00fcr alle, die das Original ohne Kompromisse suchen.<\/p>\n<p>[\/et_pb_text][\/et_pb_column][et_pb_column type=&#8220;1_3&#8243; _builder_version=&#8220;4.18.0&#8243; custom_padding=&#8220;20px||||false|false&#8220; border_width_top=&#8220;3px&#8220; border_color_top=&#8220;gcid-78580d7f-98e0-4ead-ab9d-862217e7e700&#8243; global_colors_info=&#8220;{%22gcid-78580d7f-98e0-4ead-ab9d-862217e7e700%22:%91%22border_color_top%22%93}&#8220; custom_padding__hover=&#8220;|||&#8220;][et_pb_text admin_label=&#8220;Titolo Componenti&#8220; _builder_version=&#8220;4.18.0&#8243; text_font=&#8220;Poppins||||||||&#8220; header_2_text_align=&#8220;center&#8220; custom_margin=&#8220;||7px|||&#8220; link_option_url=&#8220;https:\/\/shop.depros.it\/3-ricambi-per-turbocompressori&#8220; global_colors_info=&#8220;{}&#8220;]<\/p>\n<h2>Aftermarket<\/h2>\n<p>[\/et_pb_text][et_pb_image src=&#8220;https:\/\/depros.it\/wp-content\/uploads\/2026\/03\/221.png&#8220; title_text=&#8220;22(1)&#8220; url=&#8220;https:\/\/shop.depros.it\/it\/&#8220; align=&#8220;center&#8220; align_tablet=&#8220;center&#8220; align_phone=&#8220;center&#8220; align_last_edited=&#8220;on|desktop&#8220; _builder_version=&#8220;4.18.0&#8243; module_alignment=&#8220;center&#8220; max_height=&#8220;200px&#8220; custom_margin=&#8220;3px||5px|||&#8220; global_colors_info=&#8220;{}&#8220;][\/et_pb_image][et_pb_text _builder_version=&#8220;4.18.0&#8243; text_font=&#8220;Poppins|300|||||||&#8220; header_2_text_align=&#8220;left&#8220; header_2_font_size=&#8220;18px&#8220; global_colors_info=&#8220;{}&#8220;]<\/p>\n<p><span>Disponiamo di una gamma completa di <\/span><strong>turbocompressori aftermarket,<\/strong><span> progettati per garantire prestazioni simili all\u2019originale e affidabilit\u00e0 nel tempo. Una soluzione pensata per chi cerca un\u2019unit\u00e0 nuova a un prezzo competitivo.<\/span><\/p>\n<p>[\/et_pb_text][\/et_pb_column][et_pb_column type=&#8220;1_3&#8243; _builder_version=&#8220;4.18.0&#8243; custom_padding=&#8220;20px||||false|false&#8220; border_width_top=&#8220;3px&#8220; border_color_top=&#8220;gcid-78580d7f-98e0-4ead-ab9d-862217e7e700&#8243; global_colors_info=&#8220;{%22gcid-78580d7f-98e0-4ead-ab9d-862217e7e700%22:%91%22border_color_top%22%93}&#8220; custom_padding__hover=&#8220;|||&#8220;][et_pb_text admin_label=&#8220;Titolo Componenti&#8220; _builder_version=&#8220;4.18.0&#8243; text_font=&#8220;Poppins||||||||&#8220; header_2_text_align=&#8220;center&#8220; custom_margin=&#8220;||7px|||&#8220; link_option_url=&#8220;https:\/\/shop.depros.it\/3-ricambi-per-turbocompressori&#8220; global_colors_info=&#8220;{}&#8220;]<\/p>\n<h2>\u00dcberarbeitet<\/h2>\n<p>[\/et_pb_text][et_pb_image src=&#8220;https:\/\/depros.it\/wp-content\/uploads\/2026\/03\/231.png&#8220; title_text=&#8220;Box Depros&#8220; url=&#8220;https:\/\/shop.depros.it\/it\/&#8220; align=&#8220;center&#8220; align_tablet=&#8220;center&#8220; align_phone=&#8220;center&#8220; align_last_edited=&#8220;on|desktop&#8220; _builder_version=&#8220;4.18.0&#8243; module_alignment=&#8220;center&#8220; max_height=&#8220;200px&#8220; custom_margin=&#8220;3px||5px|||&#8220; global_colors_info=&#8220;{}&#8220;][\/et_pb_image][et_pb_text _builder_version=&#8220;4.18.0&#8243; text_font=&#8220;Poppins|300|||||||&#8220; header_2_text_align=&#8220;left&#8220; header_2_font_size=&#8220;18px&#8220; global_colors_info=&#8220;{}&#8220;]<\/p>\n<p>Das Sortiment \u00fcberholter Turbolader basiert auf professionellen Regenerationsprozessen, die die Wiederverwendung der Originalkomponenten verbessern. Eine zuverl\u00e4ssige und effiziente L\u00f6sung, die dazu beitr\u00e4gt, Abfall und Umweltbelastungen zu reduzieren und dabei Nachhaltigkeit und Komfort vereint.<\/p>\n<p>[\/et_pb_text][\/et_pb_column][\/et_pb_row][\/et_pb_section]<\/p>\n","protected":false},"excerpt":{"rendered":"<p>Die turbolader es ist eine Schl\u00fcsselkomponente moderner Motoren und soll Leistung und Effizienz steigern. Mithilfe der Energie der Abgase komprimiert der Turbo die Ansaugluft, sodass der Motor mehr Kraftstoff verbrennen kann. Das Ergebnis ist mehr Leistung, reduzierter Verbrauch e geringere Emissionen, ohne den Hubraum zu vergr\u00f6\u00dfern. Das System besteht aus a Turbine und von a [&hellip;]<\/p>\n","protected":false},"author":1,"featured_media":0,"parent":0,"menu_order":0,"comment_status":"closed","ping_status":"closed","template":"","meta":{"_et_pb_use_builder":"on","_et_pb_old_content":"","_et_gb_content_width":"","footnotes":""},"class_list":["post-10665","page","type-page","status-publish","hentry"],"_links":{"self":[{"href":"https:\/\/depros.it\/de\/wp-json\/wp\/v2\/pages\/10665","targetHints":{"allow":["GET"]}}],"collection":[{"href":"https:\/\/depros.it\/de\/wp-json\/wp\/v2\/pages"}],"about":[{"href":"https:\/\/depros.it\/de\/wp-json\/wp\/v2\/types\/page"}],"author":[{"embeddable":true,"href":"https:\/\/depros.it\/de\/wp-json\/wp\/v2\/users\/1"}],"replies":[{"embeddable":true,"href":"https:\/\/depros.it\/de\/wp-json\/wp\/v2\/comments?post=10665"}],"version-history":[{"count":15,"href":"https:\/\/depros.it\/de\/wp-json\/wp\/v2\/pages\/10665\/revisions"}],"predecessor-version":[{"id":15643,"href":"https:\/\/depros.it\/de\/wp-json\/wp\/v2\/pages\/10665\/revisions\/15643"}],"wp:attachment":[{"href":"https:\/\/depros.it\/de\/wp-json\/wp\/v2\/media?parent=10665"}],"curies":[{"name":"wp","href":"https:\/\/api.w.org\/{rel}","templated":true}]}}