
{"id":10584,"date":"2025-09-25T08:19:31","date_gmt":"2025-09-25T06:19:31","guid":{"rendered":"https:\/\/depros.it\/datenschutzrichtlinie-von-depros-und-verkaufsbedingungen\/"},"modified":"2026-03-30T10:26:36","modified_gmt":"2026-03-30T08:26:36","slug":"datenschutzrichtlinie-von-depros-und-verkaufsbedingungen","status":"publish","type":"page","link":"https:\/\/depros.it\/de\/datenschutzrichtlinie-von-depros-und-verkaufsbedingungen\/","title":{"rendered":"Datenschutzrichtlinie und Verkaufsbedingungen"},"content":{"rendered":"<p>[et_pb_section fb_built=&#8220;1&#8243; _builder_version=&#8220;4.16&#8243; da_disable_devices=&#8220;off|off|off&#8220; global_colors_info=&#8220;{}&#8220; da_is_popup=&#8220;off&#8220; da_exit_intent=&#8220;off&#8220; da_has_close=&#8220;on&#8220; da_alt_close=&#8220;off&#8220; da_dark_close=&#8220;off&#8220; da_not_modal=&#8220;on&#8220; da_is_singular=&#8220;off&#8220; da_with_loader=&#8220;off&#8220; da_has_shadow=&#8220;on&#8220;][et_pb_row _builder_version=&#8220;4.16&#8243; background_size=&#8220;initial&#8220; background_position=&#8220;top_left&#8220; background_repeat=&#8220;repeat&#8220; global_colors_info=&#8220;{}&#8220;][et_pb_column type=&#8220;4_4&#8243; _builder_version=&#8220;4.16&#8243; custom_padding=&#8220;|||&#8220; global_colors_info=&#8220;{}&#8220; custom_padding__hover=&#8220;|||&#8220;][et_pb_text _builder_version=&#8220;4.27.6&#8243; _module_preset=&#8220;default&#8220; text_font=&#8220;Poppins||||||||&#8220; custom_margin=&#8220;||-2px|||&#8220; global_colors_info=&#8220;{}&#8220;]<\/p>\n<h2>VERKAUFSBEDINGUNGEN<\/h2>\n<p>[\/et_pb_text][et_pb_text _builder_version=&#8220;4.27.6&#8243; text_font=&#8220;Poppins|300|||||||&#8220; custom_margin=&#8220;||8px|||&#8220; global_colors_info=&#8220;{}&#8220;]<\/p>\n<ol>\n<li>Die Ware reist auf Risiko und Gefahr des Auftraggebers, auch wenn sie frachtfrei an den Empf\u00e4nger verkauft wurde.<\/li>\n<li>Reklamationen m\u00fcssen innerhalb von 8 Tagen nach Lieferung der Ware eingehen und k\u00f6nnen in keinem Fall und aus keinem Grund die Zahlungen aussetzen oder verz\u00f6gern, die trotz jeglicher Beanstandung in der vereinbarten Weise und innerhalb der festgelegten Fristen zu leisten sind.<\/li>\n<li>Die vereinbarten Lieferfristen sind stets als ungef\u00e4hr zu betrachten; eventuelle Verz\u00f6gerungen durch h\u00f6here Gewalt berechtigen nicht zu Schadenersatzforderungen.<\/li>\n<li>Zahlungen m\u00fcssen ausschlie\u00dflich an unserem Gesch\u00e4ftssitz geleistet werden.<\/li>\n<li>Eventuelle Verl\u00e4ngerungen von Zahlungsfristen stellen keine Vertrags\u00e4nderung dar; nach Ablauf der vereinbarten Zahlungsfrist fallen Verzugszinsen an.<\/li>\n<li>Zahlungen an Personen ohne unsere ordnungsgem\u00e4\u00dfe Vollmacht werden nicht anerkannt.<\/li>\n<li>F\u00fcr alle Streitigkeiten ist das Gericht von Nocera Inferiore zust\u00e4ndig.<br \/>\nACHTUNG: Bitte \u00fcberpr\u00fcfen Sie die genaue Rechnungsanschrift und die Umsatzsteuer-Identifikationsnummer \u2013 im Falle eines Fehlers melden Sie dies unverz\u00fcglich; andernfalls sehen wir uns nicht als gesamtschuldnerisch verpflichtet, wie in Art. 41 D.P.R. 633\/72 vorgesehen. Bei mangelhafter Ware entscheidet der Hersteller, und es wird der entsprechende Kaufpreis erstattet, nicht jedoch eventuelle Folgesch\u00e4den. HINWEIS: Alle Transporte im Zusammenhang mit Garantief\u00e4llen gehen immer zu Lasten des K\u00e4ufers, sofern nicht anders von uns angegeben.<\/li>\n<\/ol>\n<p>[\/et_pb_text][et_pb_text _builder_version=&#8220;4.27.6&#8243; _module_preset=&#8220;default&#8220; text_font=&#8220;Poppins||||||||&#8220; custom_margin=&#8220;||3px|||&#8220; global_colors_info=&#8220;{}&#8220;]<\/p>\n<h2>DATENSCHUTZRICHTLINIE<\/h2>\n<p>[\/et_pb_text][et_pb_text _builder_version=&#8220;4.27.6&#8243; _module_preset=&#8220;default&#8220; text_font=&#8220;Poppins|300|||||||&#8220; custom_margin=&#8220;||22px|||&#8220; global_colors_info=&#8220;{}&#8220;]INFORMATION GEM\u00c4SS ART. 13 DLGS. 196\/2003<br \/>\nWir m\u00f6chten die Benutzer dieser Website dar\u00fcber informieren, dass das Gesetzesdekret Nr. 196 vom 30. Juni 2003 \u2013 Kodex zum Schutz personenbezogener Daten \u2013 den Schutz von Personen und anderen Betroffenen in Bezug auf die Verarbeitung personenbezogener Daten vorsieht (z. B. per E-Mail oder \u00fcber Registrierungsformulare erhalten).<br \/>\nGem\u00e4\u00df der angegebenen Vorschrift erfolgt die Verarbeitung nach den Grunds\u00e4tzen der Korrektheit, Rechtm\u00e4\u00dfigkeit, Transparenz sowie dem Schutz Ihrer Privatsph\u00e4re und Ihrer Rechte.<br \/>\nNach Artikel 13 des DLgs Nr. 196\/2003 stellen wir Ihnen daher folgende Informationen zur Verf\u00fcgung:<\/p>\n<ul>\n<li>Die angegebenen Daten werden f\u00fcr die Registrierung Ihres Kontakts, f\u00fcr eine eventuelle R\u00fcckmeldung und f\u00fcr die Bereitstellung der Dienste verarbeitet, bei denen das Ausf\u00fcllen eines \u201eKontakt\u201c-Formulars vorgesehen ist, wenn dieses automatisch aktiviert wird;<\/li>\n<li>Die Verarbeitung erfolgt auf elektronischem Wege;<\/li>\n<li>Die Angabe der Daten ist freiwillig; die Nichtbereitstellung der in den als \u201eobligatorisch\u201c gekennzeichneten Feldern (markiert mit *) verlangten Daten f\u00fchrt jedoch zur Nichterbringung des Dienstes;<\/li>\n<li>Die Daten werden nicht an andere Stellen weitergegeben, au\u00dfer wenn dies gesetzlich vorgeschrieben ist, und in keinem Fall \u00f6ffentlich verbreitet;<\/li>\n<li>Der Verantwortliche f\u00fcr die Datenverarbeitung ist: DEPROS SRL;<\/li>\n<li>Der Datenverantwortliche ist der RL von DEPROS SRL;<\/li>\n<li>Sie k\u00f6nnen jederzeit Ihre Rechte gegen\u00fcber dem Verantwortlichen gem\u00e4\u00df Art. 7 des D.Lgs. 196\/2003 aus\u00fcben.<\/li>\n<\/ul>\n<p>Die Erteilung der Einwilligung bedeutet, dass Sie ordnungsgem\u00e4\u00df informiert wurden \u00fcber:<\/p>\n<ul>\n<li>den Gegenstand der Information,<\/li>\n<li>die Zwecke der Datenverarbeitung,<\/li>\n<li>die Art der Datenverarbeitung,<\/li>\n<li>die Art der Bereitstellung,<\/li>\n<li>die m\u00f6gliche Weitergabe und Verbreitung der Daten,<\/li>\n<li>den Namen des Verantwortlichen f\u00fcr die Datenverarbeitung, und dass Sie die in Art. 7 des D.Lgs. 196\/03 genannten Rechte kennen.<\/li>\n<\/ul>\n<p>Wenn es vom automatischen Kontaktformular verlangt wird, muss zur Zustimmung zur Verarbeitung der personenbezogenen Daten das entsprechende Kontrollk\u00e4stchen aktiviert werden.<br \/>\n[\/et_pb_text][et_pb_text _builder_version=&#8220;4.27.6&#8243; _module_preset=&#8220;default&#8220; text_font=&#8220;Poppins||||||||&#8220; custom_margin=&#8220;||-3px|||&#8220; hover_enabled=&#8220;0&#8243; global_colors_info=&#8220;{}&#8220; sticky_enabled=&#8220;0&#8243;]<\/p>\n<h2>VOLLST\u00c4NDIGE DATENSCHUTZRICHTLINIE<\/h2>\n<p>[\/et_pb_text][et_pb_text _builder_version=&#8220;4.27.6&#8243; _module_preset=&#8220;default&#8220; text_font=&#8220;Poppins|300|||||||&#8220; global_colors_info=&#8220;{}&#8220;]DEPROS SRL respektiert die Privatsph\u00e4re seiner Benutzer und verpflichtet sich, die von ihnen angegebenen personenbezogenen Daten zu sch\u00fctzen. Im Allgemeinen kann der Benutzer auf der Website navigieren, ohne pers\u00f6nliche Informationen anzugeben. Die Erhebung und Verarbeitung personenbezogener Daten erfolgt nur, wenn dies f\u00fcr die Erbringung der vom Benutzer angeforderten Dienste erforderlich ist oder wenn der Benutzer beschlie\u00dft, seine pers\u00f6nlichen Daten mitzuteilen. In solchen F\u00e4llen beschreibt diese Datenschutzrichtlinie die Methoden und Zwecke der Erhebung und Verarbeitung der Daten. DEPROS SRL verarbeitet die personenbezogenen Daten in \u00dcbereinstimmung mit den geltenden Vorschriften.<br \/>\n[\/et_pb_text][et_pb_text _builder_version=&#8220;4.27.6&#8243; _module_preset=&#8220;default&#8220; text_font=&#8220;Poppins||||||||&#8220; custom_margin=&#8220;||10px|||&#8220; hover_enabled=&#8220;0&#8243; global_colors_info=&#8220;{}&#8220; sticky_enabled=&#8220;0&#8243;]<\/p>\n<h4><strong>Erhebung personenbezogener Daten<\/strong><\/h4>\n<p>[\/et_pb_text][et_pb_text _builder_version=&#8220;4.27.6&#8243; _module_preset=&#8220;default&#8220; text_font=&#8220;Poppins|300|||||||&#8220; custom_margin=&#8220;0px|||||&#8220; global_colors_info=&#8220;{}&#8220;]Personenbezogene Daten sind alle Informationen, die zur Identifizierung einer Person, eines Unternehmens oder einer anderen Einrichtung verwendet werden k\u00f6nnen. Zum Beispiel werden Name und Vorname, E-Mail-Adresse, Postadresse oder andere physische Kontaktdaten, Qualifikation, Geburtsdatum, Geschlecht, Beruf, Gesch\u00e4ftst\u00e4tigkeit, pers\u00f6nliche Interessen und andere f\u00fcr die Erbringung der angeforderten Dienste notwendige Informationen erhoben.<br \/>\n[\/et_pb_text][et_pb_text _builder_version=&#8220;4.27.6&#8243; _module_preset=&#8220;default&#8220; text_font=&#8220;Poppins||||||||&#8220; custom_margin=&#8220;||5px|||&#8220; hover_enabled=&#8220;0&#8243; global_colors_info=&#8220;{}&#8220; sticky_enabled=&#8220;0&#8243;]<\/p>\n<h4><strong>Navigationsdaten<\/strong><\/h4>\n<p>[\/et_pb_text][et_pb_text _builder_version=&#8220;4.27.6&#8243; _module_preset=&#8220;default&#8220; text_font=&#8220;Poppins|300|||||||&#8220; global_colors_info=&#8220;{}&#8220;]Das Surfen auf der Website DEPROS.IT erfolgt anonym, es sei denn, der Benutzer ist registriert, um personalisierte Dienste zu nutzen. DEPROS SRL sammelt keine Daten des Benutzers automatisch, einschlie\u00dflich der E-Mail-Adresse. Die Website speichert die IP-Adresse des Benutzers, um einen \u00dcberblick \u00fcber die besuchten Bereiche und die Besuchsdauer zu erhalten, in \u00dcbereinstimmung mit den Datenschutzbestimmungen (Daten werden nur f\u00fcr anonyme statistische Zwecke verwendet und sofort gel\u00f6scht). Daten k\u00f6nnen im Falle von hypothetischen Computerstraftaten verwendet werden. DEPROS SRL verkn\u00fcpft die IP-Adresse nicht mit anderen personenbezogenen Daten, es sei denn, der Benutzer wird dar\u00fcber informiert und hat zugestimmt, und nur f\u00fcr registrierte Benutzer in den gesch\u00fctzten Bereichen. Wie viele andere Websites kann DEPROS SRL Cookies verwenden, um Informationen \u00fcber die Nutzung der Website zu sammeln. Siehe Abschnitt \u201eCookies\u201c.<br \/>\n[\/et_pb_text][et_pb_text _builder_version=&#8220;4.27.6&#8243; _module_preset=&#8220;default&#8220; text_font=&#8220;Poppins||||||||&#8220; custom_margin=&#8220;||1px|||&#8220; hover_enabled=&#8220;0&#8243; global_colors_info=&#8220;{}&#8220; sticky_enabled=&#8220;0&#8243;]<\/p>\n<h4><strong>Freiwillig bereitgestellte Daten<\/strong><\/h4>\n<p>[\/et_pb_text][et_pb_text _builder_version=&#8220;4.27.6&#8243; _module_preset=&#8220;default&#8220; text_font=&#8220;Poppins|300|||||||&#8220; global_colors_info=&#8220;{}&#8220;]DEPROS SRL erhebt personenbezogene Daten bei der Registrierung, um dem Benutzer einen BENUTZERCODE und ein Passwort zuzuweisen, die f\u00fcr den Zugriff auf bestimmte Produkte oder Dienste erforderlich sind. Einige Webdienste der Website sehen das freiwillige und ausdr\u00fcckliche Senden von E-Mails vor, wodurch die Adresse des Absenders und andere personenbezogene Daten erfasst werden, die in der Nachricht enthalten sind.<br \/>\n[\/et_pb_text][et_pb_text _builder_version=&#8220;4.27.6&#8243; _module_preset=&#8220;default&#8220; text_font=&#8220;Poppins||||||||&#8220; custom_margin=&#8220;||7px|||&#8220; hover_enabled=&#8220;0&#8243; global_colors_info=&#8220;{}&#8220; sticky_enabled=&#8220;0&#8243;]<\/p>\n<h4><strong>Weitergabe personenbezogener Daten<\/strong><\/h4>\n<p>[\/et_pb_text][et_pb_text _builder_version=&#8220;4.27.6&#8243; _module_preset=&#8220;default&#8220; text_font=&#8220;Poppins|300|||||||&#8220; global_colors_info=&#8220;{}&#8220;]Bei der Erhebung personenbezogener Daten informiert DEPROS SRL den Benutzer \u00fcber den Zweck der Erhebung und holt gegebenenfalls seine Einwilligung ein. Die Daten k\u00f6nnen nur innerhalb der Organisation oder an Dritte weitergegeben werden, die f\u00fcr die Erbringung des Dienstes notwendig sind, und nur an diejenigen, die sie f\u00fcr ihre Aufgaben ben\u00f6tigen.<br \/>\n[\/et_pb_text][et_pb_text _builder_version=&#8220;4.27.6&#8243; _module_preset=&#8220;default&#8220; text_font=&#8220;Poppins||||||||&#8220; custom_margin=&#8220;||5px|||&#8220; hover_enabled=&#8220;0&#8243; global_colors_info=&#8220;{}&#8220; sticky_enabled=&#8220;0&#8243;]<\/p>\n<h4><strong>Cookies<\/strong><\/h4>\n<p>[\/et_pb_text][et_pb_text _builder_version=&#8220;4.27.6&#8243; _module_preset=&#8220;default&#8220; text_font=&#8220;Poppins|300|||||||&#8220; global_colors_info=&#8220;{}&#8220;]Ein Cookie ist eine kleine Textdatei, die auf den Computer des Benutzers \u00fcbertragen wird. Er kann eine Benutzer-ID enthalten, um die besuchten Seiten zu verfolgen, aber die einzigen personenbezogenen Daten, die ein Cookie enthalten kann, sind die vom Benutzer bereitgestellten. Cookies k\u00f6nnen keine Daten von der Festplatte lesen. Einige Cookies sind f\u00fcr das ordnungsgem\u00e4\u00dfe Funktionieren der Website erforderlich. Der Benutzer kann Cookies in seinem Browser deaktivieren, was jedoch einige Funktionen einschr\u00e4nken kann.<br \/>\n[\/et_pb_text][et_pb_text _builder_version=&#8220;4.27.6&#8243; _module_preset=&#8220;default&#8220; text_font=&#8220;Poppins||||||||&#8220; custom_margin=&#8220;||16px|||&#8220; hover_enabled=&#8220;0&#8243; global_colors_info=&#8220;{}&#8220; sticky_enabled=&#8220;0&#8243;]<\/p>\n<h4><strong>Zweck und Art der Verarbeitung<\/strong><\/h4>\n<p>[\/et_pb_text][et_pb_text _builder_version=&#8220;4.27.6&#8243; _module_preset=&#8220;default&#8220; text_font=&#8220;Poppins|300|||||||&#8220; global_colors_info=&#8220;{}&#8220;]Die Daten werden verarbeitet, um: spezifische Produkt- oder Serviceanfragen zu erf\u00fcllen, den Besuch der Website zu personalisieren und den Benutzer \u00fcber Neuigkeiten zu informieren. Die Verarbeitung erfolgt gem\u00e4\u00df den geltenden Datenschutzbestimmungen.<br \/>\n[\/et_pb_text][et_pb_text _builder_version=&#8220;4.27.6&#8243; _module_preset=&#8220;default&#8220; text_font=&#8220;Poppins||||||||&#8220; custom_margin=&#8220;||9px|||&#8220; hover_enabled=&#8220;0&#8243; global_colors_info=&#8220;{}&#8220; sticky_enabled=&#8220;0&#8243;]<\/p>\n<h4><strong>Bereich der Kommunikation und Verbreitung<\/strong><\/h4>\n<p>[\/et_pb_text][et_pb_text _builder_version=&#8220;4.27.6&#8243; _module_preset=&#8220;default&#8220; text_font=&#8220;Poppins|300|||||||&#8220; global_colors_info=&#8220;{}&#8220;]Die Daten werden nicht ohne Zustimmung weitergegeben, au\u00dfer wenn dies zur Erbringung der angeforderten Dienste oder gesetzlich erforderlich ist. Sie werden auf sicheren Servern mit beschr\u00e4nktem Zugang gespeichert.<br \/>\n[\/et_pb_text][et_pb_text _builder_version=&#8220;4.27.6&#8243; _module_preset=&#8220;default&#8220; text_font=&#8220;Poppins||||||||&#8220; custom_margin=&#8220;||9px|||&#8220; hover_enabled=&#8220;0&#8243; global_colors_info=&#8220;{}&#8220; sticky_enabled=&#8220;0&#8243;]<\/p>\n<h4><strong>Benutzerkonto<\/strong><\/h4>\n<p>[\/et_pb_text][et_pb_text _builder_version=&#8220;4.27.6&#8243; _module_preset=&#8220;default&#8220; text_font=&#8220;Poppins|300|||||||&#8220; global_colors_info=&#8220;{}&#8220;]Ein registrierter Benutzer kann die L\u00f6schung seines Kontos oder seiner Daten beantragen, indem er eine E-Mail an den Webmaster sendet.<br \/>\n[\/et_pb_text][et_pb_text _builder_version=&#8220;4.27.6&#8243; _module_preset=&#8220;default&#8220; text_font=&#8220;Poppins||||||||&#8220; custom_margin=&#8220;||7px|||&#8220; hover_enabled=&#8220;0&#8243; global_colors_info=&#8220;{}&#8220; sticky_enabled=&#8220;0&#8243;]<\/p>\n<h4><strong>Datensicherheit<\/strong><\/h4>\n<p>[\/et_pb_text][et_pb_text _builder_version=&#8220;4.27.6&#8243; _module_preset=&#8220;default&#8220; text_font=&#8220;Poppins|300|||||||&#8220; global_colors_info=&#8220;{}&#8220;]Die Informationen sind durch ein Passwort gesch\u00fctzt. DEPROS SRL ergreift alle gesetzlich vorgeschriebenen physischen, elektronischen und organisatorischen Sicherheitsma\u00dfnahmen.<br \/>\n[\/et_pb_text][et_pb_text _builder_version=&#8220;4.27.6&#8243; _module_preset=&#8220;default&#8220; text_font=&#8220;Poppins||||||||&#8220; custom_margin=&#8220;||12px|||&#8220; hover_enabled=&#8220;0&#8243; global_colors_info=&#8220;{}&#8220; sticky_enabled=&#8220;0&#8243;]<\/p>\n<h4><strong>Minderj\u00e4hrige und Datenschutz<\/strong><\/h4>\n<p>[\/et_pb_text][et_pb_text _builder_version=&#8220;4.27.6&#8243; _module_preset=&#8220;default&#8220; text_font=&#8220;Poppins|300|||||||&#8220; global_colors_info=&#8220;{}&#8220;]Die Website ist auch f\u00fcr Minderj\u00e4hrige unter 18 Jahren vorgesehen, da sie institutionelle Inhalte enth\u00e4lt.<br \/>\n[\/et_pb_text][et_pb_text _builder_version=&#8220;4.27.6&#8243; _module_preset=&#8220;default&#8220; text_font=&#8220;Poppins|300|||||||&#8220; custom_margin=&#8220;||9px|||&#8220; hover_enabled=&#8220;0&#8243; global_colors_info=&#8220;{}&#8220; sticky_enabled=&#8220;0&#8243;]<\/p>\n<h4><strong>Websites Dritter<\/strong><\/h4>\n<p>[\/et_pb_text][et_pb_text _builder_version=&#8220;4.27.6&#8243; _module_preset=&#8220;default&#8220; text_font=&#8220;Poppins|300|||||||&#8220; global_colors_info=&#8220;{}&#8220;]Die Website enth\u00e4lt Links zu anderen Websites. DEPROS SRL ist nicht verantwortlich f\u00fcr deren Datenschutzpraktiken und empfiehlt dem Benutzer, deren Datenschutzrichtlinien zu lesen.<br \/>\n[\/et_pb_text][et_pb_text _builder_version=&#8220;4.27.6&#8243; _module_preset=&#8220;default&#8220; custom_margin=&#8220;||8px|||&#8220; hover_enabled=&#8220;0&#8243; global_colors_info=&#8220;{}&#8220; text_font=&#8220;Poppins||||||||&#8220; sticky_enabled=&#8220;0&#8243;]<\/p>\n<h4><strong>\u00c4nderungen der Datenschutzrichtlinie<\/strong><\/h4>\n<p>[\/et_pb_text][et_pb_text _builder_version=&#8220;4.27.6&#8243; _module_preset=&#8220;default&#8220; text_font=&#8220;Poppins|300|||||||&#8220; global_colors_info=&#8220;{}&#8220;]Die Website verwendet technische, Sitzungs-, First-Party- und Third-Party-Cookies sowie Google Analytics in \u00dcbereinstimmung mit den geltenden Vorschriften. Benutzer k\u00f6nnen Cookies \u00fcber den Browser oder \u00fcber angebotene Konfigurationstools deaktivieren.<br \/>\n[\/et_pb_text][\/et_pb_column][\/et_pb_row][\/et_pb_section]<\/p>\n","protected":false},"excerpt":{"rendered":"<p>VERKAUFSBEDINGUNGEN Die Ware reist auf Risiko und Gefahr des Auftraggebers, auch wenn sie frachtfrei an den Empf\u00e4nger verkauft wurde. Reklamationen m\u00fcssen innerhalb von 8 Tagen nach Lieferung der Ware eingehen und k\u00f6nnen in keinem Fall und aus keinem Grund die Zahlungen aussetzen oder verz\u00f6gern, die trotz jeglicher Beanstandung in der vereinbarten Weise und innerhalb der [&hellip;]<\/p>\n","protected":false},"author":1,"featured_media":0,"parent":0,"menu_order":0,"comment_status":"closed","ping_status":"closed","template":"","meta":{"_et_pb_use_builder":"on","_et_pb_old_content":"","_et_gb_content_width":"","footnotes":""},"class_list":["post-10584","page","type-page","status-publish","hentry"],"_links":{"self":[{"href":"https:\/\/depros.it\/de\/wp-json\/wp\/v2\/pages\/10584","targetHints":{"allow":["GET"]}}],"collection":[{"href":"https:\/\/depros.it\/de\/wp-json\/wp\/v2\/pages"}],"about":[{"href":"https:\/\/depros.it\/de\/wp-json\/wp\/v2\/types\/page"}],"author":[{"embeddable":true,"href":"https:\/\/depros.it\/de\/wp-json\/wp\/v2\/users\/1"}],"replies":[{"embeddable":true,"href":"https:\/\/depros.it\/de\/wp-json\/wp\/v2\/comments?post=10584"}],"version-history":[{"count":5,"href":"https:\/\/depros.it\/de\/wp-json\/wp\/v2\/pages\/10584\/revisions"}],"predecessor-version":[{"id":14868,"href":"https:\/\/depros.it\/de\/wp-json\/wp\/v2\/pages\/10584\/revisions\/14868"}],"wp:attachment":[{"href":"https:\/\/depros.it\/de\/wp-json\/wp\/v2\/media?parent=10584"}],"curies":[{"name":"wp","href":"https:\/\/api.w.org\/{rel}","templated":true}]}}