
{"id":10479,"date":"2018-05-02T13:08:20","date_gmt":"2018-05-02T11:08:20","guid":{"rendered":"https:\/\/depros.it\/ueber-uns\/"},"modified":"2026-04-23T15:36:54","modified_gmt":"2026-04-23T13:36:54","slug":"unternehmen","status":"publish","type":"page","link":"https:\/\/depros.it\/de\/unternehmen\/","title":{"rendered":"Unternehmen"},"content":{"rendered":"<p>[et_pb_section fb_built=&#8220;1&#8243; fullwidth=&#8220;on&#8220; _builder_version=&#8220;4.18.0&#8243; da_disable_devices=&#8220;off|off|off&#8220; global_colors_info=&#8220;{}&#8220; da_is_popup=&#8220;off&#8220; da_exit_intent=&#8220;off&#8220; da_has_close=&#8220;on&#8220; da_alt_close=&#8220;off&#8220; da_dark_close=&#8220;off&#8220; da_not_modal=&#8220;on&#8220; da_is_singular=&#8220;off&#8220; da_with_loader=&#8220;off&#8220; da_has_shadow=&#8220;on&#8220;][et_pb_fullwidth_header title=&#8220;@ET-DC@eyJkeW5hbWljIjp0cnVlLCJjb250ZW50IjoicG9zdF90aXRsZSIsInNldHRpbmdzIjp7ImJlZm9yZSI6IiIsImFmdGVyIjoiIiwiZW5hYmxlX2h0bWwiOiJvZmYifX0=@&#8220; text_orientation=&#8220;center&#8220; background_overlay_color=&#8220;RGBA(255,255,255,0)&#8220; admin_label=&#8220;Intestazione a Larghezza Piena&#8220; _builder_version=&#8220;4.18.0&#8243; _dynamic_attributes=&#8220;title&#8220; title_font=&#8220;Poppins||||||||&#8220; title_text_align=&#8220;center&#8220; title_text_color=&#8220;#ffffff&#8220; title_font_size=&#8220;41px&#8220; content_font=&#8220;|600|||||||&#8220; content_text_color=&#8220;#ffffff&#8220; subhead_text_color=&#8220;#ffffff&#8220; background_enable_color=&#8220;off&#8220; background_image=&#8220;https:\/\/depros.it\/wp-content\/uploads\/2026\/03\/BANNER-X-PAGINE-SITO-1.png&#8220; background_blend=&#8220;color-burn&#8220; border_color_all=&#8220;#49C4F9&#8243; border_width_bottom=&#8220;5px&#8220; global_colors_info=&#8220;{}&#8220; button_one_text_size__hover_enabled=&#8220;off&#8220; button_two_text_size__hover_enabled=&#8220;off&#8220; button_one_text_color__hover_enabled=&#8220;off&#8220; button_two_text_color__hover_enabled=&#8220;off&#8220; button_one_border_width__hover_enabled=&#8220;off&#8220; button_two_border_width__hover_enabled=&#8220;off&#8220; button_one_border_color__hover_enabled=&#8220;off&#8220; button_two_border_color__hover_enabled=&#8220;off&#8220; button_one_border_radius__hover_enabled=&#8220;off&#8220; button_two_border_radius__hover_enabled=&#8220;off&#8220; button_one_letter_spacing__hover_enabled=&#8220;off&#8220; button_two_letter_spacing__hover_enabled=&#8220;off&#8220; button_one_bg_color__hover_enabled=&#8220;off&#8220; button_two_bg_color__hover_enabled=&#8220;off&#8220;][\/et_pb_fullwidth_header][\/et_pb_section][et_pb_section fb_built=&#8220;1&#8243; _builder_version=&#8220;4.18.0&#8243; custom_margin=&#8220;|||&#8220; custom_padding=&#8220;0px||30px||false|false&#8220; da_disable_devices=&#8220;off|off|off&#8220; global_colors_info=&#8220;{}&#8220; da_is_popup=&#8220;off&#8220; da_exit_intent=&#8220;off&#8220; da_has_close=&#8220;on&#8220; da_alt_close=&#8220;off&#8220; da_dark_close=&#8220;off&#8220; da_not_modal=&#8220;on&#8220; da_is_singular=&#8220;off&#8220; da_with_loader=&#8220;off&#8220; da_has_shadow=&#8220;on&#8220;][et_pb_row _builder_version=&#8220;4.18.0&#8243; _module_preset=&#8220;default&#8220; custom_padding=&#8220;44px||21px|||&#8220; global_colors_info=&#8220;{}&#8220;][et_pb_column type=&#8220;4_4&#8243; _builder_version=&#8220;4.18.0&#8243; _module_preset=&#8220;default&#8220; global_colors_info=&#8220;{}&#8220;][et_pb_text _builder_version=&#8220;4.18.0&#8243; _module_preset=&#8220;default&#8220; text_font=&#8220;Poppins|300|||||||&#8220; global_colors_info=&#8220;{}&#8220;]<\/p>\n<p><strong>DEPROS S.r.l.<\/strong>, gegr\u00fcndet 1980, ist ein f\u00fchrender Name im Bereich wiederaufbereiteter Ersatzteile. Seit \u00fcber vierzig Jahren verfolgen wir ein klares Ziel: Fachleuten zuverl\u00e4ssige, zertifizierte und wettbewerbsf\u00e4hige L\u00f6sungen zu bieten. <\/p>\n<p>Unsere Erfahrung, kombiniert mit strengen Produktionsprozessen und Qualit\u00e4tskontrollen, erm\u00f6glicht es uns, hohe Standards und gleichbleibende Leistung zu garantieren. Jede Komponente wird im eigenen Haus gefertigt, montiert und gepr\u00fcft, um Qualit\u00e4t, Sicherheit und Langlebigkeit sicherzustellen. <\/p>\n<p>[\/et_pb_text][\/et_pb_column][\/et_pb_row][et_pb_row column_structure=&#8220;1_3,1_3,1_3&#8243; _builder_version=&#8220;4.18.0&#8243; background_size=&#8220;initial&#8220; background_position=&#8220;top_left&#8220; background_repeat=&#8220;repeat&#8220; custom_padding=&#8220;||58px|4px||&#8220; locked=&#8220;off&#8220; global_colors_info=&#8220;{}&#8220;][et_pb_column type=&#8220;1_3&#8243; _builder_version=&#8220;4.18.0&#8243; custom_padding=&#8220;20px|20px||20px|false|false&#8220; border_width_top=&#8220;3px&#8220; border_color_top=&#8220;gcid-78580d7f-98e0-4ead-ab9d-862217e7e700&#8243; border_color_left=&#8220;gcid-78580d7f-98e0-4ead-ab9d-862217e7e700&#8243; global_colors_info=&#8220;{%22gcid-78580d7f-98e0-4ead-ab9d-862217e7e700%22:%91%22border_color_left%22,%22border_color_top%22%93}&#8220; custom_padding__hover=&#8220;|||&#8220;][et_pb_text admin_label=&#8220;Titolo Core Assy&#8220; _builder_version=&#8220;4.18.0&#8243; text_font=&#8220;Poppins||||||||&#8220; header_2_text_align=&#8220;center&#8220; custom_margin=&#8220;||20px||false|false&#8220; custom_padding=&#8220;||||false|false&#8220; border_color_top=&#8220;gcid-78580d7f-98e0-4ead-ab9d-862217e7e700&#8243; global_colors_info=&#8220;{%22gcid-78580d7f-98e0-4ead-ab9d-862217e7e700%22:%91%22border_color_top%22%93}&#8220;]<\/p>\n<h2>Kompetente Unterst\u00fctzung<\/h2>\n<p>[\/et_pb_text][et_pb_image src=&#8220;https:\/\/depros.it\/wp-content\/uploads\/2026\/03\/supporto-allo-specialista.png&#8220; alt=&#8220;Kompetente Unterst\u00fctzung&#8220; title_text=&#8220;Kompetente Unterst\u00fctzung&#8220; align=&#8220;center&#8220; align_tablet=&#8220;center&#8220; align_phone=&#8220;center&#8220; align_last_edited=&#8220;on|desktop&#8220; _builder_version=&#8220;4.27.6&#8243; module_alignment=&#8220;center&#8220; custom_margin=&#8220;||20px||false|false&#8220; box_shadow_style=&#8220;preset1&#8243; box_shadow_blur=&#8220;10px&#8220; box_shadow_spread=&#8220;-2px&#8220; global_colors_info=&#8220;{}&#8220;][\/et_pb_image][et_pb_text _builder_version=&#8220;4.18.0&#8243; text_font=&#8220;Poppins|300|||||||&#8220; text_font_size=&#8220;15px&#8220; header_2_text_align=&#8220;left&#8220; header_2_font_size=&#8220;18px&#8220; text_orientation=&#8220;justified&#8220; global_colors_info=&#8220;{}&#8220;]<\/p>\n<p style=\"text-align: left;\"><span>Wir unterst\u00fctzen Fachleute in jeder<\/span> <strong>Phase<\/strong>: <span>von der Angebotsanfrage \u00fcber die Lieferung bis hin zum technischen Kundendienst. Unser qualifiziertes Team bietet technische Beratung, detaillierte Informationen und Unterst\u00fctzung bei der Installation und gew\u00e4hrleistet so schnelle, umfassende und kosteneffiziente L\u00f6sungen f\u00fcr den Arbeitsalltag von Fachleuten.<\/span><\/p>\n<p>[\/et_pb_text][\/et_pb_column][et_pb_column type=&#8220;1_3&#8243; _builder_version=&#8220;4.18.0&#8243; custom_padding=&#8220;20px|20px||20px|false|false&#8220; border_width_top=&#8220;3px&#8220; border_color_top=&#8220;gcid-78580d7f-98e0-4ead-ab9d-862217e7e700&#8243; border_color_left=&#8220;gcid-78580d7f-98e0-4ead-ab9d-862217e7e700&#8243; global_colors_info=&#8220;{%22gcid-78580d7f-98e0-4ead-ab9d-862217e7e700%22:%91%22border_color_left%22,%22border_color_top%22%93}&#8220; custom_padding__hover=&#8220;|||&#8220;][et_pb_text admin_label=&#8220;Titolo Core Assy&#8220; _builder_version=&#8220;4.18.0&#8243; text_font=&#8220;Poppins||||||||&#8220; header_2_text_align=&#8220;center&#8220; custom_margin=&#8220;||20px||false|false&#8220; custom_padding=&#8220;||||false|false&#8220; border_color_top=&#8220;gcid-78580d7f-98e0-4ead-ab9d-862217e7e700&#8243; global_colors_info=&#8220;{%22gcid-78580d7f-98e0-4ead-ab9d-862217e7e700%22:%91%22border_color_top%22%93}&#8220;]<\/p>\n<h2>Qualit\u00e4t und Wert<\/h2>\n<p>[\/et_pb_text][et_pb_image src=&#8220;https:\/\/depros.it\/wp-content\/uploads\/2026\/03\/Qualita-e-valore.png&#8220; alt=&#8220;Qualit\u00e4t und Wert&#8220; title_text=&#8220;Qualit\u00e4t und Wert&#8220; align=&#8220;center&#8220; align_tablet=&#8220;center&#8220; align_phone=&#8220;center&#8220; align_last_edited=&#8220;on|desktop&#8220; _builder_version=&#8220;4.27.6&#8243; module_alignment=&#8220;center&#8220; custom_margin=&#8220;||20px||false|false&#8220; box_shadow_style=&#8220;preset1&#8243; box_shadow_blur=&#8220;10px&#8220; box_shadow_spread=&#8220;-2px&#8220; global_colors_info=&#8220;{}&#8220;][\/et_pb_image][et_pb_text _builder_version=&#8220;4.18.0&#8243; text_font=&#8220;Poppins|300|||||||&#8220; text_font_size=&#8220;15px&#8220; header_2_text_align=&#8220;left&#8220; header_2_font_size=&#8220;18px&#8220; text_orientation=&#8220;justified&#8220; global_colors_info=&#8220;{}&#8220;]<\/p>\n<p style=\"text-align: left;\"><span>Wir steuern<\/span><strong> jeden Produktionsschritt im eigenen Haus<\/strong>: <span>von der Komponentenfertigung \u00fcber die Montage bis hin zur Pr\u00fcfung auf modernsten Pr\u00fcfst\u00e4nden. So stellen wir die Einhaltung h\u00f6chster Qualit\u00e4tsstandards sicher. Wir investieren kontinuierlich in Technologie und Expertise, um zertifizierte Produkte zu gew\u00e4hrleisten, die den Anforderungen des Ersatzteilmarktes entsprechen.<\/span><\/p>\n<p>[\/et_pb_text][\/et_pb_column][et_pb_column type=&#8220;1_3&#8243; _builder_version=&#8220;4.18.0&#8243; custom_padding=&#8220;20px|20px||20px|false|false&#8220; border_width_top=&#8220;3px&#8220; border_color_top=&#8220;gcid-78580d7f-98e0-4ead-ab9d-862217e7e700&#8243; border_color_left=&#8220;gcid-78580d7f-98e0-4ead-ab9d-862217e7e700&#8243; global_colors_info=&#8220;{%22gcid-78580d7f-98e0-4ead-ab9d-862217e7e700%22:%91%22border_color_left%22,%22border_color_top%22%93}&#8220; custom_padding__hover=&#8220;|||&#8220;][et_pb_text admin_label=&#8220;Titolo Core Assy&#8220; _builder_version=&#8220;4.18.0&#8243; text_font=&#8220;Poppins||||||||&#8220; header_2_text_align=&#8220;center&#8220; custom_margin=&#8220;||20px||false|false&#8220; custom_padding=&#8220;||||false|false&#8220; border_color_top=&#8220;gcid-78580d7f-98e0-4ead-ab9d-862217e7e700&#8243; global_colors_info=&#8220;{%22gcid-78580d7f-98e0-4ead-ab9d-862217e7e700%22:%91%22border_color_top%22%93}&#8220;]<\/p>\n<h2>Umweltvertr\u00e4glichkeit<\/h2>\n<p>[\/et_pb_text][et_pb_image src=&#8220;https:\/\/depros.it\/wp-content\/uploads\/2026\/03\/Ecosostenibilita.png&#8220; alt=&#8220;Umweltvertr\u00e4glichkeit&#8220; title_text=&#8220;Umweltvertr\u00e4glichkeit&#8220; align=&#8220;center&#8220; align_tablet=&#8220;center&#8220; align_phone=&#8220;center&#8220; align_last_edited=&#8220;on|desktop&#8220; _builder_version=&#8220;4.27.6&#8243; module_alignment=&#8220;center&#8220; custom_margin=&#8220;||20px||false|false&#8220; box_shadow_style=&#8220;preset1&#8243; box_shadow_blur=&#8220;10px&#8220; box_shadow_spread=&#8220;-2px&#8220; global_colors_info=&#8220;{}&#8220;][\/et_pb_image][et_pb_text _builder_version=&#8220;4.18.0&#8243; text_font=&#8220;Poppins|300|||||||&#8220; text_font_size=&#8220;15px&#8220; header_2_text_align=&#8220;left&#8220; header_2_font_size=&#8220;18px&#8220; text_orientation=&#8220;justified&#8220; global_colors_info=&#8220;{}&#8220;]<\/p>\n<p style=\"text-align: left;\"><span>Reparaturen sind <\/span><strong>eine verantwortungsvolle Entscheidung<\/strong>, <span>die die Umweltbelastung durch den geringeren Verbrauch von Rohstoffen und Energie reduziert. DEPROS setzt auf Nachhaltigkeit und f\u00f6rdert die R\u00fcckgewinnung von Materialien sowie das Recycling von Versandverpackungen. Dies tr\u00e4gt zu einem effizienteren und umweltvertr\u00e4glicheren Produktionsmodell bei.<\/span><\/p>\n<p>[\/et_pb_text][\/et_pb_column][\/et_pb_row][\/et_pb_section]<\/p>\n","protected":false},"excerpt":{"rendered":"<p>DEPROS S.r.l., gegr\u00fcndet 1980, ist ein f\u00fchrender Name im Bereich wiederaufbereiteter Ersatzteile. Seit \u00fcber vierzig Jahren verfolgen wir ein klares Ziel: Fachleuten zuverl\u00e4ssige, zertifizierte und wettbewerbsf\u00e4hige L\u00f6sungen zu bieten. Unsere Erfahrung, kombiniert mit strengen Produktionsprozessen und Qualit\u00e4tskontrollen, erm\u00f6glicht es uns, hohe Standards und gleichbleibende Leistung zu garantieren. Jede Komponente wird im eigenen Haus gefertigt, montiert [&hellip;]<\/p>\n","protected":false},"author":1,"featured_media":0,"parent":0,"menu_order":1,"comment_status":"closed","ping_status":"closed","template":"","meta":{"_et_pb_use_builder":"on","_et_pb_old_content":"","_et_gb_content_width":"","footnotes":""},"class_list":["post-10479","page","type-page","status-publish","hentry"],"_links":{"self":[{"href":"https:\/\/depros.it\/de\/wp-json\/wp\/v2\/pages\/10479","targetHints":{"allow":["GET"]}}],"collection":[{"href":"https:\/\/depros.it\/de\/wp-json\/wp\/v2\/pages"}],"about":[{"href":"https:\/\/depros.it\/de\/wp-json\/wp\/v2\/types\/page"}],"author":[{"embeddable":true,"href":"https:\/\/depros.it\/de\/wp-json\/wp\/v2\/users\/1"}],"replies":[{"embeddable":true,"href":"https:\/\/depros.it\/de\/wp-json\/wp\/v2\/comments?post=10479"}],"version-history":[{"count":22,"href":"https:\/\/depros.it\/de\/wp-json\/wp\/v2\/pages\/10479\/revisions"}],"predecessor-version":[{"id":16639,"href":"https:\/\/depros.it\/de\/wp-json\/wp\/v2\/pages\/10479\/revisions\/16639"}],"wp:attachment":[{"href":"https:\/\/depros.it\/de\/wp-json\/wp\/v2\/media?parent=10479"}],"curies":[{"name":"wp","href":"https:\/\/api.w.org\/{rel}","templated":true}]}}